{"id":1261,"date":"2019-10-01T02:42:37","date_gmt":"2019-09-30T16:42:37","guid":{"rendered":"http:\/\/sw-themes.com\/porto_dummy\/?post_type=product&#038;p=1261"},"modified":"2025-12-10T18:07:44","modified_gmt":"2025-12-10T08:07:44","slug":"bequemer-pump-diabetesgurtel","status":"publish","type":"product","link":"https:\/\/www.diabete-ezy.com\/de\/produkt\/bequemer-pump-diabetesgurtel\/","title":{"rendered":"Comfy-Pump Diabetes-Pumpg\u00fcrtel"},"content":{"rendered":"<div class=\"wpb-content-wrapper\"><div class=\"vc_row wpb_row row top-row m-b-md wpb_custom_034b39d9bc6c6b310d69e39f0ccf274f\"><div class=\"vc_column_container col-md-12\"><div class=\"wpb_wrapper vc_column-inner\">\r\n\t<div class=\"wpb_text_column wpb_content_element wpb_custom_7c91d232724f73626cc933bd95b25ff0\" >\r\n\t\t<div class=\"wpb_wrapper\">\r\n\t\t\t<p>Die Diabetes-Pumpg\u00fcrtel von Comfy-Pump bestehen aus hochwertigem Lycra\/Nylon-Gewebe, das eng an Ihrer Taille\/H\u00fcfte anliegt. Jeder G\u00fcrtel verf\u00fcgt \u00fcber eine Reihe von Taschen, die es Ihnen erm\u00f6glichen, die Diabetespumpe dort zu platzieren, wo es Ihnen passt. In den zus\u00e4tzlichen Taschen k\u00f6nnen Sie Proviant f\u00fcr die Hypo-Behandlung, zus\u00e4tzliche Ausr\u00fcstung, ein Mobiltelefon oder sogar Geld transportieren.<\/p>\n<p>Comfy-Pump-G\u00fcrtel sind so bequem und diskret, dass Sie vergessen werden, dass sie \u00fcberhaupt da sind!<\/p>\n<p><strong>Geeignet f\u00fcr Pumpen, einschlie\u00dflich, aber nicht beschr\u00e4nkt auf:<\/strong><\/p>\n<ul>\n<li>Ypsomed<\/li>\n<li>Medtronic MiniMed 670G\/640G<\/li>\n<li>Tandem T-Slim<\/li>\n<li>Accu-Chek Solo<\/li>\n<li>Paradigma Veo<\/li>\n<\/ul>\n\r\n\t\t<\/div>\r\n\t<\/div>\r\n<\/div><\/div><\/div>\n<\/div>","protected":false},"excerpt":{"rendered":"<p>Die Diabete-ezy Comfy-pump Diabetes-Pumpg\u00fcrtel sind bequem, leicht und liegen eng an Ihrer Taille an, sodass Sie Ihre Diabetes-Pumpe diskret tragen k\u00f6nnen.<\/p>\n<ul>\n<li>Kaufen <a href=\"https:\/\/www.diabete-ezy.com\/de\/2er-pack-bequemer-pumpgurtel\/\">2er-Pack-Bundle<\/a> und sichern Sie sich einen Rabatt!<\/li>\n<li>Kaufen <a href=\"https:\/\/www.diabete-ezy.com\/de\/bequemer-pumpgurtel-im-3er-pack\/\">3er-Pack-Bundle<\/a> und sichern Sie sich einen Rabatt!<\/li>\n<\/ul>","protected":false},"featured_media":53620,"comment_status":"open","ping_status":"closed","template":"","meta":[],"product_brand":[],"product_cat":[90],"product_tag":[196],"class_list":{"0":"post-1261","1":"product","2":"type-product","3":"status-publish","4":"has-post-thumbnail","6":"product_cat-insulin-pump-accessories","7":"product_tag-insulin-pump-accesories","9":"first","10":"instock","11":"taxable","12":"shipping-taxable","13":"purchasable","14":"product-type-variable","15":"has-default-attributes"},"_links":{"self":[{"href":"https:\/\/www.diabete-ezy.com\/de\/wp-json\/wp\/v2\/product\/1261","targetHints":{"allow":["GET"]}}],"collection":[{"href":"https:\/\/www.diabete-ezy.com\/de\/wp-json\/wp\/v2\/product"}],"about":[{"href":"https:\/\/www.diabete-ezy.com\/de\/wp-json\/wp\/v2\/types\/product"}],"replies":[{"embeddable":true,"href":"https:\/\/www.diabete-ezy.com\/de\/wp-json\/wp\/v2\/comments?post=1261"}],"wp:featuredmedia":[{"embeddable":true,"href":"https:\/\/www.diabete-ezy.com\/de\/wp-json\/wp\/v2\/media\/53620"}],"wp:attachment":[{"href":"https:\/\/www.diabete-ezy.com\/de\/wp-json\/wp\/v2\/media?parent=1261"}],"wp:term":[{"taxonomy":"product_brand","embeddable":true,"href":"https:\/\/www.diabete-ezy.com\/de\/wp-json\/wp\/v2\/product_brand?post=1261"},{"taxonomy":"product_cat","embeddable":true,"href":"https:\/\/www.diabete-ezy.com\/de\/wp-json\/wp\/v2\/product_cat?post=1261"},{"taxonomy":"product_tag","embeddable":true,"href":"https:\/\/www.diabete-ezy.com\/de\/wp-json\/wp\/v2\/product_tag?post=1261"}],"curies":[{"name":"wp","href":"https:\/\/api.w.org\/{rel}","templated":true}]}}