{"id":2501,"date":"2019-10-03T22:45:33","date_gmt":"2019-10-03T12:45:33","guid":{"rendered":"https:\/\/www.diabete-ezy.com\/?post_type=product&#038;p=2501"},"modified":"2025-12-10T18:08:00","modified_gmt":"2025-12-10T08:08:00","slug":"2-stuck-ezy-view-bequemer-pumpgurtel","status":"publish","type":"product","link":"https:\/\/www.diabete-ezy.com\/de\/produkt\/2-stuck-ezy-view-bequemer-pumpgurtel\/","title":{"rendered":"2er-Pack Ezy-view Comfy-Pump-G\u00fcrtel"},"content":{"rendered":"<div class=\"wpb-content-wrapper\"><div class=\"vc_row wpb_row row top-row m-b-md wpb_custom_034b39d9bc6c6b310d69e39f0ccf274f\"><div class=\"vc_column_container col-md-12\"><div class=\"wpb_wrapper vc_column-inner\">\r\n\t<div class=\"wpb_text_column wpb_content_element wpb_custom_7c91d232724f73626cc933bd95b25ff0\" >\r\n\t\t<div class=\"wpb_wrapper\">\r\n\t\t\t<p>Unsere neuen Ezy-view Comfy-pump Diabetes-Pumpg\u00fcrtel mit Mesh-Sichtfeldern bestehen aus dem gleichen hochwertigen Lycra\/Nylon-Gewebe, das eng an Ihrer Taille\/H\u00fcfte anliegt und \u00fcber die gleichen gro\u00dfartigen bequemen und leichten Eigenschaften verf\u00fcgt wie der originale Comfy-pump-G\u00fcrtel , mit zus\u00e4tzlicher Mesh-Sichtplatte. Dieses Mesh-Sichtfeld befindet sich an einer der zahlreichen G\u00fcrteltaschen. Wenn Sie Ihre Diabetespumpe in die daf\u00fcr vorgesehene Netztasche stecken, k\u00f6nnen Sie Ihre Pumpe problemlos sehen und bedienen. Mit dieser cleveren Funktion k\u00f6nnen Sie verzehrte Lebensmittel diskret eingeben und Korrekturen vornehmen, ohne sie m\u00fchsam vom G\u00fcrtel nehmen zu m\u00fcssen.<\/p>\n<p>Jeder G\u00fcrtel verf\u00fcgt \u00fcber eine Reihe von Taschen, in denen Sie neben Ihrer Diabetes-Pumpe auch Lebensmittel f\u00fcr die Hypo-Behandlung, zus\u00e4tzliche Ausr\u00fcstung, ein Mobiltelefon oder sogar Geld transportieren k\u00f6nnen. Die Anzahl der Taschen in jedem G\u00fcrtel variiert je nach Gr\u00f6\u00dfe (der X-Small-G\u00fcrtel hat 3 Taschen, w\u00e4hrend der X-Large-G\u00fcrtel 6 hat).<\/p>\n<p>\u00c4hnliche Produkte auf dem Markt sind einengend, unbequem und hinterlassen eine deutlich sichtbare Beule unter Ihrem Hemd. Aber Ezy-view Comfy-Pumpg\u00fcrtel sind so bequem und dezent, dass Sie vergessen werden, dass sie \u00fcberhaupt da sind und andere es nicht einmal bemerken!<\/p>\n<p><strong>Farben<\/strong><\/p>\n<p>Erh\u00e4ltlich in Schwarz und Nude. Beide Farben verf\u00fcgen \u00fcber ein schwarzes Mesh-Sichtfeld, das f\u00fcr zus\u00e4tzliche Sichtbarkeit sorgt.<\/p>\n<p><strong>Geeignet f\u00fcr Pumpen, einschlie\u00dflich, aber nicht beschr\u00e4nkt auf:<\/strong><\/p>\n<ul>\n<li>Ypsomed<\/li>\n<li>Medtronic MiniMed 670G\/640G<\/li>\n<li>Tandem T-Slim<\/li>\n<li>Accu-Chek Solo<\/li>\n<li>Paradigma Veo<\/li>\n<\/ul>\n\r\n\t\t<\/div>\r\n\t<\/div>\r\n<\/div><\/div><\/div>\n<\/div>","protected":false},"excerpt":{"rendered":"<p>Der Ezy-View Comfy-pump Diabetes-Pumpeng\u00fcrtel verf\u00fcgt \u00fcber ein Netz-Sichtfeld, das eng um Ihre Taille\/H\u00fcfte passt und Ihre Diabetes-Pumpe bequem tr\u00e4gt.<\/p>\n<p>&nbsp;<\/p>\n<ul>\n<li>Kaufen <a href=\"https:\/\/www.diabete-ezy.com\/de\/ezy-view-pumpengurtel\/\">1 Ezy-view Comfy-Pump-G\u00fcrtel<\/a>.<\/li>\n<li>Kaufen <a href=\"https:\/\/www.diabete-ezy.com\/de\/3er-pack-ezy-view-bequemer-pumpgurtel\/\">3er-Pack-Bundle<\/a> und sichern Sie sich einen Rabatt!<\/li>\n<\/ul>","protected":false},"featured_media":53632,"comment_status":"open","ping_status":"closed","template":"","meta":[],"product_brand":[],"product_cat":[90],"product_tag":[196],"class_list":{"0":"post-2501","1":"product","2":"type-product","3":"status-publish","4":"has-post-thumbnail","6":"product_cat-insulin-pump-accessories","7":"product_tag-insulin-pump-accesories","9":"first","10":"instock","11":"taxable","12":"shipping-taxable","13":"purchasable","14":"product-type-variable"},"_links":{"self":[{"href":"https:\/\/www.diabete-ezy.com\/de\/wp-json\/wp\/v2\/product\/2501","targetHints":{"allow":["GET"]}}],"collection":[{"href":"https:\/\/www.diabete-ezy.com\/de\/wp-json\/wp\/v2\/product"}],"about":[{"href":"https:\/\/www.diabete-ezy.com\/de\/wp-json\/wp\/v2\/types\/product"}],"replies":[{"embeddable":true,"href":"https:\/\/www.diabete-ezy.com\/de\/wp-json\/wp\/v2\/comments?post=2501"}],"wp:featuredmedia":[{"embeddable":true,"href":"https:\/\/www.diabete-ezy.com\/de\/wp-json\/wp\/v2\/media\/53632"}],"wp:attachment":[{"href":"https:\/\/www.diabete-ezy.com\/de\/wp-json\/wp\/v2\/media?parent=2501"}],"wp:term":[{"taxonomy":"product_brand","embeddable":true,"href":"https:\/\/www.diabete-ezy.com\/de\/wp-json\/wp\/v2\/product_brand?post=2501"},{"taxonomy":"product_cat","embeddable":true,"href":"https:\/\/www.diabete-ezy.com\/de\/wp-json\/wp\/v2\/product_cat?post=2501"},{"taxonomy":"product_tag","embeddable":true,"href":"https:\/\/www.diabete-ezy.com\/de\/wp-json\/wp\/v2\/product_tag?post=2501"}],"curies":[{"name":"wp","href":"https:\/\/api.w.org\/{rel}","templated":true}]}}