{"id":2521,"date":"2019-10-03T23:17:39","date_gmt":"2019-10-03T13:17:39","guid":{"rendered":"https:\/\/www.diabete-ezy.com\/?post_type=product&#038;p=2521"},"modified":"2025-12-10T18:08:00","modified_gmt":"2025-12-10T08:08:00","slug":"strumpfband-diabetes-pumpenband","status":"publish","type":"product","link":"https:\/\/www.diabete-ezy.com\/de\/produkt\/strumpfband-diabetes-pumpenband\/","title":{"rendered":"Strumpfbandpumpe \u2013 Diabetes-Pumpband"},"content":{"rendered":"<div class=\"wpb-content-wrapper\"><div class=\"vc_row wpb_row row top-row m-b-md wpb_custom_034b39d9bc6c6b310d69e39f0ccf274f\"><div class=\"vc_column_container col-md-12\"><div class=\"wpb_wrapper vc_column-inner\">\r\n\t<div class=\"wpb_text_column wpb_content_element wpb_custom_7c91d232724f73626cc933bd95b25ff0\" >\r\n\t\t<div class=\"wpb_wrapper\">\r\n\t\t\t<p>Unsere bequemen, diskreten und leicht zu befestigenden Straps-Pump-B\u00e4nder bieten eine einfache L\u00f6sung f\u00fcr das gleichzeitige Tragen eines Kleides und einer Diabetes-Pumpe. Der Garter-Pump wird um den Oberschenkel getragen und mit elastischen B\u00e4ndern befestigt, die sich leicht und dezent \u00fcber Ihre Unterw\u00e4sche falten lassen.<\/p>\n<p><strong>Gr\u00f6\u00dfen und Farben<\/strong><\/p>\n<p>Eine Einheitsgr\u00f6\u00dfe passt den meisten, mit einem minimalen Oberschenkelumfang von 47 cm. Diabete-ezy Strumpfband-Pumpb\u00e4nder sind in den Farben Schwarz und Nude erh\u00e4ltlich.<\/p>\n<p>Geeignet f\u00fcr Produkte, einschlie\u00dflich, aber nicht beschr\u00e4nkt auf:<\/p>\n<ul>\n<li>Ypsomed<\/li>\n<li>Medtronic MiniMed 670G\/640G<\/li>\n<li>Tandem T-Slim<\/li>\n<li>Accu-Chek Solo<\/li>\n<li>Paradigma Veo<\/li>\n<\/ul>\n\r\n\t\t<\/div>\r\n\t<\/div>\r\n<\/div><\/div><\/div>\n<\/div>","protected":false},"excerpt":{"rendered":"<p>Bequem, diskret und einfach zu befestigen \u2013 unser Strumpfband-Diabetes-Pumpband bietet eine einfache L\u00f6sung f\u00fcr das gleichzeitige Tragen eines Kleides und einer Diabetes-Pumpe.<\/p>","protected":false},"featured_media":53609,"comment_status":"open","ping_status":"closed","template":"","meta":[],"product_brand":[],"product_cat":[90],"product_tag":[196],"class_list":{"0":"post-2521","1":"product","2":"type-product","3":"status-publish","4":"has-post-thumbnail","6":"product_cat-insulin-pump-accessories","7":"product_tag-insulin-pump-accesories","9":"first","10":"instock","11":"taxable","12":"shipping-taxable","13":"purchasable","14":"product-type-variable"},"_links":{"self":[{"href":"https:\/\/www.diabete-ezy.com\/de\/wp-json\/wp\/v2\/product\/2521","targetHints":{"allow":["GET"]}}],"collection":[{"href":"https:\/\/www.diabete-ezy.com\/de\/wp-json\/wp\/v2\/product"}],"about":[{"href":"https:\/\/www.diabete-ezy.com\/de\/wp-json\/wp\/v2\/types\/product"}],"replies":[{"embeddable":true,"href":"https:\/\/www.diabete-ezy.com\/de\/wp-json\/wp\/v2\/comments?post=2521"}],"wp:featuredmedia":[{"embeddable":true,"href":"https:\/\/www.diabete-ezy.com\/de\/wp-json\/wp\/v2\/media\/53609"}],"wp:attachment":[{"href":"https:\/\/www.diabete-ezy.com\/de\/wp-json\/wp\/v2\/media?parent=2521"}],"wp:term":[{"taxonomy":"product_brand","embeddable":true,"href":"https:\/\/www.diabete-ezy.com\/de\/wp-json\/wp\/v2\/product_brand?post=2521"},{"taxonomy":"product_cat","embeddable":true,"href":"https:\/\/www.diabete-ezy.com\/de\/wp-json\/wp\/v2\/product_cat?post=2521"},{"taxonomy":"product_tag","embeddable":true,"href":"https:\/\/www.diabete-ezy.com\/de\/wp-json\/wp\/v2\/product_tag?post=2521"}],"curies":[{"name":"wp","href":"https:\/\/api.w.org\/{rel}","templated":true}]}}