{"id":2537,"date":"2019-10-03T23:40:52","date_gmt":"2019-10-03T13:40:52","guid":{"rendered":"https:\/\/www.diabete-ezy.com\/?post_type=product&#038;p=2537"},"modified":"2025-12-10T18:12:44","modified_gmt":"2025-12-10T08:12:44","slug":"multi-pflegepaket","status":"publish","type":"product","link":"https:\/\/www.diabete-ezy.com\/de\/produkt\/multi-pflegepaket\/","title":{"rendered":"Multi-Care-Paket"},"content":{"rendered":"<div class=\"wpb-content-wrapper\"><div class=\"vc_row wpb_row row top-row m-b-md wpb_custom_034b39d9bc6c6b310d69e39f0ccf274f\"><div class=\"vc_column_container col-md-12\"><div class=\"wpb_wrapper vc_column-inner\">\r\n\t<div class=\"wpb_text_column wpb_content_element wpb_custom_7c91d232724f73626cc933bd95b25ff0\" >\r\n\t\t<div class=\"wpb_wrapper\">\r\n\t\t\t<p><strong>was ist inbegriffen<\/strong><\/p>\n<p>Das Diabete-ezy Multi-Care Pack enth\u00e4lt:<\/p>\n<ul>\n<li>1 x Diabete-ezy Multi-Fit-Koffer<\/li>\n<\/ul>\n<p>Multi-Fit-H\u00fcllen sind sowohl f\u00fcr Typ-1- als auch f\u00fcr Typ-2-Diabetiker geeignet. Das Au\u00dfengeh\u00e4use besteht aus einem robusten, leicht zu reinigenden Material und verf\u00fcgt \u00fcber einen Trageschlaufe. Klettverschluss und elastische Elemente sorgen daf\u00fcr, dass die Ausr\u00fcstung an Ort und Stelle bleibt.<\/p>\n<ul>\n<li>1 x Diabete-ezy Comfy-Pump-G\u00fcrtel<\/li>\n<\/ul>\n<p>Comfy-Pump-G\u00fcrtel sind bequem und leicht. Sie liegen eng an Ihrer Taille\/H\u00fcfte an, sodass Sie Ihre Diabetespumpe in einer der integrierten Taschen diskret unter Ihrer Kleidung tragen k\u00f6nnen.<\/p>\n<ul>\n<li>1 x Diabete-ezy Test-Wipe-Starterpaket<\/li>\n<\/ul>\n<p>Diabete-ezy Test-T\u00fccher sind alkoholfrei und werden verwendet, um Essens- und Schmutzr\u00fcckst\u00e4nde vor einer Blutzuckermessung und \u00fcbersch\u00fcssiges Blut nach der Messung zu entfernen. Die Starterpakete werden komplett mit einer benutzerfreundlichen Spenderbox und 100 Testt\u00fcchern geliefert, um eine zuverl\u00e4ssige Blutzuckermessung zu gew\u00e4hrleisten, egal wo Sie sich befinden.<\/p>\n<ul>\n<li>1 x Nachf\u00fcllpackung f\u00fcr Diabete-ezy Testt\u00fccher<\/li>\n<\/ul>\n<p>Nachf\u00fcllpackungen bestehen aus 8 x 25 Nachf\u00fcllt\u00fcchern, also insgesamt 200 T\u00fcchern. Diese 8 Nachf\u00fcllbeh\u00e4lter sind mit Folie versiegelt, damit die T\u00fccher bis zum Gebrauch feucht bleiben.<\/p>\n<ul>\n<li>1 x Diabete-ezy Pump-Logbuch<\/li>\n<\/ul>\n<p>Das Pump Log Record Book ist f\u00fcr Benutzer von Diabetespumpen sehr n\u00fctzlich, um den \u00dcberblick \u00fcber ihre t\u00e4glichen Routinen und Muster zu behalten und so bei der effektiven Diabetesbehandlung zu helfen.<\/p>\n<p>Das Geh\u00e4use passt zu den meisten Blutzuckermessger\u00e4ten, darunter:<\/p>\n<ul>\n<li>Abbott, Optium , Senso Card, CareSens, TrueTrack<\/li>\n<\/ul>\n\r\n\t\t<\/div>\r\n\t<\/div>\r\n<\/div><\/div><\/div>\n<\/div>","protected":false},"excerpt":{"rendered":"<p>Helfen Sie dabei, Ihren Diabetes besser in den Griff zu bekommen, mit dem Multi-Care-Paket, das einen Multi-Fit-Koffer, einen bequemen Pumpeng\u00fcrtel, Testt\u00fccher und ein Diabetes-Tagebuch enth\u00e4lt.<\/p>","protected":false},"featured_media":53571,"comment_status":"open","ping_status":"closed","template":"","meta":[],"product_brand":[],"product_cat":[86,88,90,105,107],"product_tag":[196],"class_list":{"0":"post-2537","1":"product","2":"type-product","3":"status-publish","4":"has-post-thumbnail","6":"product_cat-diabetes-cases","7":"product_cat-diabetes-cleaning-wipes","8":"product_cat-insulin-pump-accessories","9":"product_cat-log-books","10":"product_cat-specials","11":"product_tag-insulin-pump-accesories","13":"first","14":"instock","15":"sale","16":"taxable","17":"shipping-taxable","18":"purchasable","19":"product-type-variable"},"_links":{"self":[{"href":"https:\/\/www.diabete-ezy.com\/de\/wp-json\/wp\/v2\/product\/2537","targetHints":{"allow":["GET"]}}],"collection":[{"href":"https:\/\/www.diabete-ezy.com\/de\/wp-json\/wp\/v2\/product"}],"about":[{"href":"https:\/\/www.diabete-ezy.com\/de\/wp-json\/wp\/v2\/types\/product"}],"replies":[{"embeddable":true,"href":"https:\/\/www.diabete-ezy.com\/de\/wp-json\/wp\/v2\/comments?post=2537"}],"wp:featuredmedia":[{"embeddable":true,"href":"https:\/\/www.diabete-ezy.com\/de\/wp-json\/wp\/v2\/media\/53571"}],"wp:attachment":[{"href":"https:\/\/www.diabete-ezy.com\/de\/wp-json\/wp\/v2\/media?parent=2537"}],"wp:term":[{"taxonomy":"product_brand","embeddable":true,"href":"https:\/\/www.diabete-ezy.com\/de\/wp-json\/wp\/v2\/product_brand?post=2537"},{"taxonomy":"product_cat","embeddable":true,"href":"https:\/\/www.diabete-ezy.com\/de\/wp-json\/wp\/v2\/product_cat?post=2537"},{"taxonomy":"product_tag","embeddable":true,"href":"https:\/\/www.diabete-ezy.com\/de\/wp-json\/wp\/v2\/product_tag?post=2537"}],"curies":[{"name":"wp","href":"https:\/\/api.w.org\/{rel}","templated":true}]}}