{"id":2574,"date":"2019-10-04T02:14:23","date_gmt":"2019-10-03T16:14:23","guid":{"rendered":"https:\/\/www.diabete-ezy.com\/?post_type=product&#038;p=2574"},"modified":"2025-12-10T18:13:53","modified_gmt":"2025-12-10T08:13:53","slug":"multi-fit-hulle","status":"publish","type":"product","link":"https:\/\/www.diabete-ezy.com\/de\/produkt\/multi-fit-hulle\/","title":{"rendered":"Multi-Fit-Koffer"},"content":{"rendered":"<div class=\"wpb-content-wrapper\"><div class=\"vc_row wpb_row row top-row m-b-md wpb_custom_034b39d9bc6c6b310d69e39f0ccf274f\"><div class=\"vc_column_container col-md-12\"><div class=\"wpb_wrapper vc_column-inner\">\r\n\t<div class=\"wpb_text_column wpb_content_element wpb_custom_7c91d232724f73626cc933bd95b25ff0\" >\r\n\t\t<div class=\"wpb_wrapper\">\r\n\t\t\t<p>Das stilvolle Multi-fit-Case bietet alles, was das Ezy-fit-Case bietet, und noch viel mehr. Dieses neue Design ist sowohl f\u00fcr Typ-1- als auch Typ-2-Diabetiker geeignet. Die Au\u00dfenh\u00fclle besteht aus einem robusten, leicht zu reinigenden Material mit einem Trageschlaufengriff, w\u00e4hrend Klettverschl\u00fcsse und elastische Elemente zum Fixieren der Ausr\u00fcstung verwendet werden.<\/p>\n<p>Im oberen Fach befinden sich ein Blutzuckermessger\u00e4t, 2 Pen-Nadeln, Folien- oder Kanisterteststreifen, ein Lanzettenger\u00e4t, Medikamentenfl\u00e4schchen, Testt\u00fccher, ein Tagebuch, ein personalisierter Managementplan in Kartengr\u00f6\u00dfe, ein Kugelschreiber, eine Nadel und Lanzettenspitzen. sowie einen M\u00fclleimer. Das Fach darunter bietet Platz f\u00fcr Pumpenverbrauchsmaterialien, ein GlucaGen-Hypokit, Gummib\u00e4rchen oder Lebensmittel f\u00fcr Hypo-Behandlungen, Ersatzbatterien, Testt\u00fccher, Teststreifen, andere Medikamente oder sogar Geld und Kreditkarten.<\/p>\n<p>Das Geh\u00e4use passt zu den meisten Blutzuckermessger\u00e4ten, darunter:<\/p>\n<ul>\n<li>Abbott, Optium , Senso Card, CareSens, TrueTrack<\/li>\n<\/ul>\n<p>Endlich kann wirklich alles an einem Ort aufbewahrt werden.<\/p>\n\r\n\t\t<\/div>\r\n\t<\/div>\r\n\r\n\t<div class=\"wpb_single_image wpb_content_element vc_align_center wpb_content_element  wpb_custom_81a4f7ef9830bf958462581aa01150fb\"><div class=\"wpb_wrapper\">\r\n\t\t\t\r\n\t\t\t<div class=\"vc_single_image-wrapper vc_box_shadow_border  vc_box_border_grey\"><img decoding=\"async\" width=\"600\" height=\"395\" src=\"https:\/\/www.diabete-ezy.com\/wp-content\/uploads\/2019\/10\/Multi-fit-with-labels.jpg\" class=\"vc_single_image-img attachment-full\" alt=\"\" title=\"Multi-fit-with-labels\" srcset=\"https:\/\/www.diabete-ezy.com\/wp-content\/uploads\/2019\/10\/Multi-fit-with-labels.jpg 600w, https:\/\/www.diabete-ezy.com\/wp-content\/uploads\/2019\/10\/Multi-fit-with-labels-400x263.jpg 400w, https:\/\/www.diabete-ezy.com\/wp-content\/uploads\/2019\/10\/Multi-fit-with-labels-367x242.jpg 367w\" sizes=\"(max-width: 600px) 100vw, 600px\" \/><\/div>\r\n\t\t<\/div>\r\n\t<\/div>\r\n<\/div><\/div><\/div>\n<\/div>","protected":false},"excerpt":{"rendered":"<p>Der elegante Multi-Fit-Koffer bietet Platz f\u00fcr alles, was das Ezy-Fit mit sich bringt, und noch viel mehr, einschlie\u00dflich Pumpenzubeh\u00f6r und Verbrauchsmaterialien, der Diabetes-Koffer, der Ihren t\u00e4glichen Bedarf deckt.<\/p>","protected":false},"featured_media":53573,"comment_status":"open","ping_status":"closed","template":"","meta":[],"product_brand":[],"product_cat":[86],"product_tag":[269,270,271,281],"class_list":{"0":"post-2574","1":"product","2":"type-product","3":"status-publish","4":"has-post-thumbnail","6":"product_cat-diabetes-cases","7":"product_tag-diabetes-bag","8":"product_tag-diabetes-case","9":"product_tag-diabetes-management","10":"product_tag-multi-fit-case","12":"first","13":"instock","14":"taxable","15":"shipping-taxable","16":"purchasable","17":"product-type-variable"},"_links":{"self":[{"href":"https:\/\/www.diabete-ezy.com\/de\/wp-json\/wp\/v2\/product\/2574","targetHints":{"allow":["GET"]}}],"collection":[{"href":"https:\/\/www.diabete-ezy.com\/de\/wp-json\/wp\/v2\/product"}],"about":[{"href":"https:\/\/www.diabete-ezy.com\/de\/wp-json\/wp\/v2\/types\/product"}],"replies":[{"embeddable":true,"href":"https:\/\/www.diabete-ezy.com\/de\/wp-json\/wp\/v2\/comments?post=2574"}],"wp:featuredmedia":[{"embeddable":true,"href":"https:\/\/www.diabete-ezy.com\/de\/wp-json\/wp\/v2\/media\/53573"}],"wp:attachment":[{"href":"https:\/\/www.diabete-ezy.com\/de\/wp-json\/wp\/v2\/media?parent=2574"}],"wp:term":[{"taxonomy":"product_brand","embeddable":true,"href":"https:\/\/www.diabete-ezy.com\/de\/wp-json\/wp\/v2\/product_brand?post=2574"},{"taxonomy":"product_cat","embeddable":true,"href":"https:\/\/www.diabete-ezy.com\/de\/wp-json\/wp\/v2\/product_cat?post=2574"},{"taxonomy":"product_tag","embeddable":true,"href":"https:\/\/www.diabete-ezy.com\/de\/wp-json\/wp\/v2\/product_tag?post=2574"}],"curies":[{"name":"wp","href":"https:\/\/api.w.org\/{rel}","templated":true}]}}