{"id":2594,"date":"2019-10-04T02:37:55","date_gmt":"2019-10-03T16:37:55","guid":{"rendered":"https:\/\/www.diabete-ezy.com\/?post_type=product&#038;p=2594"},"modified":"2025-12-10T18:12:55","modified_gmt":"2025-12-10T08:12:55","slug":"ezy-pflegepaket","status":"publish","type":"product","link":"https:\/\/www.diabete-ezy.com\/de\/produkt\/ezy-pflegepaket\/","title":{"rendered":"Ezy-Care-Paket"},"content":{"rendered":"<div class=\"wpb-content-wrapper\"><div class=\"vc_row wpb_row row top-row m-b-md wpb_custom_034b39d9bc6c6b310d69e39f0ccf274f\"><div class=\"vc_column_container col-md-12\"><div class=\"wpb_wrapper vc_column-inner\">\r\n\t<div class=\"wpb_text_column wpb_content_element wpb_custom_7c91d232724f73626cc933bd95b25ff0\" >\r\n\t\t<div class=\"wpb_wrapper\">\r\n\t\t\t<p><strong>was ist inbegriffen<\/strong><\/p>\n<p>Diabete-ezy Ezy-care Pack enth\u00e4lt:<\/p>\n<ul>\n<li>1 x Diabete-ezy Ezy-fit-H\u00fclle<\/li>\n<\/ul>\n<p>Der Ezy-Fit-Koffer bietet alles, was Sie f\u00fcr den t\u00e4glichen Diabetesbedarf ben\u00f6tigen, an einem Ort. Das Au\u00dfengeh\u00e4use besteht aus einem strapazierf\u00e4higen, leicht zu reinigenden Hartschalenmaterial.<\/p>\n<ul>\n<li>1 x Diabete-ezy Test-Wipe-Starterpaket<\/li>\n<\/ul>\n<p>Diabete-ezy Test-T\u00fccher sind alkoholfrei und werden verwendet, um Essens- und Schmutzr\u00fcckst\u00e4nde vor einer Blutzuckermessung und \u00fcbersch\u00fcssiges Blut nach der Messung zu entfernen. Die Starterpakete werden komplett mit einer benutzerfreundlichen Spenderbox und 100 Testt\u00fcchern geliefert, um eine zuverl\u00e4ssige Blutzuckermessung zu gew\u00e4hrleisten, egal wo Sie sich befinden.<\/p>\n<ul>\n<li>1 x Nachf\u00fcllpackung f\u00fcr Diabete-ezy Testt\u00fccher<\/li>\n<\/ul>\n<p>Nachf\u00fcllpackungen bestehen aus 8 x 25 Nachf\u00fcllt\u00fcchern, also insgesamt 200 T\u00fcchern. Diese 8 Nachf\u00fcllbeh\u00e4lter sind mit Folie versiegelt, damit die T\u00fccher bis zum Gebrauch feucht bleiben.<\/p>\n<ul>\n<li>1 x Diabete-ezy Dia-log-it-Buch<\/li>\n<\/ul>\n<p>Das Dia-log-it-Tagebuch ist sehr n\u00fctzlich, um den \u00dcberblick \u00fcber Ihren Tagesablauf zu behalten, da bei Diabetes so viele Dinge Einfluss auf Ihren K\u00f6rper haben.<\/p>\n<p>Das Geh\u00e4use passt zu den meisten Blutzuckermessger\u00e4ten, darunter:<\/p>\n<ul>\n<li>Abbott, Optium , Senso Card, CareSens, TrueTrack<\/li>\n<\/ul>\n\r\n\t\t<\/div>\r\n\t<\/div>\r\n<\/div><\/div><\/div>\n<p>&nbsp;<\/p>\n<p>&nbsp;<\/p>\n<p>&nbsp;<\/p>\n<p>&nbsp;<\/p>\n<\/div>","protected":false},"excerpt":{"rendered":"<p>Helfen Sie dabei, Ihren Diabetes besser in den Griff zu bekommen, mit dem Ezy-Care-Paket, das einen Ezy-Fit-Koffer, Diabetes-Testt\u00fccher und ein Diabetes-Tagebuch enth\u00e4lt.<\/p>\n<p>&nbsp;<\/p>\n<p>&nbsp;<\/p>\n<p>&nbsp;<\/p>\n<p>&nbsp;<\/p>","protected":false},"featured_media":53566,"comment_status":"open","ping_status":"closed","template":"","meta":[],"product_brand":[],"product_cat":[86,88,105,107],"product_tag":[269,270,196,286,287],"class_list":{"0":"post-2594","1":"product","2":"type-product","3":"status-publish","4":"has-post-thumbnail","6":"product_cat-diabetes-cases","7":"product_cat-diabetes-cleaning-wipes","8":"product_cat-log-books","9":"product_cat-specials","10":"product_tag-diabetes-bag","11":"product_tag-diabetes-case","12":"product_tag-insulin-pump-accesories","13":"product_tag-log-book","14":"product_tag-record-book","16":"first","17":"instock","18":"sale","19":"taxable","20":"shipping-taxable","21":"purchasable","22":"product-type-variable"},"_links":{"self":[{"href":"https:\/\/www.diabete-ezy.com\/de\/wp-json\/wp\/v2\/product\/2594","targetHints":{"allow":["GET"]}}],"collection":[{"href":"https:\/\/www.diabete-ezy.com\/de\/wp-json\/wp\/v2\/product"}],"about":[{"href":"https:\/\/www.diabete-ezy.com\/de\/wp-json\/wp\/v2\/types\/product"}],"replies":[{"embeddable":true,"href":"https:\/\/www.diabete-ezy.com\/de\/wp-json\/wp\/v2\/comments?post=2594"}],"wp:featuredmedia":[{"embeddable":true,"href":"https:\/\/www.diabete-ezy.com\/de\/wp-json\/wp\/v2\/media\/53566"}],"wp:attachment":[{"href":"https:\/\/www.diabete-ezy.com\/de\/wp-json\/wp\/v2\/media?parent=2594"}],"wp:term":[{"taxonomy":"product_brand","embeddable":true,"href":"https:\/\/www.diabete-ezy.com\/de\/wp-json\/wp\/v2\/product_brand?post=2594"},{"taxonomy":"product_cat","embeddable":true,"href":"https:\/\/www.diabete-ezy.com\/de\/wp-json\/wp\/v2\/product_cat?post=2594"},{"taxonomy":"product_tag","embeddable":true,"href":"https:\/\/www.diabete-ezy.com\/de\/wp-json\/wp\/v2\/product_tag?post=2594"}],"curies":[{"name":"wp","href":"https:\/\/api.w.org\/{rel}","templated":true}]}}