{"id":2632,"date":"2019-10-04T18:56:34","date_gmt":"2019-10-04T08:56:34","guid":{"rendered":"https:\/\/www.diabete-ezy.com\/?post_type=product&#038;p=2632"},"modified":"2025-12-10T18:13:12","modified_gmt":"2025-12-10T08:13:12","slug":"testtuch-multi-special","status":"publish","type":"product","link":"https:\/\/www.diabete-ezy.com\/de\/produkt\/testtuch-multi-special\/","title":{"rendered":"Probewischen Multi Special"},"content":{"rendered":"<div class=\"wpb-content-wrapper\"><div class=\"vc_row wpb_row row top-row m-b-md wpb_custom_034b39d9bc6c6b310d69e39f0ccf274f\"><div class=\"vc_column_container col-md-12\"><div class=\"wpb_wrapper vc_column-inner\">\r\n\t<div class=\"wpb_text_column wpb_content_element wpb_custom_7c91d232724f73626cc933bd95b25ff0\" >\r\n\t\t<div class=\"wpb_wrapper\">\r\n\t\t\t<p>Organisieren Sie sich und haben Sie alles N\u00f6tige mit diesem Bundle-Paket zum reduzierten Preis dabei und sparen Sie \u00fcber 12%.<\/p>\n<p>Diabete-ezy Test-Wipe Multi Special enth\u00e4lt:<\/p>\n<ul>\n<li>1 x Diabete-ezy Multi-Fit-Koffer<\/li>\n<\/ul>\n<p>Multi-Fit-H\u00fcllen sind sowohl f\u00fcr Typ-1- als auch f\u00fcr Typ-2-Diabetiker geeignet. Die Au\u00dfenh\u00fclle besteht aus einem robusten, leicht zu reinigenden Material mit einem Trageschlaufengriff, w\u00e4hrend Klettverschl\u00fcsse und elastische Elemente zum Fixieren der Ausr\u00fcstung verwendet werden.<\/p>\n<ul>\n<li>2 x Diabete-ezy Test-Wipe Nachf\u00fcllboxen<\/li>\n<\/ul>\n<p>Diabete-ezy Test-T\u00fccher sind alkoholfrei und werden verwendet, um Essens- und Schmutzr\u00fcckst\u00e4nde vor einer Blutzuckermessung und \u00fcbersch\u00fcssiges Blut nach der Messung zu entfernen. Nachf\u00fcllpackungen bestehen aus 8 x 25 Nachf\u00fcllt\u00fcchern, also insgesamt 200 T\u00fcchern. Diese 8 Nachf\u00fcllbeh\u00e4lter sind mit Folie versiegelt, damit die T\u00fccher bis zum Gebrauch feucht bleiben.<\/p>\n<p>Mit KOSTENLOS:<\/p>\n<ul>\n<li>1 x Diabete-ezy Test-Wipe-Starterpaket<\/li>\n<\/ul>\n<p>Die Starterpakete werden komplett mit einer benutzerfreundlichen Spenderbox und 100 Testt\u00fcchern geliefert, um eine zuverl\u00e4ssige Blutzuckermessung zu gew\u00e4hrleisten, egal wo Sie sich befinden.<\/p>\n<ul>\n<li>1 x Diabete-ezy Dia-log-it\/Pump-Logbuch<\/li>\n<\/ul>\n<p>Das Dia-log-it-Tagebuch ist sehr n\u00fctzlich, um den \u00dcberblick \u00fcber Ihren Tagesablauf zu behalten, da bei Diabetes so viele Dinge Einfluss auf Ihren K\u00f6rper haben. Das Pump Log Record Book ist f\u00fcr Benutzer von Diabetespumpen sehr n\u00fctzlich, um den \u00dcberblick \u00fcber ihre t\u00e4glichen Routinen und Muster zu behalten und so bei der effektiven Diabetesbehandlung zu helfen.<\/p>\n\r\n\t\t<\/div>\r\n\t<\/div>\r\n<\/div><\/div><\/div>\n<\/div>","protected":false},"excerpt":{"rendered":"<p>Helfen Sie dabei, Ihren Diabetes besser in den Griff zu bekommen, mit dem Test-wipe Multi Special, das einen Multi-Fit-Koffer, Testt\u00fccher und ein Diabetes-Tagebuch enth\u00e4lt. Geeignet f\u00fcr Typ-1- und Typ-2-Diabetes<\/p>","protected":false},"featured_media":3687,"comment_status":"open","ping_status":"closed","template":"","meta":[],"product_brand":[],"product_cat":[86,88,107],"product_tag":[292,269,270,286,287],"class_list":{"0":"post-2632","1":"product","2":"type-product","3":"status-publish","4":"has-post-thumbnail","6":"product_cat-diabetes-cases","7":"product_cat-diabetes-cleaning-wipes","8":"product_cat-specials","9":"product_tag-cleaning-wipes","10":"product_tag-diabetes-bag","11":"product_tag-diabetes-case","12":"product_tag-log-book","13":"product_tag-record-book","15":"first","16":"instock","17":"sale","18":"taxable","19":"shipping-taxable","20":"purchasable","21":"product-type-variable"},"_links":{"self":[{"href":"https:\/\/www.diabete-ezy.com\/de\/wp-json\/wp\/v2\/product\/2632","targetHints":{"allow":["GET"]}}],"collection":[{"href":"https:\/\/www.diabete-ezy.com\/de\/wp-json\/wp\/v2\/product"}],"about":[{"href":"https:\/\/www.diabete-ezy.com\/de\/wp-json\/wp\/v2\/types\/product"}],"replies":[{"embeddable":true,"href":"https:\/\/www.diabete-ezy.com\/de\/wp-json\/wp\/v2\/comments?post=2632"}],"wp:featuredmedia":[{"embeddable":true,"href":"https:\/\/www.diabete-ezy.com\/de\/wp-json\/wp\/v2\/media\/3687"}],"wp:attachment":[{"href":"https:\/\/www.diabete-ezy.com\/de\/wp-json\/wp\/v2\/media?parent=2632"}],"wp:term":[{"taxonomy":"product_brand","embeddable":true,"href":"https:\/\/www.diabete-ezy.com\/de\/wp-json\/wp\/v2\/product_brand?post=2632"},{"taxonomy":"product_cat","embeddable":true,"href":"https:\/\/www.diabete-ezy.com\/de\/wp-json\/wp\/v2\/product_cat?post=2632"},{"taxonomy":"product_tag","embeddable":true,"href":"https:\/\/www.diabete-ezy.com\/de\/wp-json\/wp\/v2\/product_tag?post=2632"}],"curies":[{"name":"wp","href":"https:\/\/api.w.org\/{rel}","templated":true}]}}