{"id":2647,"date":"2019-10-04T20:46:56","date_gmt":"2019-10-04T10:46:56","guid":{"rendered":"https:\/\/www.diabete-ezy.com\/?post_type=product&#038;p=2647"},"modified":"2025-10-07T17:12:02","modified_gmt":"2025-10-07T07:12:02","slug":"testwisch-starterpaket","status":"publish","type":"product","link":"https:\/\/www.diabete-ezy.com\/de\/produkt\/testwisch-starterpaket\/","title":{"rendered":"Test-Wipe-Starterpaket"},"content":{"rendered":"<div class=\"wpb-content-wrapper\"><div class=\"vc_row wpb_row row top-row m-b-md wpb_custom_034b39d9bc6c6b310d69e39f0ccf274f\"><div class=\"vc_column_container col-md-12\"><div class=\"wpb_wrapper vc_column-inner\">\r\n\t<div class=\"wpb_text_column wpb_content_element wpb_custom_7c91d232724f73626cc933bd95b25ff0\" >\r\n\t\t<div class=\"wpb_wrapper\">\r\n\t\t\t<p>Die Spenderbox passt problemlos in die meisten Testkoffer und bietet eine bequeme und einfache M\u00f6glichkeit, Ihre Teststelle vor und nach dem BGL-Test zu reinigen. Testt\u00fccher eignen sich auch hervorragend zum Reinigen der Diabetes-Pumpenstellen vor dem Einf\u00fchren und nach dem Entfernen einer Stelle.<\/p>\n<p>Unabh\u00e4ngig davon, ob Sie an Typ-1- oder Typ-2-Diabetes leiden, ist eine genaue Messung Ihres Blutzuckerspiegels (BGL) von entscheidender Bedeutung. Das H\u00e4ndewaschen vor dem Test scheint eine einfache L\u00f6sung zu sein, um alle Verunreinigungen wie Fruchts\u00e4fte, Lebensmittel und Schmutz zu entfernen. Doch in der Hektik des Alltags, im Auto oder beim Picknick ist das nicht immer einfach.<\/p>\n<p>Diabete-ezy-Testt\u00fccher sind alkoholfrei und wurden entwickelt, um Speise- und Schmutzr\u00fcckst\u00e4nde sicher und effektiv von der Fingerspitze zu entfernen. Testt\u00fccher k\u00f6nnen auch zum Entfernen von Blut nach dem Test und zur Vorbereitung der Stelle f\u00fcr eine Diabetespumpe verwendet werden. Die in den Testt\u00fcchern verwendete L\u00f6sung ist 2% Chlorhexidingluconat.<\/p>\n<p>Starterpakete werden komplett mit einer einfach zu verwendenden Spenderbox und 100 T\u00fcchern geliefert.<\/p>\n<p>Die Spenderbox passt problemlos in die meisten Testkoffer und bietet eine bequeme und einfache M\u00f6glichkeit, eine zuverl\u00e4ssige Blutzuckermessung sicherzustellen, egal wo Sie sich befinden.<\/p>\n<p><strong>Eine unserer Erfahrungen mit der Tatsache, dass wir vor dem Testen keine sauberen Finger hatten \u2026<\/strong><\/p>\n<p>Es war Freddie&#039;s Day Care-Tag, ich erhielt zur Mittagszeit einen Anruf, der mich darauf aufmerksam machte, dass sein BGL 21 mml betrug. Ich wei\u00df, dass er beim Morgentee 6,2 mmol hatte und wei\u00df, dass das, was er beim Morgentee a\u00df, seine Werte nicht so sehr erh\u00f6hen w\u00fcrde. Ich fragte ihn, ob er sich vor dem Test die H\u00e4nde gewaschen habe, und sie sagten, dass er das getan habe. Normalerweise gaben wir ihm eine zus\u00e4tzliche Injektion, um den Wert auf 21 mml zu senken, aber ich fragte, ob sie die Testt\u00fccher, die ich in seinem Messger\u00e4tetui hatte, verwenden k\u00f6nnten, um seinen Finger abzuwischen und einen erneuten Test durchzuf\u00fchren, sein Wert sank auf 13 mml.<\/p>\n<p>Ich frage mich oft, was passiert w\u00e4re, wenn ich sie nicht dazu gebracht h\u00e4tte, den Test noch einmal durchzuf\u00fchren, und sie ihm gerade die Injektion gegeben h\u00e4tten \u2026 Wir h\u00e4tten vielleicht die Nacht im Krankenhaus verbracht, weil Fred m\u00f6glicherweise eine schwere Unterzuckerung hatte. Vertrauen Sie auch niemals einem 3-J\u00e4hrigen, wenn er sagt, dass er sich die H\u00e4nde gewaschen hat!!<\/p>\n\r\n\t\t<\/div>\r\n\t<\/div>\r\n<\/div><\/div><\/div>\n<\/div>","protected":false},"excerpt":{"rendered":"<p>Diabete-ezy-Testt\u00fccher sind alkoholfrei und werden verwendet, um Essens- und Schmutzr\u00fcckst\u00e4nde vor einer Blutzuckermessung und \u00fcbersch\u00fcssiges Blut nach der Messung zu entfernen.<\/p>","protected":false},"featured_media":53605,"comment_status":"open","ping_status":"closed","template":"","meta":[],"product_brand":[],"product_cat":[88],"product_tag":[292],"class_list":{"0":"post-2647","1":"product","2":"type-product","3":"status-publish","4":"has-post-thumbnail","6":"product_cat-diabetes-cleaning-wipes","7":"product_tag-cleaning-wipes","9":"first","10":"instock","11":"taxable","12":"shipping-taxable","13":"purchasable","14":"product-type-simple"},"_links":{"self":[{"href":"https:\/\/www.diabete-ezy.com\/de\/wp-json\/wp\/v2\/product\/2647","targetHints":{"allow":["GET"]}}],"collection":[{"href":"https:\/\/www.diabete-ezy.com\/de\/wp-json\/wp\/v2\/product"}],"about":[{"href":"https:\/\/www.diabete-ezy.com\/de\/wp-json\/wp\/v2\/types\/product"}],"replies":[{"embeddable":true,"href":"https:\/\/www.diabete-ezy.com\/de\/wp-json\/wp\/v2\/comments?post=2647"}],"wp:featuredmedia":[{"embeddable":true,"href":"https:\/\/www.diabete-ezy.com\/de\/wp-json\/wp\/v2\/media\/53605"}],"wp:attachment":[{"href":"https:\/\/www.diabete-ezy.com\/de\/wp-json\/wp\/v2\/media?parent=2647"}],"wp:term":[{"taxonomy":"product_brand","embeddable":true,"href":"https:\/\/www.diabete-ezy.com\/de\/wp-json\/wp\/v2\/product_brand?post=2647"},{"taxonomy":"product_cat","embeddable":true,"href":"https:\/\/www.diabete-ezy.com\/de\/wp-json\/wp\/v2\/product_cat?post=2647"},{"taxonomy":"product_tag","embeddable":true,"href":"https:\/\/www.diabete-ezy.com\/de\/wp-json\/wp\/v2\/product_tag?post=2647"}],"curies":[{"name":"wp","href":"https:\/\/api.w.org\/{rel}","templated":true}]}}