{"id":2661,"date":"2019-10-04T22:03:44","date_gmt":"2019-10-04T12:03:44","guid":{"rendered":"https:\/\/www.diabete-ezy.com\/?post_type=product&#038;p=2661"},"modified":"2025-10-07T17:11:37","modified_gmt":"2025-10-07T07:11:37","slug":"medi-alert-erkennungsmarke","status":"publish","type":"product","link":"https:\/\/www.diabete-ezy.com\/de\/produkt\/medi-alert-erkennungsmarke\/","title":{"rendered":"Medi-Alert-Erkennungsmarke"},"content":{"rendered":"<div class=\"wpb-content-wrapper\"><p><a href=\"https:\/\/www.diabete-ezy.com\/wp-content\/uploads\/2021\/03\/Screen-Shot-2021-03-02-at-3.44.54-PM.jpg\"><img decoding=\"async\" class=\"alignnone size-medium wp-image-32224\" src=\"https:\/\/www.diabete-ezy.com\/wp-content\/uploads\/2021\/03\/Screen-Shot-2021-03-02-at-3.44.54-PM-300x300.jpg\" alt=\"Medi-Alert-Erkennungsmarke\" width=\"300\" height=\"300\" \/><\/a><div class=\"vc_row wpb_row row top-row wpb_custom_034b39d9bc6c6b310d69e39f0ccf274f\"><div class=\"vc_column_container col-md-12\"><div class=\"wpb_wrapper vc_column-inner\">\r\n\t<div class=\"wpb_text_column wpb_content_element wpb_custom_7c91d232724f73626cc933bd95b25ff0\" >\r\n\t\t<div class=\"wpb_wrapper\">\r\n\t\t\t<p>Diabete-ezy Medi-Alert-Erkennungsmarken \u00e4hneln milit\u00e4rischen Erkennungsmarken. Die Anh\u00e4nger bestehen aus leichtem Edelstahl und eignen sich daher hervorragend f\u00fcr Menschen jeden Alters, insbesondere f\u00fcr aktive Menschen.<\/p>\n<p>Auf dem ersten Etikett ist das Diabete-ezy-Logo in den Edelstahl eingepr\u00e4gt, w\u00e4hrend auf dem anderen Etikett steht: \u201eICH HABE DIABETES. IM NOTFALL TELEFONIEREN SIE DEN KRANKENWAGEN\u201c. Dar\u00fcber ist gen\u00fcgend Platz, um auf Wunsch Ihren Namen eingravieren zu lassen oder anzugeben, ob Sie an Typ-1- oder Typ-2-Diabetes leiden.<\/p>\n<p>Medi-Alert-Erkennungsmarken sind f\u00fcr den weltweiten Einsatz geeignet.<\/p>\n\r\n\t\t<\/div>\r\n\t<\/div>\r\n<\/div><\/div><\/div>\n<\/div>","protected":false},"excerpt":{"rendered":"<p>Die Diabetes Medi-Alert-Erkennungsmarken von Diabete-ezy sind eine einfache M\u00f6glichkeit, andere im Notfall dar\u00fcber zu informieren, dass Sie an Diabetes leiden. Sie sind eine gro\u00dfartige Form der Diabetes-Erkennung.<\/p>","protected":false},"featured_media":32224,"comment_status":"open","ping_status":"closed","template":"","meta":[],"product_brand":[],"product_cat":[106],"product_tag":[271,398],"class_list":{"0":"post-2661","1":"product","2":"type-product","3":"status-publish","4":"has-post-thumbnail","6":"product_cat-dog-tags","7":"product_tag-diabetes-management","8":"product_tag-medical-id","10":"first","11":"instock","12":"taxable","13":"shipping-taxable","14":"purchasable","15":"product-type-simple"},"_links":{"self":[{"href":"https:\/\/www.diabete-ezy.com\/de\/wp-json\/wp\/v2\/product\/2661","targetHints":{"allow":["GET"]}}],"collection":[{"href":"https:\/\/www.diabete-ezy.com\/de\/wp-json\/wp\/v2\/product"}],"about":[{"href":"https:\/\/www.diabete-ezy.com\/de\/wp-json\/wp\/v2\/types\/product"}],"replies":[{"embeddable":true,"href":"https:\/\/www.diabete-ezy.com\/de\/wp-json\/wp\/v2\/comments?post=2661"}],"wp:featuredmedia":[{"embeddable":true,"href":"https:\/\/www.diabete-ezy.com\/de\/wp-json\/wp\/v2\/media\/32224"}],"wp:attachment":[{"href":"https:\/\/www.diabete-ezy.com\/de\/wp-json\/wp\/v2\/media?parent=2661"}],"wp:term":[{"taxonomy":"product_brand","embeddable":true,"href":"https:\/\/www.diabete-ezy.com\/de\/wp-json\/wp\/v2\/product_brand?post=2661"},{"taxonomy":"product_cat","embeddable":true,"href":"https:\/\/www.diabete-ezy.com\/de\/wp-json\/wp\/v2\/product_cat?post=2661"},{"taxonomy":"product_tag","embeddable":true,"href":"https:\/\/www.diabete-ezy.com\/de\/wp-json\/wp\/v2\/product_tag?post=2661"}],"curies":[{"name":"wp","href":"https:\/\/api.w.org\/{rel}","templated":true}]}}