{"id":2667,"date":"2019-10-04T22:13:03","date_gmt":"2019-10-04T12:13:03","guid":{"rendered":"https:\/\/www.diabete-ezy.com\/?post_type=product&#038;p=2667"},"modified":"2025-10-07T17:08:41","modified_gmt":"2025-10-07T07:08:41","slug":"nachfullpackung-fur-testtucher","status":"publish","type":"product","link":"https:\/\/www.diabete-ezy.com\/de\/produkt\/nachfullpackung-fur-testtucher\/","title":{"rendered":"Testwisch-Nachf\u00fcllpackung"},"content":{"rendered":"<div class=\"wpb-content-wrapper\"><div class=\"vc_row wpb_row row top-row m-b-md wpb_custom_034b39d9bc6c6b310d69e39f0ccf274f\"><div class=\"vc_column_container col-md-12\"><div class=\"wpb_wrapper vc_column-inner\">\r\n\t<div class=\"wpb_text_column wpb_content_element wpb_custom_7c91d232724f73626cc933bd95b25ff0\" >\r\n\t\t<div class=\"wpb_wrapper\">\r\n\t\t\t<p>Unabh\u00e4ngig davon, ob Sie an Typ-1- oder Typ-2-Diabetes leiden, ist eine genaue Messung Ihres Blutzuckerspiegels (BGL) von entscheidender Bedeutung. Das H\u00e4ndewaschen vor dem Test scheint eine einfache L\u00f6sung zu sein, um alle Verunreinigungen wie Fruchts\u00e4fte, Lebensmittel und Schmutz zu entfernen. Doch in der Hektik des Alltags, im Auto oder beim Picknick ist das nicht immer einfach.<\/p>\n<p>Diabete-ezy-Testt\u00fccher sind alkoholfrei und wurden entwickelt, um Speise- und Schmutzr\u00fcckst\u00e4nde sicher und effektiv von der Fingerspitze zu entfernen. Testt\u00fccher k\u00f6nnen auch zum Entfernen von Blut nach dem Test und zur Vorbereitung der Stelle f\u00fcr eine Diabetespumpe verwendet werden. Die in den Testt\u00fcchern verwendete L\u00f6sung ist 2% Chlorhexidingluconat.<\/p>\n<p><b>Das Nachf\u00fcllpack besteht aus 8 x 25 Nachf\u00fcllt\u00fcchern, also insgesamt 200 T\u00fcchern.<\/b><\/p>\n\r\n\t\t<\/div>\r\n\t<\/div>\r\n<div class=\"porto-sicon-box  vc_custom_1570188598407  wpb_custom_1efe903570d178ff0a9b7bfa5febd3a4 style_1 default-icon\"><div class=\"porto-sicon-default\"><div class=\"porto-just-icon-wrapper porto-icon none\" style=\"color:#39acd1;font-size:32px;\"><i class=\"fas fa-exclamation-circle\"><\/i><\/div><\/div><div class=\"porto-sicon-header\"><h3 class=\"porto-sicon-title\" style=\"font-size:16px;\">Es gab einige geringf\u00fcgige Gr\u00f6\u00dfen\u00e4nderungen an den Test-Wipe-Nachf\u00fcllpackungen und der Spenderbox. Bitte kaufen Sie unbedingt das Test-Wipe-Starterpaket, das unsere Spenderbox im neuen Design enth\u00e4lt, oder nutzen Sie unsere aktuellen Sonderangebote, die ein KOSTENLOSES Starterpaket enthalten.<\/h3><\/div> <!-- header --><\/div><!-- porto-sicon-box -->\r\n\t<div class=\"wpb_text_column wpb_content_element wpb_custom_7c91d232724f73626cc933bd95b25ff0\" >\r\n\t\t<div class=\"wpb_wrapper\">\r\n\t\t\t<p><strong>Eine unserer Erfahrungen mit der Tatsache, dass wir vor dem Testen keine sauberen Finger hatten \u2026<\/strong><\/p>\n<p>Es war Freddie&#039;s Day Care-Tag, ich erhielt zur Mittagszeit einen Anruf, der mich darauf aufmerksam machte, dass sein BGL 21 mml betrug. Ich wei\u00df, dass er beim Morgentee 6,2 mmol hatte und wei\u00df, dass das, was er beim Morgentee a\u00df, seine Werte nicht so sehr erh\u00f6hen w\u00fcrde. Ich fragte ihn, ob er sich vor dem Test die H\u00e4nde gewaschen habe, und sie sagten, dass er das getan habe. Normalerweise gaben wir ihm eine zus\u00e4tzliche Injektion, um den Wert auf 21 mml zu senken, aber ich fragte, ob sie die Testt\u00fccher, die ich in seinem Messger\u00e4tetui hatte, verwenden k\u00f6nnten, um seinen Finger abzuwischen und einen erneuten Test durchzuf\u00fchren, sein Wert sank auf 13 mml.<\/p>\n<p>Ich frage mich oft, was passiert w\u00e4re, wenn ich sie nicht dazu gebracht h\u00e4tte, den Test noch einmal durchzuf\u00fchren, und sie ihm gerade die Injektion gegeben h\u00e4tten \u2026 Wir h\u00e4tten vielleicht die Nacht im Krankenhaus verbracht, weil Fred m\u00f6glicherweise eine schwere Unterzuckerung hatte. Vertrauen Sie auch niemals einem 3-J\u00e4hrigen, wenn er sagt, dass er sich die H\u00e4nde gewaschen hat!!<\/p>\n\r\n\t\t<\/div>\r\n\t<\/div>\r\n<\/div><\/div><\/div>\n<\/div>","protected":false},"excerpt":{"rendered":"<p>Diabete-ezy Test-T\u00fccher sind alkoholfrei und werden verwendet, um Essens- und Schmutzr\u00fcckst\u00e4nde vor einer Blutzuckermessung und \u00fcbersch\u00fcssiges Blut nach der Messung zu entfernen.<\/p>","protected":false},"featured_media":53636,"comment_status":"open","ping_status":"closed","template":"","meta":[],"product_brand":[],"product_cat":[88],"product_tag":[292],"class_list":{"0":"post-2667","1":"product","2":"type-product","3":"status-publish","4":"has-post-thumbnail","6":"product_cat-diabetes-cleaning-wipes","7":"product_tag-cleaning-wipes","9":"first","10":"instock","11":"taxable","12":"shipping-taxable","13":"purchasable","14":"product-type-simple"},"_links":{"self":[{"href":"https:\/\/www.diabete-ezy.com\/de\/wp-json\/wp\/v2\/product\/2667","targetHints":{"allow":["GET"]}}],"collection":[{"href":"https:\/\/www.diabete-ezy.com\/de\/wp-json\/wp\/v2\/product"}],"about":[{"href":"https:\/\/www.diabete-ezy.com\/de\/wp-json\/wp\/v2\/types\/product"}],"replies":[{"embeddable":true,"href":"https:\/\/www.diabete-ezy.com\/de\/wp-json\/wp\/v2\/comments?post=2667"}],"wp:featuredmedia":[{"embeddable":true,"href":"https:\/\/www.diabete-ezy.com\/de\/wp-json\/wp\/v2\/media\/53636"}],"wp:attachment":[{"href":"https:\/\/www.diabete-ezy.com\/de\/wp-json\/wp\/v2\/media?parent=2667"}],"wp:term":[{"taxonomy":"product_brand","embeddable":true,"href":"https:\/\/www.diabete-ezy.com\/de\/wp-json\/wp\/v2\/product_brand?post=2667"},{"taxonomy":"product_cat","embeddable":true,"href":"https:\/\/www.diabete-ezy.com\/de\/wp-json\/wp\/v2\/product_cat?post=2667"},{"taxonomy":"product_tag","embeddable":true,"href":"https:\/\/www.diabete-ezy.com\/de\/wp-json\/wp\/v2\/product_tag?post=2667"}],"curies":[{"name":"wp","href":"https:\/\/api.w.org\/{rel}","templated":true}]}}