{"id":2668,"date":"2019-10-04T22:21:36","date_gmt":"2019-10-04T12:21:36","guid":{"rendered":"https:\/\/www.diabete-ezy.com\/?post_type=product&#038;p=2668"},"modified":"2025-10-07T17:08:32","modified_gmt":"2025-10-07T07:08:32","slug":"medi-alert-schlusselanhanger-5er-pack","status":"publish","type":"product","link":"https:\/\/www.diabete-ezy.com\/de\/produkt\/medi-alert-schlusselanhanger-5er-pack\/","title":{"rendered":"Medi-Alert-Schl\u00fcsselanh\u00e4nger (5er-Pack)"},"content":{"rendered":"<div class=\"wpb-content-wrapper\"><div class=\"vc_row wpb_row row top-row wpb_custom_034b39d9bc6c6b310d69e39f0ccf274f\"><div class=\"vc_column_container col-md-12\"><div class=\"wpb_wrapper vc_column-inner\">\r\n\t<div class=\"wpb_text_column wpb_content_element wpb_custom_7c91d232724f73626cc933bd95b25ff0\" >\r\n\t\t<div class=\"wpb_wrapper\">\r\n\t\t\t<p>Diabete-ezy Medi-alert-Schl\u00fcsselanh\u00e4nger sind eine perfekte M\u00f6glichkeit, um zu erkennen, dass Sie an Diabetes leiden, und eignen sich hervorragend zum Anbringen an Ihrem Diabetes-Koffer, Schul- und Sporttaschen, Autoschl\u00fcsseln, Lunchpaketen usw. Auf ihnen steht: \u201eIch habe DIABETES. In einem Notfall rufen Sie an.\u201c Krankenwagen&#039;.<\/p>\n<p>Sie bestehen aus leichtem PVC und sind mit einem Schl\u00fcsselring aus Stahl versehen.<\/p>\n<p>Medi-Alert-Schl\u00fcsselanh\u00e4nger eignen sich auch hervorragend zum Anbringen an Ihrem Diabete-ezy Multi-fit-Koffer und Ezy-Fit-Koffer!<\/p>\n\r\n\t\t<\/div>\r\n\t<\/div>\r\n<\/div><\/div><\/div>\n<\/div>","protected":false},"excerpt":{"rendered":"<p>Diabete-ezy Medi-alert-Schl\u00fcsselanh\u00e4nger sind eine perfekte M\u00f6glichkeit, um zu erkennen, dass Sie an Diabetes leiden, und eignen sich hervorragend zum Anbringen an Ihrem Diabetes-Koffer, Schul- und Sporttaschen, Autoschl\u00fcsseln, Lunchpaketen usw.<\/p>","protected":false},"featured_media":53656,"comment_status":"open","ping_status":"closed","template":"","meta":[],"product_brand":[],"product_cat":[106],"product_tag":[398],"class_list":{"0":"post-2668","1":"product","2":"type-product","3":"status-publish","4":"has-post-thumbnail","6":"product_cat-dog-tags","7":"product_tag-medical-id","9":"first","10":"instock","11":"taxable","12":"shipping-taxable","13":"purchasable","14":"product-type-simple"},"_links":{"self":[{"href":"https:\/\/www.diabete-ezy.com\/de\/wp-json\/wp\/v2\/product\/2668","targetHints":{"allow":["GET"]}}],"collection":[{"href":"https:\/\/www.diabete-ezy.com\/de\/wp-json\/wp\/v2\/product"}],"about":[{"href":"https:\/\/www.diabete-ezy.com\/de\/wp-json\/wp\/v2\/types\/product"}],"replies":[{"embeddable":true,"href":"https:\/\/www.diabete-ezy.com\/de\/wp-json\/wp\/v2\/comments?post=2668"}],"wp:featuredmedia":[{"embeddable":true,"href":"https:\/\/www.diabete-ezy.com\/de\/wp-json\/wp\/v2\/media\/53656"}],"wp:attachment":[{"href":"https:\/\/www.diabete-ezy.com\/de\/wp-json\/wp\/v2\/media?parent=2668"}],"wp:term":[{"taxonomy":"product_brand","embeddable":true,"href":"https:\/\/www.diabete-ezy.com\/de\/wp-json\/wp\/v2\/product_brand?post=2668"},{"taxonomy":"product_cat","embeddable":true,"href":"https:\/\/www.diabete-ezy.com\/de\/wp-json\/wp\/v2\/product_cat?post=2668"},{"taxonomy":"product_tag","embeddable":true,"href":"https:\/\/www.diabete-ezy.com\/de\/wp-json\/wp\/v2\/product_tag?post=2668"}],"curies":[{"name":"wp","href":"https:\/\/api.w.org\/{rel}","templated":true}]}}