{"id":2673,"date":"2019-10-04T22:29:23","date_gmt":"2019-10-04T12:29:23","guid":{"rendered":"https:\/\/www.diabete-ezy.com\/?post_type=product&#038;p=2673"},"modified":"2025-10-07T17:08:23","modified_gmt":"2025-10-07T07:08:23","slug":"dialog-it-buch","status":"publish","type":"product","link":"https:\/\/www.diabete-ezy.com\/de\/produkt\/dialog-it-buch\/","title":{"rendered":"Dialog-it-Buch"},"content":{"rendered":"<div class=\"wpb-content-wrapper\"><div class=\"vc_row wpb_row row top-row wpb_custom_034b39d9bc6c6b310d69e39f0ccf274f\"><div class=\"vc_column_container col-md-12\"><div class=\"wpb_wrapper vc_column-inner\">\r\n\t<div class=\"wpb_text_column wpb_content_element wpb_custom_7c91d232724f73626cc933bd95b25ff0\" >\r\n\t\t<div class=\"wpb_wrapper\">\r\n\t\t\t<p>Das Dia-log-it-Tagebuch ist sehr n\u00fctzlich, um den \u00dcberblick \u00fcber Ihren Tagesablauf zu behalten, da bei Diabetes so viele Dinge Einfluss auf Ihren K\u00f6rper haben.<\/p>\n<p>Die Art und Menge der Nahrung, die Sie zu sich nehmen, die Art und Weise, wie Sie Sport treiben, die Zeiten, zu denen Sie Ihren Blutzuckerspiegel messen, Ihre Mahlzeiten zu sich nehmen und die Menge an Medikamenten, die Sie einnehmen \u2013 all das wirkt sich auf unterschiedliche Weise auf Ihren K\u00f6rper aus. Wenn Sie diese Art von Informationen aufzeichnen, beginnen Sie zu verstehen, wie all diese Dinge zusammenwirken und sich auf Ihren K\u00f6rper auswirken k\u00f6nnen. Dieses Wissen erm\u00f6glicht Ihnen ein besseres Verst\u00e4ndnis daf\u00fcr, wie Sie Ihren Diabetes bestm\u00f6glich in den Griff bekommen k\u00f6nnen.<\/p>\n<p><strong>Was ist da drin?<\/strong><\/p>\n<p>Mit dem Dia-log-it Protokollbuch k\u00f6nnen Sie Folgendes aufzeichnen:<\/p>\n<ul>\n<li>Bis zu 7 Testzeiten pro Tag.<\/li>\n<li>Blutzuckerspiegel.<\/li>\n<li>Essen, das gegessen wurde.<\/li>\n<li>Menge der eingenommenen Medikamente.<\/li>\n<li>Aktivit\u00e4t oder Bewegung.<\/li>\n<li>3 Monate Informationen.<\/li>\n<\/ul>\n<div id=\"gtx-trans\" style=\"position: absolute; left: 965px; top: 54px;\">\n<div class=\"gtx-trans-icon\"><\/div>\n<\/div>\n\r\n\t\t<\/div>\r\n\t<\/div>\r\n<\/div><\/div><\/div>\n<\/div>","protected":false},"excerpt":{"rendered":"<p>Das Dia-log-it-Tagebuch ist sehr n\u00fctzlich, um den \u00dcberblick \u00fcber Ihren Tagesablauf zu behalten, da bei Diabetes so viele Dinge Einfluss auf Ihren K\u00f6rper haben.<\/p>","protected":false},"featured_media":53638,"comment_status":"open","ping_status":"closed","template":"","meta":[],"product_brand":[],"product_cat":[105],"product_tag":[271,286,287],"class_list":{"0":"post-2673","1":"product","2":"type-product","3":"status-publish","4":"has-post-thumbnail","6":"product_cat-log-books","7":"product_tag-diabetes-management","8":"product_tag-log-book","9":"product_tag-record-book","11":"first","12":"instock","13":"taxable","14":"shipping-taxable","15":"purchasable","16":"product-type-simple"},"_links":{"self":[{"href":"https:\/\/www.diabete-ezy.com\/de\/wp-json\/wp\/v2\/product\/2673","targetHints":{"allow":["GET"]}}],"collection":[{"href":"https:\/\/www.diabete-ezy.com\/de\/wp-json\/wp\/v2\/product"}],"about":[{"href":"https:\/\/www.diabete-ezy.com\/de\/wp-json\/wp\/v2\/types\/product"}],"replies":[{"embeddable":true,"href":"https:\/\/www.diabete-ezy.com\/de\/wp-json\/wp\/v2\/comments?post=2673"}],"wp:featuredmedia":[{"embeddable":true,"href":"https:\/\/www.diabete-ezy.com\/de\/wp-json\/wp\/v2\/media\/53638"}],"wp:attachment":[{"href":"https:\/\/www.diabete-ezy.com\/de\/wp-json\/wp\/v2\/media?parent=2673"}],"wp:term":[{"taxonomy":"product_brand","embeddable":true,"href":"https:\/\/www.diabete-ezy.com\/de\/wp-json\/wp\/v2\/product_brand?post=2673"},{"taxonomy":"product_cat","embeddable":true,"href":"https:\/\/www.diabete-ezy.com\/de\/wp-json\/wp\/v2\/product_cat?post=2673"},{"taxonomy":"product_tag","embeddable":true,"href":"https:\/\/www.diabete-ezy.com\/de\/wp-json\/wp\/v2\/product_tag?post=2673"}],"curies":[{"name":"wp","href":"https:\/\/api.w.org\/{rel}","templated":true}]}}