{"id":2677,"date":"2019-10-04T22:35:27","date_gmt":"2019-10-04T12:35:27","guid":{"rendered":"https:\/\/www.diabete-ezy.com\/?post_type=product&#038;p=2677"},"modified":"2025-10-07T17:08:17","modified_gmt":"2025-10-07T07:08:17","slug":"pumpenprotokollbuch","status":"publish","type":"product","link":"https:\/\/www.diabete-ezy.com\/de\/produkt\/pumpenprotokollbuch\/","title":{"rendered":"Pumpenprotokollbuch"},"content":{"rendered":"<div class=\"wpb-content-wrapper\"><div class=\"vc_row wpb_row row top-row wpb_custom_034b39d9bc6c6b310d69e39f0ccf274f\"><div class=\"vc_column_container col-md-12\"><div class=\"wpb_wrapper vc_column-inner\">\r\n\t<div class=\"wpb_text_column wpb_content_element wpb_custom_7c91d232724f73626cc933bd95b25ff0\" >\r\n\t\t<div class=\"wpb_wrapper\">\r\n\t\t\t<p>Das Pump Log Record Book ist sehr n\u00fctzlich, um den \u00dcberblick \u00fcber Ihre t\u00e4gliche Routine zu behalten, da so viele Dinge Ihren K\u00f6rper beeinflussen, wenn Sie an Diabetes leiden. Die Art und Menge der Nahrung, die Sie zu sich nehmen, die Art und Weise, wie Sie Sport treiben, die Zeiten, zu denen Sie Ihren Blutzuckerspiegel messen, Ihre Mahlzeiten zu sich nehmen und die Menge an Medikamenten, die Sie einnehmen \u2013 all das wirkt sich auf unterschiedliche Weise auf Ihren K\u00f6rper aus. Wenn Sie diese Art von Informationen aufzeichnen, beginnen Sie zu verstehen, wie all diese Dinge zusammenwirken und sich auf Ihren K\u00f6rper auswirken k\u00f6nnen. Dieses Wissen erm\u00f6glicht Ihnen ein besseres Verst\u00e4ndnis daf\u00fcr, wie Sie Ihren Diabetes bestm\u00f6glich in den Griff bekommen k\u00f6nnen. Mit dem Pump Log Record Book k\u00f6nnen Sie au\u00dferdem alle relevanten Informationen aufzeichnen, die f\u00fcr die m\u00f6glichst genaue Verwaltung Ihrer Diabetespumpe erforderlich sind.<\/p>\n<p><strong>Was ist da drin?<\/strong><\/p>\n<p>Mit dem Pumpenprotokollbuch k\u00f6nnen Sie Folgendes aufzeichnen:<\/p>\n<ul>\n<li>Bis zu 7 Testzeiten pro Tag.<\/li>\n<li>Blutzuckerspiegel.<\/li>\n<li>Art der verzehrten Nahrung.<\/li>\n<li>Gesamtkohlenhydratwert der verzehrten Lebensmittel.<\/li>\n<li>Empfohlene Medikamente zum Essen.<\/li>\n<li>Korrekturdosis.<\/li>\n<li>Aktive Medikamente oder Aktivit\u00e4t.<\/li>\n<li>Gesamtmahlzeitbolus.<\/li>\n<li>\u00c4nderungen der Bolus- und Basalraten.<\/li>\n<li>2 Monate Informationen.<\/li>\n<\/ul>\n<div id=\"gtx-trans\" style=\"position: absolute; left: 113px; top: 374px;\">\n<div class=\"gtx-trans-icon\"><\/div>\n<\/div>\n<div id=\"gtx-trans\" style=\"position: absolute; left: 113px; top: 374px;\">\n<div class=\"gtx-trans-icon\"><\/div>\n<\/div>\n\r\n\t\t<\/div>\r\n\t<\/div>\r\n<\/div><\/div><\/div>\n<\/div>","protected":false},"excerpt":{"rendered":"<p>Das Pump Log Record Book ist f\u00fcr Benutzer von Diabetespumpen n\u00fctzlich, um den \u00dcberblick \u00fcber ihre t\u00e4glichen Routinen und Muster zu behalten und so ein effektives Diabetesmanagement zu unterst\u00fctzen.<\/p>","protected":false},"featured_media":53643,"comment_status":"open","ping_status":"closed","template":"","meta":[],"product_brand":[],"product_cat":[105],"product_tag":[271,286,287],"class_list":{"0":"post-2677","1":"product","2":"type-product","3":"status-publish","4":"has-post-thumbnail","6":"product_cat-log-books","7":"product_tag-diabetes-management","8":"product_tag-log-book","9":"product_tag-record-book","11":"first","12":"instock","13":"taxable","14":"shipping-taxable","15":"purchasable","16":"product-type-simple"},"_links":{"self":[{"href":"https:\/\/www.diabete-ezy.com\/de\/wp-json\/wp\/v2\/product\/2677","targetHints":{"allow":["GET"]}}],"collection":[{"href":"https:\/\/www.diabete-ezy.com\/de\/wp-json\/wp\/v2\/product"}],"about":[{"href":"https:\/\/www.diabete-ezy.com\/de\/wp-json\/wp\/v2\/types\/product"}],"replies":[{"embeddable":true,"href":"https:\/\/www.diabete-ezy.com\/de\/wp-json\/wp\/v2\/comments?post=2677"}],"wp:featuredmedia":[{"embeddable":true,"href":"https:\/\/www.diabete-ezy.com\/de\/wp-json\/wp\/v2\/media\/53643"}],"wp:attachment":[{"href":"https:\/\/www.diabete-ezy.com\/de\/wp-json\/wp\/v2\/media?parent=2677"}],"wp:term":[{"taxonomy":"product_brand","embeddable":true,"href":"https:\/\/www.diabete-ezy.com\/de\/wp-json\/wp\/v2\/product_brand?post=2677"},{"taxonomy":"product_cat","embeddable":true,"href":"https:\/\/www.diabete-ezy.com\/de\/wp-json\/wp\/v2\/product_cat?post=2677"},{"taxonomy":"product_tag","embeddable":true,"href":"https:\/\/www.diabete-ezy.com\/de\/wp-json\/wp\/v2\/product_tag?post=2677"}],"curies":[{"name":"wp","href":"https:\/\/api.w.org\/{rel}","templated":true}]}}