{"id":1261,"date":"2019-10-01T02:42:37","date_gmt":"2019-09-30T16:42:37","guid":{"rendered":"http:\/\/sw-themes.com\/porto_dummy\/?post_type=product&#038;p=1261"},"modified":"2025-12-10T18:07:44","modified_gmt":"2025-12-10T08:07:44","slug":"comodo-cinturon-para-diabetes-con-bomba","status":"publish","type":"product","link":"https:\/\/www.diabete-ezy.com\/es\/producto\/comodo-cinturon-para-diabetes-con-bomba\/","title":{"rendered":"Cintur\u00f3n de bomba para diabetes con bomba c\u00f3moda"},"content":{"rendered":"<div class=\"wpb-content-wrapper\"><div class=\"vc_row wpb_row row top-row m-b-md wpb_custom_034b39d9bc6c6b310d69e39f0ccf274f\"><div class=\"vc_column_container col-md-12\"><div class=\"wpb_wrapper vc_column-inner\">\r\n\t<div class=\"wpb_text_column wpb_content_element wpb_custom_7c91d232724f73626cc933bd95b25ff0\" >\r\n\t\t<div class=\"wpb_wrapper\">\r\n\t\t\t<p>Los c\u00f3modos cinturones para bomba de diabetes est\u00e1n hechos de tela de licra\/nylon de alta calidad que se ajusta c\u00f3modamente alrededor de la cintura\/caderas. Cada cintur\u00f3n tiene varios bolsillos que le permiten colocar la bomba para la diabetes donde m\u00e1s le convenga. En los bolsillos adicionales se puede llevar comida para el tratamiento de hipo, equipo adicional, un tel\u00e9fono m\u00f3vil o incluso dinero.<\/p>\n<p>\u00a1Los c\u00f3modos cinturones son tan c\u00f3modos y discretos que olvidar\u00e1s que est\u00e1n ah\u00ed!<\/p>\n<p><strong>Adecuado para bombas que incluyen, entre otras:<\/strong><\/p>\n<ul>\n<li>Ypsomed<\/li>\n<li>Medtronic MiniMed 670G\/640G<\/li>\n<li>T\u00e1ndem T-Slim<\/li>\n<li>Accu-Chek Solo<\/li>\n<li>Paradigma Veo<\/li>\n<\/ul>\n\r\n\t\t<\/div>\r\n\t<\/div>\r\n<\/div><\/div><\/div>\n<\/div>","protected":false},"excerpt":{"rendered":"<p>Los cinturones para bomba de diabetes Diabete-ezy Comfy-pump son c\u00f3modos, livianos y se ajustan c\u00f3modamente alrededor de su cintura, lo que significa que puede usar su bomba para diabetes de manera discreta.<\/p>\n<ul>\n<li>Comprar <a href=\"https:\/\/www.diabete-ezy.com\/es\/paquete-de-2-comodos-cinturones-para-bomba\/\">Paquete de 2<\/a> \u00a1y consigue un descuento!<\/li>\n<li>Comprar <a href=\"https:\/\/www.diabete-ezy.com\/es\/paquete-de-3-comodos-cinturones-para-bomba\/\">Paquete de 3<\/a> \u00a1y consigue un descuento!<\/li>\n<\/ul>","protected":false},"featured_media":53620,"comment_status":"open","ping_status":"closed","template":"","meta":[],"product_brand":[],"product_cat":[90],"product_tag":[196],"class_list":{"0":"post-1261","1":"product","2":"type-product","3":"status-publish","4":"has-post-thumbnail","6":"product_cat-insulin-pump-accessories","7":"product_tag-insulin-pump-accesories","9":"first","10":"instock","11":"taxable","12":"shipping-taxable","13":"purchasable","14":"product-type-variable","15":"has-default-attributes"},"_links":{"self":[{"href":"https:\/\/www.diabete-ezy.com\/es\/wp-json\/wp\/v2\/product\/1261","targetHints":{"allow":["GET"]}}],"collection":[{"href":"https:\/\/www.diabete-ezy.com\/es\/wp-json\/wp\/v2\/product"}],"about":[{"href":"https:\/\/www.diabete-ezy.com\/es\/wp-json\/wp\/v2\/types\/product"}],"replies":[{"embeddable":true,"href":"https:\/\/www.diabete-ezy.com\/es\/wp-json\/wp\/v2\/comments?post=1261"}],"wp:featuredmedia":[{"embeddable":true,"href":"https:\/\/www.diabete-ezy.com\/es\/wp-json\/wp\/v2\/media\/53620"}],"wp:attachment":[{"href":"https:\/\/www.diabete-ezy.com\/es\/wp-json\/wp\/v2\/media?parent=1261"}],"wp:term":[{"taxonomy":"product_brand","embeddable":true,"href":"https:\/\/www.diabete-ezy.com\/es\/wp-json\/wp\/v2\/product_brand?post=1261"},{"taxonomy":"product_cat","embeddable":true,"href":"https:\/\/www.diabete-ezy.com\/es\/wp-json\/wp\/v2\/product_cat?post=1261"},{"taxonomy":"product_tag","embeddable":true,"href":"https:\/\/www.diabete-ezy.com\/es\/wp-json\/wp\/v2\/product_tag?post=1261"}],"curies":[{"name":"wp","href":"https:\/\/api.w.org\/{rel}","templated":true}]}}