{"id":2353,"date":"2019-10-03T19:59:08","date_gmt":"2019-10-03T09:59:08","guid":{"rendered":"https:\/\/www.diabete-ezy.com\/?post_type=product&#038;p=2353"},"modified":"2025-12-10T18:07:43","modified_gmt":"2025-12-10T08:07:43","slug":"paquete-de-2-comodos-cinturones-para-bomba","status":"publish","type":"product","link":"https:\/\/www.diabete-ezy.com\/es\/producto\/paquete-de-2-comodos-cinturones-para-bomba\/","title":{"rendered":"Paquete de 2 cinturones de bomba para diabetes con bomba c\u00f3moda"},"content":{"rendered":"<div class=\"wpb-content-wrapper\"><div class=\"vc_row wpb_row row top-row m-b-md wpb_custom_034b39d9bc6c6b310d69e39f0ccf274f\"><div class=\"vc_column_container col-md-12\"><div class=\"wpb_wrapper vc_column-inner\">\r\n\t<div class=\"wpb_text_column wpb_content_element wpb_custom_7c91d232724f73626cc933bd95b25ff0\" >\r\n\t\t<div class=\"wpb_wrapper\">\r\n\t\t\t<p>Los cinturones de bomba para diabetes Comfy Pump est\u00e1n hechos de tela de licra\/nylon de alta calidad que se ajusta c\u00f3modamente alrededor de la cintura\/caderas. Cada cintur\u00f3n tiene varios bolsillos que le permiten colocar la bomba para la diabetes donde m\u00e1s le convenga. En los bolsillos adicionales se puede llevar comida para el tratamiento de hipo, equipo adicional, un tel\u00e9fono m\u00f3vil o incluso dinero.<\/p>\n<p>Productos similares en el mercado son restrictivos, inc\u00f3modos y dejan un bulto bastante visible debajo de la camisa. \u00a1Pero los cinturones Comfy Pump son tan c\u00f3modos y sutiles que olvidar\u00e1s que est\u00e1n ah\u00ed y los dem\u00e1s ni siquiera lo notar\u00e1n!<\/p>\n<p><strong>Adecuado para bombas que incluyen, entre otras:<\/strong><\/p>\n<ul>\n<li>Ypsomed<\/li>\n<li>Medtronic MiniMed 670G\/640G<\/li>\n<li>T\u00e1ndem T-Slim<\/li>\n<li>Accu-Chek Solo<\/li>\n<li>Paradigma Veo<\/li>\n<\/ul>\n\r\n\t\t<\/div>\r\n\t<\/div>\r\n<\/div><\/div><\/div>\n<\/div>","protected":false},"excerpt":{"rendered":"<p>Los cinturones para bomba de diabetes Diabete-ezy Comfy-pump son c\u00f3modos y livianos y se ajustan c\u00f3modamente alrededor de su cintura, lo que significa que puede llevar discretamente su bomba para diabetes.<\/p>\n<p>&nbsp;<\/p>\n<ul>\n<li>Comprar <a href=\"https:\/\/www.diabete-ezy.com\/es\/comfy-pump-insulin-belt\/\">1 cintur\u00f3n c\u00f3modo.<\/a>.<\/li>\n<li>Comprar <a href=\"https:\/\/www.diabete-ezy.com\/es\/paquete-de-3-comodos-cinturones-para-bomba\/\">Paquete de 3<\/a> \u00a1y consigue un descuento!<\/li>\n<\/ul>","protected":false},"featured_media":53612,"comment_status":"open","ping_status":"closed","template":"","meta":[],"product_brand":[],"product_cat":[90],"product_tag":[196],"class_list":{"0":"post-2353","1":"product","2":"type-product","3":"status-publish","4":"has-post-thumbnail","6":"product_cat-insulin-pump-accessories","7":"product_tag-insulin-pump-accesories","9":"first","10":"instock","11":"taxable","12":"shipping-taxable","13":"purchasable","14":"product-type-variable"},"_links":{"self":[{"href":"https:\/\/www.diabete-ezy.com\/es\/wp-json\/wp\/v2\/product\/2353","targetHints":{"allow":["GET"]}}],"collection":[{"href":"https:\/\/www.diabete-ezy.com\/es\/wp-json\/wp\/v2\/product"}],"about":[{"href":"https:\/\/www.diabete-ezy.com\/es\/wp-json\/wp\/v2\/types\/product"}],"replies":[{"embeddable":true,"href":"https:\/\/www.diabete-ezy.com\/es\/wp-json\/wp\/v2\/comments?post=2353"}],"wp:featuredmedia":[{"embeddable":true,"href":"https:\/\/www.diabete-ezy.com\/es\/wp-json\/wp\/v2\/media\/53612"}],"wp:attachment":[{"href":"https:\/\/www.diabete-ezy.com\/es\/wp-json\/wp\/v2\/media?parent=2353"}],"wp:term":[{"taxonomy":"product_brand","embeddable":true,"href":"https:\/\/www.diabete-ezy.com\/es\/wp-json\/wp\/v2\/product_brand?post=2353"},{"taxonomy":"product_cat","embeddable":true,"href":"https:\/\/www.diabete-ezy.com\/es\/wp-json\/wp\/v2\/product_cat?post=2353"},{"taxonomy":"product_tag","embeddable":true,"href":"https:\/\/www.diabete-ezy.com\/es\/wp-json\/wp\/v2\/product_tag?post=2353"}],"curies":[{"name":"wp","href":"https:\/\/api.w.org\/{rel}","templated":true}]}}