{"id":2501,"date":"2019-10-03T22:45:33","date_gmt":"2019-10-03T12:45:33","guid":{"rendered":"https:\/\/www.diabete-ezy.com\/?post_type=product&#038;p=2501"},"modified":"2025-12-10T18:08:00","modified_gmt":"2025-12-10T08:08:00","slug":"paquete-de-2-comodos-cinturones-de-bomba-ezy-view","status":"publish","type":"product","link":"https:\/\/www.diabete-ezy.com\/es\/producto\/paquete-de-2-comodos-cinturones-de-bomba-ezy-view\/","title":{"rendered":"Paquete de 2 cinturones c\u00f3modos Ezy-view"},"content":{"rendered":"<div class=\"wpb-content-wrapper\"><div class=\"vc_row wpb_row row top-row m-b-md wpb_custom_034b39d9bc6c6b310d69e39f0ccf274f\"><div class=\"vc_column_container col-md-12\"><div class=\"wpb_wrapper vc_column-inner\">\r\n\t<div class=\"wpb_text_column wpb_content_element wpb_custom_7c91d232724f73626cc933bd95b25ff0\" >\r\n\t\t<div class=\"wpb_wrapper\">\r\n\t\t\t<p>Nuestros nuevos cinturones de bomba para diabetes Ezy-view Comfy-pump con paneles de visualizaci\u00f3n de malla est\u00e1n hechos de la misma tela de licra\/nylon de alta calidad que se ajusta c\u00f3modamente alrededor de su cintura\/caderas y tiene las mismas caracter\u00edsticas c\u00f3modas y livianas que el cintur\u00f3n Comfy-pump original. , con la adici\u00f3n de un panel de visualizaci\u00f3n de malla. Este panel de visualizaci\u00f3n de malla se encuentra en uno de los numerosos bolsillos del cintur\u00f3n. Al colocar su bomba para diabetes en el bolsillo de malla designado, podr\u00e1 ver y operar su bomba con facilidad. Esta inteligente caracter\u00edstica le permite ingresar los alimentos consumidos y hacer correcciones discretamente, sin el esfuerzo de tener que sacarlos del cintur\u00f3n.<\/p>\n<p>Cada cintur\u00f3n tiene varios bolsillos que le permiten llevar comida para el tratamiento de la hipoglucemia, equipo adicional, un tel\u00e9fono m\u00f3vil o incluso dinero, adem\u00e1s de su bomba para la diabetes. El n\u00famero de bolsillos de cada cintur\u00f3n var\u00eda seg\u00fan la talla (el cintur\u00f3n X Small tiene 3 bolsillos, mientras que el X Large tiene 6).<\/p>\n<p>Productos similares en el mercado son restrictivos, inc\u00f3modos y dejan un bulto bastante visible debajo de la camisa. \u00a1Pero los cinturones Ezy-view Comfy-pump son tan c\u00f3modos y sutiles que olvidar\u00e1s que est\u00e1n ah\u00ed y los dem\u00e1s ni siquiera lo notar\u00e1n!<\/p>\n<p><strong>Colores<\/strong><\/p>\n<p>Disponible en negro y nude. Ambos colores tienen un panel de visualizaci\u00f3n de malla negra, dise\u00f1ado para mayor facilidad de visualizaci\u00f3n.<\/p>\n<p><strong>Adecuado para bombas que incluyen, entre otras:<\/strong><\/p>\n<ul>\n<li>Ypsomed<\/li>\n<li>Medtronic MiniMed 670G\/640G<\/li>\n<li>T\u00e1ndem T-Slim<\/li>\n<li>Accu-Chek Solo<\/li>\n<li>Paradigma Veo<\/li>\n<\/ul>\n\r\n\t\t<\/div>\r\n\t<\/div>\r\n<\/div><\/div><\/div>\n<\/div>","protected":false},"excerpt":{"rendered":"<p>El cintur\u00f3n para bomba para diabetes Ezy-View Comfy-pump tiene un panel de visualizaci\u00f3n de malla que se ajusta c\u00f3modamente alrededor de su cintura\/caderas y transporta c\u00f3modamente su bomba para diabetes.<\/p>\n<p>&nbsp;<\/p>\n<ul>\n<li>Comprar <a href=\"https:\/\/www.diabete-ezy.com\/es\/cinturon-de-bomba-ezy-view\/\">1 cintur\u00f3n c\u00f3modo Ezy-view.<\/a>.<\/li>\n<li>Comprar <a href=\"https:\/\/www.diabete-ezy.com\/es\/paquete-de-3-comodos-cinturones-de-bomba-ezy-view\/\">Paquete de 3<\/a> \u00a1y consigue un descuento!<\/li>\n<\/ul>","protected":false},"featured_media":53632,"comment_status":"open","ping_status":"closed","template":"","meta":[],"product_brand":[],"product_cat":[90],"product_tag":[196],"class_list":{"0":"post-2501","1":"product","2":"type-product","3":"status-publish","4":"has-post-thumbnail","6":"product_cat-insulin-pump-accessories","7":"product_tag-insulin-pump-accesories","9":"first","10":"instock","11":"taxable","12":"shipping-taxable","13":"purchasable","14":"product-type-variable"},"_links":{"self":[{"href":"https:\/\/www.diabete-ezy.com\/es\/wp-json\/wp\/v2\/product\/2501","targetHints":{"allow":["GET"]}}],"collection":[{"href":"https:\/\/www.diabete-ezy.com\/es\/wp-json\/wp\/v2\/product"}],"about":[{"href":"https:\/\/www.diabete-ezy.com\/es\/wp-json\/wp\/v2\/types\/product"}],"replies":[{"embeddable":true,"href":"https:\/\/www.diabete-ezy.com\/es\/wp-json\/wp\/v2\/comments?post=2501"}],"wp:featuredmedia":[{"embeddable":true,"href":"https:\/\/www.diabete-ezy.com\/es\/wp-json\/wp\/v2\/media\/53632"}],"wp:attachment":[{"href":"https:\/\/www.diabete-ezy.com\/es\/wp-json\/wp\/v2\/media?parent=2501"}],"wp:term":[{"taxonomy":"product_brand","embeddable":true,"href":"https:\/\/www.diabete-ezy.com\/es\/wp-json\/wp\/v2\/product_brand?post=2501"},{"taxonomy":"product_cat","embeddable":true,"href":"https:\/\/www.diabete-ezy.com\/es\/wp-json\/wp\/v2\/product_cat?post=2501"},{"taxonomy":"product_tag","embeddable":true,"href":"https:\/\/www.diabete-ezy.com\/es\/wp-json\/wp\/v2\/product_tag?post=2501"}],"curies":[{"name":"wp","href":"https:\/\/api.w.org\/{rel}","templated":true}]}}