{"id":2521,"date":"2019-10-03T23:17:39","date_gmt":"2019-10-03T13:17:39","guid":{"rendered":"https:\/\/www.diabete-ezy.com\/?post_type=product&#038;p=2521"},"modified":"2025-12-10T18:08:00","modified_gmt":"2025-12-10T08:08:00","slug":"banda-para-diabetes-con-bomba-de-liga","status":"publish","type":"product","link":"https:\/\/www.diabete-ezy.com\/es\/producto\/banda-para-diabetes-con-bomba-de-liga\/","title":{"rendered":"Bomba de liga \u2013 Banda de bomba para diabetes"},"content":{"rendered":"<div class=\"wpb-content-wrapper\"><div class=\"vc_row wpb_row row top-row m-b-md wpb_custom_034b39d9bc6c6b310d69e39f0ccf274f\"><div class=\"vc_column_container col-md-12\"><div class=\"wpb_wrapper vc_column-inner\">\r\n\t<div class=\"wpb_text_column wpb_content_element wpb_custom_7c91d232724f73626cc933bd95b25ff0\" >\r\n\t\t<div class=\"wpb_wrapper\">\r\n\t\t\t<p>C\u00f3modas, discretas y f\u00e1ciles de asegurar, nuestras bandas para bomba de liga ofrecen una soluci\u00f3n sencilla para usar un vestido y una bomba para diabetes al mismo tiempo. El liguero se lleva alrededor del muslo y se fija mediante correas el\u00e1sticas que se pliegan f\u00e1cil y sutilmente sobre la ropa interior.<\/p>\n<p><strong>Tama\u00f1os y colores<\/strong><\/p>\n<p>Talla \u00fanica, con una medida m\u00ednima de muslo de 47 cm. Las bandas con bomba de liga Diabete-ezy est\u00e1n disponibles en negro y nude.<\/p>\n<p>Adecuado para productos que incluyen, entre otros:<\/p>\n<ul>\n<li>Ypsomed<\/li>\n<li>Medtronic MiniMed 670G\/640G<\/li>\n<li>T\u00e1ndem T-Slim<\/li>\n<li>Accu-Chek Solo<\/li>\n<li>Paradigma Veo<\/li>\n<\/ul>\n\r\n\t\t<\/div>\r\n\t<\/div>\r\n<\/div><\/div><\/div>\n<\/div>","protected":false},"excerpt":{"rendered":"<p>C\u00f3moda, discreta y f\u00e1cil de asegurar, nuestra banda para bomba de diabetes con bomba de liga ofrece una soluci\u00f3n sencilla para usar un vestido y una bomba de diabetes al mismo tiempo.<\/p>","protected":false},"featured_media":53609,"comment_status":"open","ping_status":"closed","template":"","meta":[],"product_brand":[],"product_cat":[90],"product_tag":[196],"class_list":{"0":"post-2521","1":"product","2":"type-product","3":"status-publish","4":"has-post-thumbnail","6":"product_cat-insulin-pump-accessories","7":"product_tag-insulin-pump-accesories","9":"first","10":"instock","11":"taxable","12":"shipping-taxable","13":"purchasable","14":"product-type-variable"},"_links":{"self":[{"href":"https:\/\/www.diabete-ezy.com\/es\/wp-json\/wp\/v2\/product\/2521","targetHints":{"allow":["GET"]}}],"collection":[{"href":"https:\/\/www.diabete-ezy.com\/es\/wp-json\/wp\/v2\/product"}],"about":[{"href":"https:\/\/www.diabete-ezy.com\/es\/wp-json\/wp\/v2\/types\/product"}],"replies":[{"embeddable":true,"href":"https:\/\/www.diabete-ezy.com\/es\/wp-json\/wp\/v2\/comments?post=2521"}],"wp:featuredmedia":[{"embeddable":true,"href":"https:\/\/www.diabete-ezy.com\/es\/wp-json\/wp\/v2\/media\/53609"}],"wp:attachment":[{"href":"https:\/\/www.diabete-ezy.com\/es\/wp-json\/wp\/v2\/media?parent=2521"}],"wp:term":[{"taxonomy":"product_brand","embeddable":true,"href":"https:\/\/www.diabete-ezy.com\/es\/wp-json\/wp\/v2\/product_brand?post=2521"},{"taxonomy":"product_cat","embeddable":true,"href":"https:\/\/www.diabete-ezy.com\/es\/wp-json\/wp\/v2\/product_cat?post=2521"},{"taxonomy":"product_tag","embeddable":true,"href":"https:\/\/www.diabete-ezy.com\/es\/wp-json\/wp\/v2\/product_tag?post=2521"}],"curies":[{"name":"wp","href":"https:\/\/api.w.org\/{rel}","templated":true}]}}