{"id":2537,"date":"2019-10-03T23:40:52","date_gmt":"2019-10-03T13:40:52","guid":{"rendered":"https:\/\/www.diabete-ezy.com\/?post_type=product&#038;p=2537"},"modified":"2025-12-10T18:12:44","modified_gmt":"2025-12-10T08:12:44","slug":"paquete-de-cuidados-multiples","status":"publish","type":"product","link":"https:\/\/www.diabete-ezy.com\/es\/producto\/paquete-de-cuidados-multiples\/","title":{"rendered":"Paquete multicuidados"},"content":{"rendered":"<div class=\"wpb-content-wrapper\"><div class=\"vc_row wpb_row row top-row m-b-md wpb_custom_034b39d9bc6c6b310d69e39f0ccf274f\"><div class=\"vc_column_container col-md-12\"><div class=\"wpb_wrapper vc_column-inner\">\r\n\t<div class=\"wpb_text_column wpb_content_element wpb_custom_7c91d232724f73626cc933bd95b25ff0\" >\r\n\t\t<div class=\"wpb_wrapper\">\r\n\t\t\t<p><strong>Qu\u00e9 est\u00e1 incluido<\/strong><\/p>\n<p>El paquete Diabetes-ezy Multi-care Pack contiene:<\/p>\n<ul>\n<li>1 funda multifunci\u00f3n para Diabetes-ezy.<\/li>\n<\/ul>\n<p>Los estuches multiajuste son adecuados tanto para diab\u00e9ticos tipo 1 como 2. La funda exterior est\u00e1 hecha de un material resistente y f\u00e1cil de limpiar con un asa con cord\u00f3n, mientras que se utilizan elementos el\u00e1sticos y de velcro para sujetar el equipo en su lugar.<\/p>\n<ul>\n<li>1 x cintur\u00f3n de bomba c\u00f3moda para Diabetes-ezy<\/li>\n<\/ul>\n<p>Los cinturones Comfy-Pump son c\u00f3modos y livianos. Se ajustan perfectamente a tu cintura\/caderas para que puedas llevar discretamente tu bomba para diabetes debajo de tu ropa en uno de sus bolsillos incorporados.<\/p>\n<ul>\n<li>1 paquete de inicio de toallitas de prueba para Diabetes-ezy<\/li>\n<\/ul>\n<p>Las toallitas de prueba Diabete-ezy no contienen alcohol y se utilizan para eliminar los residuos de comida y suciedad antes de una prueba de glucosa en sangre y el exceso de sangre despu\u00e9s de la prueba. Los paquetes de inicio vienen completos con una caja dispensadora f\u00e1cil de usar y 100 toallitas de prueba para garantizar una prueba de glucosa en sangre confiable, sin importar d\u00f3nde se encuentre.<\/p>\n<ul>\n<li>1 paquete de recambio de toallitas de prueba para diabetes-ezy<\/li>\n<\/ul>\n<p>Los paquetes de recarga constan de 8 recambios de 25 toallitas, lo que da un total de 200 toallitas. Estos 8 recipientes de repuesto est\u00e1n sellados con papel de aluminio para garantizar que las toallitas permanezcan h\u00famedas hasta que se necesiten.<\/p>\n<ul>\n<li>1 libro de registro de bomba Diabetes-ezy.<\/li>\n<\/ul>\n<p>El Libro de registro de la bomba es muy \u00fatil para que los usuarios de bombas para la diabetes realicen un seguimiento de su rutina y patrones diarios para ayudar con el control eficaz de la diabetes.<\/p>\n<p>El estuche se adapta a la mayor\u00eda de los medidores de glucosa en sangre, incluidos:<\/p>\n<ul>\n<li>Abbott, Optium Xceed,Onetouch, Freestyle, Accu-Check, Fora 6 Connect, Dario LC, OneTouch Ultra, Caretouch, Prodigy Voice, Auvon,True meditric, Accutrend, Contour Next y otros lectores de glucosa en sangre de tama\u00f1o similar, a, Integra, Go , Tarjeta Senso, CareSens, TrueTrack<\/li>\n<\/ul>\n\r\n\t\t<\/div>\r\n\t<\/div>\r\n<\/div><\/div><\/div>\n<\/div>","protected":false},"excerpt":{"rendered":"<p>Ayude a controlar mejor su diabetes con el paquete Multi-care que contiene un estuche Multi-fit, un cintur\u00f3n Comfy-pump, toallitas de prueba y un libro de registro de diabetes.<\/p>","protected":false},"featured_media":53571,"comment_status":"open","ping_status":"closed","template":"","meta":[],"product_brand":[],"product_cat":[86,88,90,105,107],"product_tag":[196],"class_list":{"0":"post-2537","1":"product","2":"type-product","3":"status-publish","4":"has-post-thumbnail","6":"product_cat-diabetes-cases","7":"product_cat-diabetes-cleaning-wipes","8":"product_cat-insulin-pump-accessories","9":"product_cat-log-books","10":"product_cat-specials","11":"product_tag-insulin-pump-accesories","13":"first","14":"instock","15":"sale","16":"taxable","17":"shipping-taxable","18":"purchasable","19":"product-type-variable"},"_links":{"self":[{"href":"https:\/\/www.diabete-ezy.com\/es\/wp-json\/wp\/v2\/product\/2537","targetHints":{"allow":["GET"]}}],"collection":[{"href":"https:\/\/www.diabete-ezy.com\/es\/wp-json\/wp\/v2\/product"}],"about":[{"href":"https:\/\/www.diabete-ezy.com\/es\/wp-json\/wp\/v2\/types\/product"}],"replies":[{"embeddable":true,"href":"https:\/\/www.diabete-ezy.com\/es\/wp-json\/wp\/v2\/comments?post=2537"}],"wp:featuredmedia":[{"embeddable":true,"href":"https:\/\/www.diabete-ezy.com\/es\/wp-json\/wp\/v2\/media\/53571"}],"wp:attachment":[{"href":"https:\/\/www.diabete-ezy.com\/es\/wp-json\/wp\/v2\/media?parent=2537"}],"wp:term":[{"taxonomy":"product_brand","embeddable":true,"href":"https:\/\/www.diabete-ezy.com\/es\/wp-json\/wp\/v2\/product_brand?post=2537"},{"taxonomy":"product_cat","embeddable":true,"href":"https:\/\/www.diabete-ezy.com\/es\/wp-json\/wp\/v2\/product_cat?post=2537"},{"taxonomy":"product_tag","embeddable":true,"href":"https:\/\/www.diabete-ezy.com\/es\/wp-json\/wp\/v2\/product_tag?post=2537"}],"curies":[{"name":"wp","href":"https:\/\/api.w.org\/{rel}","templated":true}]}}