{"id":2551,"date":"2019-10-04T01:27:13","date_gmt":"2019-10-03T15:27:13","guid":{"rendered":"https:\/\/www.diabete-ezy.com\/?post_type=product&#038;p=2551"},"modified":"2025-12-10T18:14:03","modified_gmt":"2025-12-10T08:14:03","slug":"caso-ajuste-ezy","status":"publish","type":"product","link":"https:\/\/www.diabete-ezy.com\/es\/producto\/caso-ajuste-ezy\/","title":{"rendered":"Estuche Ezy-fit"},"content":{"rendered":"<div class=\"wpb-content-wrapper\"><div class=\"vc_row wpb_row row top-row m-b-md wpb_custom_034b39d9bc6c6b310d69e39f0ccf274f\"><div class=\"vc_column_container col-md-12\"><div class=\"wpb_wrapper vc_column-inner\">\r\n\t<div class=\"wpb_text_column wpb_content_element wpb_custom_7c91d232724f73626cc933bd95b25ff0\" >\r\n\t\t<div class=\"wpb_wrapper\">\r\n\t\t\t<p>El estuche Ezy-fit re\u00fane todas sus necesidades diarias para la diabetes en un solo lugar. La carcasa exterior est\u00e1 hecha de un material resistente y f\u00e1cil de limpiar. Las caracter\u00edsticas interiores del estuche incluyen alojamiento para un libro de registro, bol\u00edgrafo, plan de gesti\u00f3n personalizado del tama\u00f1o de una tarjeta, 2 agujas para bol\u00edgrafo, dispensador de toallitas reactivas, medidor de BGL, dispositivo de lanceta, tiras reactivas, recambios de puntas de aguja, lancetas y un compartimento para basura y otro equipo.<\/p>\n<p>El estuche se adapta a la mayor\u00eda de los medidores de glucosa en sangre, incluidos:<\/p>\n<ul>\n<li>Abbott, Optium Xceed,Onetouch, Freestyle, Accu-Check, Fora 6 Connect, Dario LC, OneTouch Ultra, Caretouch, Prodigy Voice, Auvon,True meditric, Accutrend, Contour Next y otros lectores de glucosa en sangre de tama\u00f1o similar, a, Integra, Go , Tarjeta Senso, CareSens, TrueTrack<\/li>\n<\/ul>\n\r\n\t\t<\/div>\r\n\t<\/div>\r\n\r\n\t<div class=\"wpb_single_image wpb_content_element vc_align_center wpb_content_element  wpb_custom_81a4f7ef9830bf958462581aa01150fb\"><div class=\"wpb_wrapper\">\r\n\t\t\t\r\n\t\t\t<div class=\"vc_single_image-wrapper vc_box_shadow_border  vc_box_border_grey\"><img decoding=\"async\" data-vc-zoom=\"https:\/\/www.diabete-ezy.com\/wp-content\/uploads\/2019\/10\/Ezy-fit-Case-with-labels.jpg\" width=\"600\" height=\"455\" src=\"https:\/\/www.diabete-ezy.com\/wp-content\/uploads\/2019\/10\/Ezy-fit-Case-with-labels.jpg\" class=\"vc_single_image-img attachment-full\" alt=\"\" title=\"Estuche-con-etiquetas-ezy-fit\" srcset=\"https:\/\/www.diabete-ezy.com\/wp-content\/uploads\/2019\/10\/Ezy-fit-Case-with-labels.jpg 600w, https:\/\/www.diabete-ezy.com\/wp-content\/uploads\/2019\/10\/Ezy-fit-Case-with-labels-400x303.jpg 400w, https:\/\/www.diabete-ezy.com\/wp-content\/uploads\/2019\/10\/Ezy-fit-Case-with-labels-367x278.jpg 367w\" sizes=\"(max-width: 600px) 100vw, 600px\" \/><\/div>\r\n\t\t<\/div>\r\n\t<\/div>\r\n<\/div><\/div><\/div>\n<\/div>","protected":false},"excerpt":{"rendered":"<p>El estuche Ezy-Fit Diabetes incluye todas sus necesidades diarias para la diabetes en un solo lugar, lo que ayuda a que el control de la diabetes sea... f\u00e1cil.<\/p>","protected":false},"featured_media":53599,"comment_status":"open","ping_status":"closed","template":"","meta":[],"product_brand":[],"product_cat":[86],"product_tag":[269,270,271],"class_list":{"0":"post-2551","1":"product","2":"type-product","3":"status-publish","4":"has-post-thumbnail","6":"product_cat-diabetes-cases","7":"product_tag-diabetes-bag","8":"product_tag-diabetes-case","9":"product_tag-diabetes-management","11":"first","12":"instock","13":"taxable","14":"shipping-taxable","15":"purchasable","16":"product-type-variable"},"_links":{"self":[{"href":"https:\/\/www.diabete-ezy.com\/es\/wp-json\/wp\/v2\/product\/2551","targetHints":{"allow":["GET"]}}],"collection":[{"href":"https:\/\/www.diabete-ezy.com\/es\/wp-json\/wp\/v2\/product"}],"about":[{"href":"https:\/\/www.diabete-ezy.com\/es\/wp-json\/wp\/v2\/types\/product"}],"replies":[{"embeddable":true,"href":"https:\/\/www.diabete-ezy.com\/es\/wp-json\/wp\/v2\/comments?post=2551"}],"wp:featuredmedia":[{"embeddable":true,"href":"https:\/\/www.diabete-ezy.com\/es\/wp-json\/wp\/v2\/media\/53599"}],"wp:attachment":[{"href":"https:\/\/www.diabete-ezy.com\/es\/wp-json\/wp\/v2\/media?parent=2551"}],"wp:term":[{"taxonomy":"product_brand","embeddable":true,"href":"https:\/\/www.diabete-ezy.com\/es\/wp-json\/wp\/v2\/product_brand?post=2551"},{"taxonomy":"product_cat","embeddable":true,"href":"https:\/\/www.diabete-ezy.com\/es\/wp-json\/wp\/v2\/product_cat?post=2551"},{"taxonomy":"product_tag","embeddable":true,"href":"https:\/\/www.diabete-ezy.com\/es\/wp-json\/wp\/v2\/product_tag?post=2551"}],"curies":[{"name":"wp","href":"https:\/\/api.w.org\/{rel}","templated":true}]}}