{"id":2574,"date":"2019-10-04T02:14:23","date_gmt":"2019-10-03T16:14:23","guid":{"rendered":"https:\/\/www.diabete-ezy.com\/?post_type=product&#038;p=2574"},"modified":"2025-12-10T18:13:53","modified_gmt":"2025-12-10T08:13:53","slug":"estuche-multiajuste","status":"publish","type":"product","link":"https:\/\/www.diabete-ezy.com\/es\/producto\/estuche-multiajuste\/","title":{"rendered":"Estuche multiajuste"},"content":{"rendered":"<div class=\"wpb-content-wrapper\"><div class=\"vc_row wpb_row row top-row m-b-md wpb_custom_034b39d9bc6c6b310d69e39f0ccf274f\"><div class=\"vc_column_container col-md-12\"><div class=\"wpb_wrapper vc_column-inner\">\r\n\t<div class=\"wpb_text_column wpb_content_element wpb_custom_7c91d232724f73626cc933bd95b25ff0\" >\r\n\t\t<div class=\"wpb_wrapper\">\r\n\t\t\t<p>El elegante estuche Multi-fit lleva todo lo que lleva el estuche Ezy-fit y mucho m\u00e1s. Este nuevo dise\u00f1o es adecuado tanto para diab\u00e9ticos tipo 1 como para diab\u00e9ticos tipo 2. La funda exterior est\u00e1 hecha de un material resistente y f\u00e1cil de limpiar con un asa con cord\u00f3n, mientras que se utilizan elementos el\u00e1sticos y de velcro para sujetar el equipo en su lugar.<\/p>\n<p>El compartimento superior lleva un medidor de glucosa en sangre, 2 agujas para bol\u00edgrafo, tiras reactivas de aluminio o en bote, un dispositivo de lanceta, viales de medicamentos, toallitas reactivas, un libro de registro, un plan de gesti\u00f3n personalizado del tama\u00f1o de una tarjeta, un bol\u00edgrafo, una aguja y puntas de lanceta. as\u00ed como un contenedor de basura. En el compartimento inferior se pueden guardar consumibles para la bomba, un Hypokit GlucaGen, gominolas o comida para tratamientos hipo, pilas de repuesto, toallitas reactivas, tiras reactivas, otros medicamentos o incluso dinero y tarjetas de cr\u00e9dito.<\/p>\n<p>El estuche se adapta a la mayor\u00eda de los medidores de glucosa en sangre, incluidos:<\/p>\n<ul>\n<li>Abbott, Optium Xceed,Onetouch, Freestyle, Accu-Check, Fora 6 Connect, Dario LC, OneTouch Ultra, Caretouch, Prodigy Voice, Auvon,True meditric, Accutrend, Contour Next y otros lectores de glucosa en sangre de tama\u00f1o similar, a, Integra, Go , Tarjeta Senso, CareSens, TrueTrack<\/li>\n<\/ul>\n<p>Por fin, todo se puede guardar realmente en un \u00fanico lugar.<\/p>\n\r\n\t\t<\/div>\r\n\t<\/div>\r\n\r\n\t<div class=\"wpb_single_image wpb_content_element vc_align_center wpb_content_element  wpb_custom_81a4f7ef9830bf958462581aa01150fb\"><div class=\"wpb_wrapper\">\r\n\t\t\t\r\n\t\t\t<div class=\"vc_single_image-wrapper vc_box_shadow_border  vc_box_border_grey\"><img decoding=\"async\" width=\"600\" height=\"395\" src=\"https:\/\/www.diabete-ezy.com\/wp-content\/uploads\/2019\/10\/Multi-fit-with-labels.jpg\" class=\"vc_single_image-img attachment-full\" alt=\"\" title=\"Ajuste m\u00faltiple con etiquetas\" srcset=\"https:\/\/www.diabete-ezy.com\/wp-content\/uploads\/2019\/10\/Multi-fit-with-labels.jpg 600w, https:\/\/www.diabete-ezy.com\/wp-content\/uploads\/2019\/10\/Multi-fit-with-labels-400x263.jpg 400w, https:\/\/www.diabete-ezy.com\/wp-content\/uploads\/2019\/10\/Multi-fit-with-labels-367x242.jpg 367w\" sizes=\"(max-width: 600px) 100vw, 600px\" \/><\/div>\r\n\t\t<\/div>\r\n\t<\/div>\r\n<\/div><\/div><\/div>\n<\/div>","protected":false},"excerpt":{"rendered":"<p>El elegante estuche Multi-fit lleva todo lo que lleva el Ezy-Fit y mucho m\u00e1s, incluidos accesorios y consumibles del extractor, el estuche para diabetes que se adapta a sus necesidades diarias.<\/p>","protected":false},"featured_media":53573,"comment_status":"open","ping_status":"closed","template":"","meta":[],"product_brand":[],"product_cat":[86],"product_tag":[269,270,271,281],"class_list":{"0":"post-2574","1":"product","2":"type-product","3":"status-publish","4":"has-post-thumbnail","6":"product_cat-diabetes-cases","7":"product_tag-diabetes-bag","8":"product_tag-diabetes-case","9":"product_tag-diabetes-management","10":"product_tag-multi-fit-case","12":"first","13":"instock","14":"taxable","15":"shipping-taxable","16":"purchasable","17":"product-type-variable"},"_links":{"self":[{"href":"https:\/\/www.diabete-ezy.com\/es\/wp-json\/wp\/v2\/product\/2574","targetHints":{"allow":["GET"]}}],"collection":[{"href":"https:\/\/www.diabete-ezy.com\/es\/wp-json\/wp\/v2\/product"}],"about":[{"href":"https:\/\/www.diabete-ezy.com\/es\/wp-json\/wp\/v2\/types\/product"}],"replies":[{"embeddable":true,"href":"https:\/\/www.diabete-ezy.com\/es\/wp-json\/wp\/v2\/comments?post=2574"}],"wp:featuredmedia":[{"embeddable":true,"href":"https:\/\/www.diabete-ezy.com\/es\/wp-json\/wp\/v2\/media\/53573"}],"wp:attachment":[{"href":"https:\/\/www.diabete-ezy.com\/es\/wp-json\/wp\/v2\/media?parent=2574"}],"wp:term":[{"taxonomy":"product_brand","embeddable":true,"href":"https:\/\/www.diabete-ezy.com\/es\/wp-json\/wp\/v2\/product_brand?post=2574"},{"taxonomy":"product_cat","embeddable":true,"href":"https:\/\/www.diabete-ezy.com\/es\/wp-json\/wp\/v2\/product_cat?post=2574"},{"taxonomy":"product_tag","embeddable":true,"href":"https:\/\/www.diabete-ezy.com\/es\/wp-json\/wp\/v2\/product_tag?post=2574"}],"curies":[{"name":"wp","href":"https:\/\/api.w.org\/{rel}","templated":true}]}}