{"id":2647,"date":"2019-10-04T20:46:56","date_gmt":"2019-10-04T10:46:56","guid":{"rendered":"https:\/\/www.diabete-ezy.com\/?post_type=product&#038;p=2647"},"modified":"2025-10-07T17:12:02","modified_gmt":"2025-10-07T07:12:02","slug":"paquete-de-inicio-de-limpieza-de-prueba","status":"publish","type":"product","link":"https:\/\/www.diabete-ezy.com\/es\/producto\/paquete-de-inicio-de-limpieza-de-prueba\/","title":{"rendered":"Paquete de inicio de limpieza de prueba"},"content":{"rendered":"<div class=\"wpb-content-wrapper\"><div class=\"vc_row wpb_row row top-row m-b-md wpb_custom_034b39d9bc6c6b310d69e39f0ccf274f\"><div class=\"vc_column_container col-md-12\"><div class=\"wpb_wrapper vc_column-inner\">\r\n\t<div class=\"wpb_text_column wpb_content_element wpb_custom_7c91d232724f73626cc933bd95b25ff0\" >\r\n\t\t<div class=\"wpb_wrapper\">\r\n\t\t\t<p>La caja dispensadora est\u00e1 dise\u00f1ada para caber f\u00e1cilmente en la mayor\u00eda de los estuches de prueba y proporciona una forma c\u00f3moda y sencilla de limpiar el sitio de prueba antes y despu\u00e9s de la prueba de BGL. Las toallitas de prueba tambi\u00e9n son excelentes para limpiar los sitios de la bomba para la diabetes antes de insertarla y una vez que se ha retirado el sitio.<\/p>\n<p>Ya sea que tenga diabetes tipo 1 o tipo 2, una lectura precisa de su nivel de glucosa en sangre (BGL) es vital. Lavarse las manos antes de realizar la prueba parece una soluci\u00f3n sencilla para eliminar todas las impurezas, como zumo de frutas, comida y suciedad. Sin embargo, en el ajetreo de la vida diaria, cuando est\u00e1s en el coche o en un picnic, esto no siempre es f\u00e1cil.<\/p>\n<p>Las toallitas de prueba Diabete-ezy no contienen alcohol y est\u00e1n dise\u00f1adas para eliminar cualquier residuo de comida o suciedad de la yema del dedo de forma segura y eficaz. Las toallitas de prueba tambi\u00e9n se pueden usar para extraer sangre despu\u00e9s de la prueba y se pueden usar para preparar el sitio para una bomba para diabetes. La soluci\u00f3n utilizada en las toallitas de prueba es gluconato de clorhexidina 2%.<\/p>\n<p>Los Starter Packs vienen completos con una caja dispensadora f\u00e1cil de usar y 100 toallitas.<\/p>\n<p>La caja dispensadora est\u00e1 dise\u00f1ada para caber f\u00e1cilmente en la mayor\u00eda de los estuches de prueba y proporciona una forma c\u00f3moda y sencilla de garantizar una prueba de glucosa en sangre confiable, sin importar d\u00f3nde se encuentre.<\/p>\n<p><strong>Una de nuestras experiencias al no tener los dedos limpios antes de realizar la prueba\u2026<\/strong><\/p>\n<p>Era el d\u00eda de la guarder\u00eda de Freddie, recib\u00ed una llamada telef\u00f3nica a la hora del almuerzo alert\u00e1ndome del hecho de que su BGL era de 21 mml. S\u00e9 que ten\u00eda 6,2 mml en el t\u00e9 de la ma\u00f1ana y s\u00e9 que lo que comi\u00f3 en el t\u00e9 de la ma\u00f1ana no aumentar\u00eda tanto sus niveles. Le pregunt\u00e9 si se hab\u00eda lavado las manos antes de la prueba y me dijeron que s\u00ed. Por lo general, le dar\u00edamos una inyecci\u00f3n adicional para bajar un nivel de 21 mml, pero les pregunt\u00e9 si pod\u00edan usar las toallitas de prueba que ten\u00eda en la caja de su medidor para limpiarle el dedo y volver a realizar la prueba, su nivel baj\u00f3 a 13 mml.<\/p>\n<p>A menudo me pregunto qu\u00e9 habr\u00eda pasado si no les hubiera vuelto a hacer la prueba y simplemente le hubieran puesto la inyecci\u00f3n... podr\u00edamos haber pasado la noche en el hospital porque Fred pudo haber tenido una hipoglucemia grave. \u00a1\u00a1Nunca conf\u00edes en un ni\u00f1o de 3 a\u00f1os cuando dice que se ha lavado las manos!!<\/p>\n\r\n\t\t<\/div>\r\n\t<\/div>\r\n<\/div><\/div><\/div>\n<\/div>","protected":false},"excerpt":{"rendered":"<p>Las toallitas para prueba de diabetes-ezy no contienen alcohol y se usan para eliminar los residuos de comida y suciedad antes de una prueba de glucosa en sangre y el exceso de sangre despu\u00e9s de la prueba.<\/p>","protected":false},"featured_media":53605,"comment_status":"open","ping_status":"closed","template":"","meta":[],"product_brand":[],"product_cat":[88],"product_tag":[292],"class_list":{"0":"post-2647","1":"product","2":"type-product","3":"status-publish","4":"has-post-thumbnail","6":"product_cat-diabetes-cleaning-wipes","7":"product_tag-cleaning-wipes","9":"first","10":"instock","11":"taxable","12":"shipping-taxable","13":"purchasable","14":"product-type-simple"},"_links":{"self":[{"href":"https:\/\/www.diabete-ezy.com\/es\/wp-json\/wp\/v2\/product\/2647","targetHints":{"allow":["GET"]}}],"collection":[{"href":"https:\/\/www.diabete-ezy.com\/es\/wp-json\/wp\/v2\/product"}],"about":[{"href":"https:\/\/www.diabete-ezy.com\/es\/wp-json\/wp\/v2\/types\/product"}],"replies":[{"embeddable":true,"href":"https:\/\/www.diabete-ezy.com\/es\/wp-json\/wp\/v2\/comments?post=2647"}],"wp:featuredmedia":[{"embeddable":true,"href":"https:\/\/www.diabete-ezy.com\/es\/wp-json\/wp\/v2\/media\/53605"}],"wp:attachment":[{"href":"https:\/\/www.diabete-ezy.com\/es\/wp-json\/wp\/v2\/media?parent=2647"}],"wp:term":[{"taxonomy":"product_brand","embeddable":true,"href":"https:\/\/www.diabete-ezy.com\/es\/wp-json\/wp\/v2\/product_brand?post=2647"},{"taxonomy":"product_cat","embeddable":true,"href":"https:\/\/www.diabete-ezy.com\/es\/wp-json\/wp\/v2\/product_cat?post=2647"},{"taxonomy":"product_tag","embeddable":true,"href":"https:\/\/www.diabete-ezy.com\/es\/wp-json\/wp\/v2\/product_tag?post=2647"}],"curies":[{"name":"wp","href":"https:\/\/api.w.org\/{rel}","templated":true}]}}