{"id":2673,"date":"2019-10-04T22:29:23","date_gmt":"2019-10-04T12:29:23","guid":{"rendered":"https:\/\/www.diabete-ezy.com\/?post_type=product&#038;p=2673"},"modified":"2025-10-07T17:08:23","modified_gmt":"2025-10-07T07:08:23","slug":"dialog-it-libro","status":"publish","type":"product","link":"https:\/\/www.diabete-ezy.com\/es\/producto\/dialog-it-libro\/","title":{"rendered":"Libro de di\u00e1logo"},"content":{"rendered":"<div class=\"wpb-content-wrapper\"><div class=\"vc_row wpb_row row top-row wpb_custom_034b39d9bc6c6b310d69e39f0ccf274f\"><div class=\"vc_column_container col-md-12\"><div class=\"wpb_wrapper vc_column-inner\">\r\n\t<div class=\"wpb_text_column wpb_content_element wpb_custom_7c91d232724f73626cc933bd95b25ff0\" >\r\n\t\t<div class=\"wpb_wrapper\">\r\n\t\t\t<p>El Libro de registro Dia-log-it es muy \u00fatil para realizar un seguimiento de su rutina diaria, ya que muchas cosas influyen en su cuerpo cuando tiene diabetes.<\/p>\n<p>El tipo y la cantidad de alimentos que come, el ejercicio que hace, las horas en que mide su nivel de glucosa en sangre, sus comidas y la cantidad de medicamentos que toma afectan su cuerpo de diferentes maneras. Si registra este tipo de informaci\u00f3n, comenzar\u00e1 a comprender c\u00f3mo todas estas cosas pueden combinarse y afectar su cuerpo. Este conocimiento le permitir\u00e1 comprender mejor c\u00f3mo puede controlar su diabetes de la mejor manera posible.<\/p>\n<p><strong>\u00bfQu\u00e9 hay adentro?<\/strong><\/p>\n<p>El libro de registro Dia-log-it le permite registrar:<\/p>\n<ul>\n<li>Hasta 7 veces de prueba por d\u00eda.<\/li>\n<li>Nivel de glucosa en sangre.<\/li>\n<li>Alimentos que se han ingerido.<\/li>\n<li>Cantidad de medicamento tomado.<\/li>\n<li>Actividad o ejercicio.<\/li>\n<li>3 meses de informaci\u00f3n.<\/li>\n<\/ul>\n<div id=\"gtx-trans\" style=\"position: absolute; left: 965px; top: 54px;\">\n<div class=\"gtx-trans-icon\"><\/div>\n<\/div>\n\r\n\t\t<\/div>\r\n\t<\/div>\r\n<\/div><\/div><\/div>\n<\/div>","protected":false},"excerpt":{"rendered":"<p>El Libro de registro Dia-log-it es muy \u00fatil para realizar un seguimiento de su rutina diaria, ya que muchas cosas influyen en su cuerpo cuando tiene diabetes.<\/p>","protected":false},"featured_media":53638,"comment_status":"open","ping_status":"closed","template":"","meta":[],"product_brand":[],"product_cat":[105],"product_tag":[271,286,287],"class_list":{"0":"post-2673","1":"product","2":"type-product","3":"status-publish","4":"has-post-thumbnail","6":"product_cat-log-books","7":"product_tag-diabetes-management","8":"product_tag-log-book","9":"product_tag-record-book","11":"first","12":"instock","13":"taxable","14":"shipping-taxable","15":"purchasable","16":"product-type-simple"},"_links":{"self":[{"href":"https:\/\/www.diabete-ezy.com\/es\/wp-json\/wp\/v2\/product\/2673","targetHints":{"allow":["GET"]}}],"collection":[{"href":"https:\/\/www.diabete-ezy.com\/es\/wp-json\/wp\/v2\/product"}],"about":[{"href":"https:\/\/www.diabete-ezy.com\/es\/wp-json\/wp\/v2\/types\/product"}],"replies":[{"embeddable":true,"href":"https:\/\/www.diabete-ezy.com\/es\/wp-json\/wp\/v2\/comments?post=2673"}],"wp:featuredmedia":[{"embeddable":true,"href":"https:\/\/www.diabete-ezy.com\/es\/wp-json\/wp\/v2\/media\/53638"}],"wp:attachment":[{"href":"https:\/\/www.diabete-ezy.com\/es\/wp-json\/wp\/v2\/media?parent=2673"}],"wp:term":[{"taxonomy":"product_brand","embeddable":true,"href":"https:\/\/www.diabete-ezy.com\/es\/wp-json\/wp\/v2\/product_brand?post=2673"},{"taxonomy":"product_cat","embeddable":true,"href":"https:\/\/www.diabete-ezy.com\/es\/wp-json\/wp\/v2\/product_cat?post=2673"},{"taxonomy":"product_tag","embeddable":true,"href":"https:\/\/www.diabete-ezy.com\/es\/wp-json\/wp\/v2\/product_tag?post=2673"}],"curies":[{"name":"wp","href":"https:\/\/api.w.org\/{rel}","templated":true}]}}