{"id":2677,"date":"2019-10-04T22:35:27","date_gmt":"2019-10-04T12:35:27","guid":{"rendered":"https:\/\/www.diabete-ezy.com\/?post_type=product&#038;p=2677"},"modified":"2025-10-07T17:08:17","modified_gmt":"2025-10-07T07:08:17","slug":"libro-de-registro-de-la-bomba","status":"publish","type":"product","link":"https:\/\/www.diabete-ezy.com\/es\/producto\/libro-de-registro-de-la-bomba\/","title":{"rendered":"Libro de registro de bombas"},"content":{"rendered":"<div class=\"wpb-content-wrapper\"><div class=\"vc_row wpb_row row top-row wpb_custom_034b39d9bc6c6b310d69e39f0ccf274f\"><div class=\"vc_column_container col-md-12\"><div class=\"wpb_wrapper vc_column-inner\">\r\n\t<div class=\"wpb_text_column wpb_content_element wpb_custom_7c91d232724f73626cc933bd95b25ff0\" >\r\n\t\t<div class=\"wpb_wrapper\">\r\n\t\t\t<p>El Libro de registro de la bomba es muy \u00fatil para realizar un seguimiento de su rutina diaria, ya que muchas cosas influyen en su cuerpo cuando tiene diabetes. El tipo y la cantidad de alimentos que come, el ejercicio que hace, las horas en que mide su nivel de glucosa en sangre, sus comidas y la cantidad de medicamentos que toma afectan su cuerpo de diferentes maneras. Si registra este tipo de informaci\u00f3n, comenzar\u00e1 a comprender c\u00f3mo todas estas cosas pueden combinarse y afectar su cuerpo. Este conocimiento le permitir\u00e1 comprender mejor c\u00f3mo puede controlar su diabetes de la mejor manera posible. El Libro de registro de la bomba tambi\u00e9n le permite registrar toda la informaci\u00f3n relevante necesaria para gestionar su bomba para diabetes con la mayor precisi\u00f3n posible.<\/p>\n<p><strong>\u00bfQu\u00e9 hay adentro?<\/strong><\/p>\n<p>El Libro de registro de bombas le permite registrar:<\/p>\n<ul>\n<li>Hasta 7 veces de prueba por d\u00eda.<\/li>\n<li>Niveles de glucosa en sangre.<\/li>\n<li>Tipo de alimento que se ha ingerido.<\/li>\n<li>Valor total de carbohidratos de los alimentos consumidos.<\/li>\n<li>Medicaci\u00f3n sugerida para la alimentaci\u00f3n.<\/li>\n<li>Dosis de correcci\u00f3n.<\/li>\n<li>Medicaci\u00f3n activa o actividad.<\/li>\n<li>Bolo de comida total.<\/li>\n<li>Cambios en las tasas de bolo y basales.<\/li>\n<li>2 meses de informaci\u00f3n.<\/li>\n<\/ul>\n<div id=\"gtx-trans\" style=\"position: absolute; left: 113px; top: 374px;\">\n<div class=\"gtx-trans-icon\"><\/div>\n<\/div>\n<div id=\"gtx-trans\" style=\"position: absolute; left: 113px; top: 374px;\">\n<div class=\"gtx-trans-icon\"><\/div>\n<\/div>\n\r\n\t\t<\/div>\r\n\t<\/div>\r\n<\/div><\/div><\/div>\n<\/div>","protected":false},"excerpt":{"rendered":"<p>El Libro de registro de la bomba es \u00fatil para que los usuarios de bombas para la diabetes realicen un seguimiento de su rutina y patrones diarios para ayudar con el control eficaz de la diabetes.<\/p>","protected":false},"featured_media":53643,"comment_status":"open","ping_status":"closed","template":"","meta":[],"product_brand":[],"product_cat":[105],"product_tag":[271,286,287],"class_list":{"0":"post-2677","1":"product","2":"type-product","3":"status-publish","4":"has-post-thumbnail","6":"product_cat-log-books","7":"product_tag-diabetes-management","8":"product_tag-log-book","9":"product_tag-record-book","11":"first","12":"instock","13":"taxable","14":"shipping-taxable","15":"purchasable","16":"product-type-simple"},"_links":{"self":[{"href":"https:\/\/www.diabete-ezy.com\/es\/wp-json\/wp\/v2\/product\/2677","targetHints":{"allow":["GET"]}}],"collection":[{"href":"https:\/\/www.diabete-ezy.com\/es\/wp-json\/wp\/v2\/product"}],"about":[{"href":"https:\/\/www.diabete-ezy.com\/es\/wp-json\/wp\/v2\/types\/product"}],"replies":[{"embeddable":true,"href":"https:\/\/www.diabete-ezy.com\/es\/wp-json\/wp\/v2\/comments?post=2677"}],"wp:featuredmedia":[{"embeddable":true,"href":"https:\/\/www.diabete-ezy.com\/es\/wp-json\/wp\/v2\/media\/53643"}],"wp:attachment":[{"href":"https:\/\/www.diabete-ezy.com\/es\/wp-json\/wp\/v2\/media?parent=2677"}],"wp:term":[{"taxonomy":"product_brand","embeddable":true,"href":"https:\/\/www.diabete-ezy.com\/es\/wp-json\/wp\/v2\/product_brand?post=2677"},{"taxonomy":"product_cat","embeddable":true,"href":"https:\/\/www.diabete-ezy.com\/es\/wp-json\/wp\/v2\/product_cat?post=2677"},{"taxonomy":"product_tag","embeddable":true,"href":"https:\/\/www.diabete-ezy.com\/es\/wp-json\/wp\/v2\/product_tag?post=2677"}],"curies":[{"name":"wp","href":"https:\/\/api.w.org\/{rel}","templated":true}]}}