{"id":2353,"date":"2019-10-03T19:59:08","date_gmt":"2019-10-03T09:59:08","guid":{"rendered":"https:\/\/www.diabete-ezy.com\/?post_type=product&#038;p=2353"},"modified":"2025-12-10T18:07:43","modified_gmt":"2025-12-10T08:07:43","slug":"lot-de-2-ceintures-de-pompe-confortables","status":"publish","type":"product","link":"https:\/\/www.diabete-ezy.com\/fr\/produit\/lot-de-2-ceintures-de-pompe-confortables\/","title":{"rendered":"Paquet de 2 ceintures de pompe \u00e0 diab\u00e8te Comfy-pump"},"content":{"rendered":"<div class=\"wpb-content-wrapper\"><div class=\"vc_row wpb_row row top-row m-b-md wpb_custom_034b39d9bc6c6b310d69e39f0ccf274f\"><div class=\"vc_column_container col-md-12\"><div class=\"wpb_wrapper vc_column-inner\">\r\n\t<div class=\"wpb_text_column wpb_content_element wpb_custom_7c91d232724f73626cc933bd95b25ff0\" >\r\n\t\t<div class=\"wpb_wrapper\">\r\n\t\t\t<p>Les ceintures de pompe \u00e0 diab\u00e8te Comfy Pump sont fabriqu\u00e9es \u00e0 partir de tissu Lycra\/Nylon de haute qualit\u00e9 qui s&#039;adapte parfaitement \u00e0 votre taille\/hanches. Chaque ceinture poss\u00e8de un certain nombre de poches, qui vous permettent de placer la pompe \u00e0 diab\u00e8te l\u00e0 o\u00f9 bon vous semble. Dans les poches suppl\u00e9mentaires, vous pouvez transporter de la nourriture pour un traitement hypo, du mat\u00e9riel suppl\u00e9mentaire, un t\u00e9l\u00e9phone portable ou m\u00eame de l&#039;argent.<\/p>\n<p>Les produits similaires sur le march\u00e9 sont restrictifs, inconfortables et laissent un renflement assez visible sous votre chemise. Mais les ceintures Comfy Pump sont si confortables et subtiles que vous oublierez qu&#039;elles sont m\u00eame l\u00e0 et que les autres ne le remarqueront m\u00eame pas !<\/p>\n<p><strong>Convient aux pompes comprenant, mais sans s&#039;y limiter\u00a0:<\/strong><\/p>\n<ul>\n<li>Ypsomed<\/li>\n<li>Medtronic MiniMed 670G\/640G<\/li>\n<li>Tandem T-Slim<\/li>\n<li>Accu-Chek Solo<\/li>\n<li>Paradigme Veo<\/li>\n<\/ul>\n\r\n\t\t<\/div>\r\n\t<\/div>\r\n<\/div><\/div><\/div>\n<\/div>","protected":false},"excerpt":{"rendered":"<p>Les ceintures pour pompe \u00e0 diab\u00e8te Diabete-ezy Comfy-pump sont confortables et l\u00e9g\u00e8res et s&#039;adaptent parfaitement \u00e0 votre taille, ce qui signifie que vous pouvez transporter discr\u00e8tement votre pompe \u00e0 diab\u00e8te.<\/p>\n<p>&nbsp;<\/p>\n<ul>\n<li>Acheter <a href=\"https:\/\/www.diabete-ezy.com\/fr\/comfy-pump-insulin-belt\/\">1 ceinture de pompe confortable<\/a>.<\/li>\n<li>Acheter <a href=\"https:\/\/www.diabete-ezy.com\/fr\/lot-de-3-ceintures-de-pompe-confortables\/\">Paquet de 3<\/a> et b\u00e9n\u00e9ficiez d&#039;une r\u00e9duction !<\/li>\n<\/ul>","protected":false},"featured_media":53612,"comment_status":"open","ping_status":"closed","template":"","meta":[],"product_brand":[],"product_cat":[90],"product_tag":[196],"class_list":{"0":"post-2353","1":"product","2":"type-product","3":"status-publish","4":"has-post-thumbnail","6":"product_cat-insulin-pump-accessories","7":"product_tag-insulin-pump-accesories","9":"first","10":"instock","11":"taxable","12":"shipping-taxable","13":"purchasable","14":"product-type-variable"},"_links":{"self":[{"href":"https:\/\/www.diabete-ezy.com\/fr\/wp-json\/wp\/v2\/product\/2353","targetHints":{"allow":["GET"]}}],"collection":[{"href":"https:\/\/www.diabete-ezy.com\/fr\/wp-json\/wp\/v2\/product"}],"about":[{"href":"https:\/\/www.diabete-ezy.com\/fr\/wp-json\/wp\/v2\/types\/product"}],"replies":[{"embeddable":true,"href":"https:\/\/www.diabete-ezy.com\/fr\/wp-json\/wp\/v2\/comments?post=2353"}],"wp:featuredmedia":[{"embeddable":true,"href":"https:\/\/www.diabete-ezy.com\/fr\/wp-json\/wp\/v2\/media\/53612"}],"wp:attachment":[{"href":"https:\/\/www.diabete-ezy.com\/fr\/wp-json\/wp\/v2\/media?parent=2353"}],"wp:term":[{"taxonomy":"product_brand","embeddable":true,"href":"https:\/\/www.diabete-ezy.com\/fr\/wp-json\/wp\/v2\/product_brand?post=2353"},{"taxonomy":"product_cat","embeddable":true,"href":"https:\/\/www.diabete-ezy.com\/fr\/wp-json\/wp\/v2\/product_cat?post=2353"},{"taxonomy":"product_tag","embeddable":true,"href":"https:\/\/www.diabete-ezy.com\/fr\/wp-json\/wp\/v2\/product_tag?post=2353"}],"curies":[{"name":"wp","href":"https:\/\/api.w.org\/{rel}","templated":true}]}}