{"id":2432,"date":"2019-10-03T22:24:31","date_gmt":"2019-10-03T12:24:31","guid":{"rendered":"https:\/\/www.diabete-ezy.com\/?post_type=product&#038;p=2432"},"modified":"2025-12-10T18:07:53","modified_gmt":"2025-12-10T08:07:53","slug":"courroie-de-pompe-ezy-view","status":"publish","type":"product","link":"https:\/\/www.diabete-ezy.com\/fr\/produit\/courroie-de-pompe-ezy-view\/","title":{"rendered":"Ceinture de pompe confortable Ezy-view"},"content":{"rendered":"<div class=\"wpb-content-wrapper\"><div class=\"vc_row wpb_row row top-row m-b-md wpb_custom_034b39d9bc6c6b310d69e39f0ccf274f\"><div class=\"vc_column_container col-md-12\"><div class=\"wpb_wrapper vc_column-inner\">\r\n\t<div class=\"wpb_text_column wpb_content_element wpb_custom_7c91d232724f73626cc933bd95b25ff0\" >\r\n\t\t<div class=\"wpb_wrapper\">\r\n\t\t\t<p>Nos nouvelles ceintures de pompe \u00e0 diab\u00e8te Ezy-view Comfy-pump avec panneaux de visualisation en maille sont fabriqu\u00e9es \u00e0 partir du m\u00eame tissu Lycra\/Nylon de haute qualit\u00e9 qui s&#039;adapte parfaitement \u00e0 votre taille\/hanches et pr\u00e9sente les m\u00eames caract\u00e9ristiques confortables et l\u00e9g\u00e8res que la ceinture Comfy-pump originale. , avec l&#039;ajout d&#039;un panneau de visualisation en maillage. Ce panneau de visualisation en maille se trouve sur l&#039;une des nombreuses poches de ceinture. En pla\u00e7ant votre pompe \u00e0 diab\u00e8te dans la poche en filet d\u00e9sign\u00e9e, vous pourrez voir et faire fonctionner votre pompe facilement. Cette fonctionnalit\u00e9 astucieuse vous permet de saisir les aliments consomm\u00e9s et d&#039;y apporter des corrections en toute discr\u00e9tion, sans avoir \u00e0 les retirer de votre ceinture.<\/p>\n<p>Chaque ceinture poss\u00e8de un certain nombre de poches, qui vous permettent d&#039;emporter de la nourriture pour le traitement de l&#039;hypo, du mat\u00e9riel suppl\u00e9mentaire, un t\u00e9l\u00e9phone portable ou encore de l&#039;argent en plus de votre pompe \u00e0 diab\u00e8te. Le nombre de poches dans chaque ceinture varie en fonction de la taille (la ceinture X Small a 3 poches, tandis que la X Large en a 6).<\/p>\n<p>Les produits similaires sur le march\u00e9 sont restrictifs, inconfortables et laissent un renflement assez visible sous votre chemise. Mais les ceintures Ezy-view Comfy-pump sont si confortables et subtiles que vous oublierez qu&#039;elles sont m\u00eame l\u00e0 et que les autres ne le remarqueront m\u00eame pas !<\/p>\n<p><strong>Couleurs<\/strong><\/p>\n<p>Disponible en noir et nu. Les deux couleurs ont un panneau de visualisation en maille noire, con\u00e7u pour une facilit\u00e9 de visualisation accrue.<\/p>\n<p>&nbsp;<\/p>\n<p><strong>Convient aux pompes comprenant, mais sans s&#039;y limiter\u00a0:<\/strong><\/p>\n<ul>\n<li>Ypsomed<\/li>\n<li>Medtronic MiniMed 670G\/640G<\/li>\n<li>Tandem T-Slim<\/li>\n<li>Accu-Chek Solo<\/li>\n<li>Paradigme Veo<\/li>\n<\/ul>\n\r\n\t\t<\/div>\r\n\t<\/div>\r\n<\/div><\/div><\/div>\n<\/div>","protected":false},"excerpt":{"rendered":"<p>La ceinture de pompe \u00e0 diab\u00e8te Ezy-View Comfy-pump est dot\u00e9e d&#039;un panneau de visualisation en maille qui s&#039;adapte parfaitement \u00e0 votre taille\/hanches et transporte confortablement votre pompe \u00e0 diab\u00e8te.<\/p>\n<p>&nbsp;<\/p>\n<ul>\n<li>Acheter <a href=\"https:\/\/www.diabete-ezy.com\/fr\/lot-de-2-ceintures-de-pompe-confortables-ezy-view\/\">Lot de 2<\/a> et b\u00e9n\u00e9ficiez d&#039;une r\u00e9duction !<\/li>\n<li>Acheter <a href=\"https:\/\/www.diabete-ezy.com\/fr\/lot-de-3-ceintures-de-pompe-confortables-ezy-view\/\">Paquet de 3<\/a> et b\u00e9n\u00e9ficiez d&#039;une r\u00e9duction !<\/li>\n<\/ul>","protected":false},"featured_media":53628,"comment_status":"open","ping_status":"closed","template":"","meta":[],"product_brand":[],"product_cat":[90],"product_tag":[196],"class_list":{"0":"post-2432","1":"product","2":"type-product","3":"status-publish","4":"has-post-thumbnail","6":"product_cat-insulin-pump-accessories","7":"product_tag-insulin-pump-accesories","9":"first","10":"instock","11":"taxable","12":"shipping-taxable","13":"purchasable","14":"product-type-variable"},"_links":{"self":[{"href":"https:\/\/www.diabete-ezy.com\/fr\/wp-json\/wp\/v2\/product\/2432","targetHints":{"allow":["GET"]}}],"collection":[{"href":"https:\/\/www.diabete-ezy.com\/fr\/wp-json\/wp\/v2\/product"}],"about":[{"href":"https:\/\/www.diabete-ezy.com\/fr\/wp-json\/wp\/v2\/types\/product"}],"replies":[{"embeddable":true,"href":"https:\/\/www.diabete-ezy.com\/fr\/wp-json\/wp\/v2\/comments?post=2432"}],"wp:featuredmedia":[{"embeddable":true,"href":"https:\/\/www.diabete-ezy.com\/fr\/wp-json\/wp\/v2\/media\/53628"}],"wp:attachment":[{"href":"https:\/\/www.diabete-ezy.com\/fr\/wp-json\/wp\/v2\/media?parent=2432"}],"wp:term":[{"taxonomy":"product_brand","embeddable":true,"href":"https:\/\/www.diabete-ezy.com\/fr\/wp-json\/wp\/v2\/product_brand?post=2432"},{"taxonomy":"product_cat","embeddable":true,"href":"https:\/\/www.diabete-ezy.com\/fr\/wp-json\/wp\/v2\/product_cat?post=2432"},{"taxonomy":"product_tag","embeddable":true,"href":"https:\/\/www.diabete-ezy.com\/fr\/wp-json\/wp\/v2\/product_tag?post=2432"}],"curies":[{"name":"wp","href":"https:\/\/api.w.org\/{rel}","templated":true}]}}