{"id":2521,"date":"2019-10-03T23:17:39","date_gmt":"2019-10-03T13:17:39","guid":{"rendered":"https:\/\/www.diabete-ezy.com\/?post_type=product&#038;p=2521"},"modified":"2025-12-10T18:08:00","modified_gmt":"2025-12-10T08:08:00","slug":"bande-de-diabete-de-pompe-a-jarretelles","status":"publish","type":"product","link":"https:\/\/www.diabete-ezy.com\/fr\/produit\/bande-de-diabete-de-pompe-a-jarretelles\/","title":{"rendered":"Jarreti\u00e8re-pompe \u2013 Bande de pompe \u00e0 diab\u00e8te"},"content":{"rendered":"<div class=\"wpb-content-wrapper\"><div class=\"vc_row wpb_row row top-row m-b-md wpb_custom_034b39d9bc6c6b310d69e39f0ccf274f\"><div class=\"vc_column_container col-md-12\"><div class=\"wpb_wrapper vc_column-inner\">\r\n\t<div class=\"wpb_text_column wpb_content_element wpb_custom_7c91d232724f73626cc933bd95b25ff0\" >\r\n\t\t<div class=\"wpb_wrapper\">\r\n\t\t\t<p>Confortables, discrets et faciles \u00e0 fixer, nos porte-jarretelles offrent une solution simple pour porter une robe et une pompe \u00e0 diab\u00e8te en m\u00eame temps. Le porte-jarretelles se porte autour de la cuisse et se fixe gr\u00e2ce \u00e0 des sangles \u00e9lastiques qui se replient facilement et subtilement sur vos sous-v\u00eatements.<\/p>\n<p><strong>Tailles et couleurs<\/strong><\/p>\n<p>Taille unique, avec un tour de cuisse minimum de 47 cm. Les bandes porte-jarretelles Diabete-ezy sont disponibles en noir et nu.<\/p>\n<p>Convient aux produits comprenant, mais sans s&#039;y limiter\u00a0:<\/p>\n<ul>\n<li>Ypsomed<\/li>\n<li>Medtronic MiniMed 670G\/640G<\/li>\n<li>Tandem T-Slim<\/li>\n<li>Accu-Chek Solo<\/li>\n<li>Paradigme Veo<\/li>\n<\/ul>\n\r\n\t\t<\/div>\r\n\t<\/div>\r\n<\/div><\/div><\/div>\n<\/div>","protected":false},"excerpt":{"rendered":"<p>Confortable, discr\u00e8te et facile \u00e0 fixer, notre bandeau pour pompe \u00e0 diab\u00e8te offre une solution simple pour porter une robe et une pompe \u00e0 diab\u00e8te en m\u00eame temps.<\/p>","protected":false},"featured_media":53609,"comment_status":"open","ping_status":"closed","template":"","meta":[],"product_brand":[],"product_cat":[90],"product_tag":[196],"class_list":{"0":"post-2521","1":"product","2":"type-product","3":"status-publish","4":"has-post-thumbnail","6":"product_cat-insulin-pump-accessories","7":"product_tag-insulin-pump-accesories","9":"first","10":"instock","11":"taxable","12":"shipping-taxable","13":"purchasable","14":"product-type-variable"},"_links":{"self":[{"href":"https:\/\/www.diabete-ezy.com\/fr\/wp-json\/wp\/v2\/product\/2521","targetHints":{"allow":["GET"]}}],"collection":[{"href":"https:\/\/www.diabete-ezy.com\/fr\/wp-json\/wp\/v2\/product"}],"about":[{"href":"https:\/\/www.diabete-ezy.com\/fr\/wp-json\/wp\/v2\/types\/product"}],"replies":[{"embeddable":true,"href":"https:\/\/www.diabete-ezy.com\/fr\/wp-json\/wp\/v2\/comments?post=2521"}],"wp:featuredmedia":[{"embeddable":true,"href":"https:\/\/www.diabete-ezy.com\/fr\/wp-json\/wp\/v2\/media\/53609"}],"wp:attachment":[{"href":"https:\/\/www.diabete-ezy.com\/fr\/wp-json\/wp\/v2\/media?parent=2521"}],"wp:term":[{"taxonomy":"product_brand","embeddable":true,"href":"https:\/\/www.diabete-ezy.com\/fr\/wp-json\/wp\/v2\/product_brand?post=2521"},{"taxonomy":"product_cat","embeddable":true,"href":"https:\/\/www.diabete-ezy.com\/fr\/wp-json\/wp\/v2\/product_cat?post=2521"},{"taxonomy":"product_tag","embeddable":true,"href":"https:\/\/www.diabete-ezy.com\/fr\/wp-json\/wp\/v2\/product_tag?post=2521"}],"curies":[{"name":"wp","href":"https:\/\/api.w.org\/{rel}","templated":true}]}}