{"id":2551,"date":"2019-10-04T01:27:13","date_gmt":"2019-10-03T15:27:13","guid":{"rendered":"https:\/\/www.diabete-ezy.com\/?post_type=product&#038;p=2551"},"modified":"2025-12-10T18:14:03","modified_gmt":"2025-12-10T08:14:03","slug":"etui-ezy-fit","status":"publish","type":"product","link":"https:\/\/www.diabete-ezy.com\/fr\/produit\/etui-ezy-fit\/","title":{"rendered":"\u00c9tui Ezy-Fit"},"content":{"rendered":"<div class=\"wpb-content-wrapper\"><div class=\"vc_row wpb_row row top-row m-b-md wpb_custom_034b39d9bc6c6b310d69e39f0ccf274f\"><div class=\"vc_column_container col-md-12\"><div class=\"wpb_wrapper vc_column-inner\">\r\n\t<div class=\"wpb_text_column wpb_content_element wpb_custom_7c91d232724f73626cc933bd95b25ff0\" >\r\n\t\t<div class=\"wpb_wrapper\">\r\n\t\t\t<p>L&#039;\u00e9tui Ezy-fit regroupe tous vos besoins quotidiens en mati\u00e8re de diab\u00e8te en un seul endroit. Le bo\u00eetier ext\u00e9rieur est fabriqu\u00e9 dans un mat\u00e9riau rigide durable et facile \u00e0 nettoyer. Les caract\u00e9ristiques int\u00e9rieures de l&#039;\u00e9tui comprennent un logement pour un registre, un stylo, un plan de gestion personnalis\u00e9 au format carte, 2 aiguilles pour stylo, un distributeur de lingettes de test, un lecteur BGL, un dispositif \u00e0 lancettes, des bandelettes de test, des recharges de pointe d&#039;aiguille, des lancettes et un compartiment pour les d\u00e9chets et autre \u00e9quipement.<\/p>\n<p>L&#039;\u00e9tui convient \u00e0 la plupart des lecteurs de glyc\u00e9mie, notamment\u00a0:<\/p>\n<ul>\n<li>Abbott, Optium Xceed,Onetouch, Freestyle, Accu-Check, Fora 6 Connect, Dario LC, OneTouch Ultra, Caretouch, Prodigy Voice, Auvon,True medtric, Accutrend, Contour Next et autres lecteurs de glyc\u00e9mie de taille similaire, a, Integra, Go , Carte Senso, CareSens, TrueTrack<\/li>\n<\/ul>\n\r\n\t\t<\/div>\r\n\t<\/div>\r\n\r\n\t<div class=\"wpb_single_image wpb_content_element vc_align_center wpb_content_element  wpb_custom_81a4f7ef9830bf958462581aa01150fb\"><div class=\"wpb_wrapper\">\r\n\t\t\t\r\n\t\t\t<div class=\"vc_single_image-wrapper vc_box_shadow_border  vc_box_border_grey\"><img decoding=\"async\" data-vc-zoom=\"https:\/\/www.diabete-ezy.com\/wp-content\/uploads\/2019\/10\/Ezy-fit-Case-with-labels.jpg\" width=\"600\" height=\"455\" src=\"https:\/\/www.diabete-ezy.com\/wp-content\/uploads\/2019\/10\/Ezy-fit-Case-with-labels.jpg\" class=\"vc_single_image-img attachment-full\" alt=\"\" title=\"Ezy-fit-Case-avec-\u00e9tiquettes\" srcset=\"https:\/\/www.diabete-ezy.com\/wp-content\/uploads\/2019\/10\/Ezy-fit-Case-with-labels.jpg 600w, https:\/\/www.diabete-ezy.com\/wp-content\/uploads\/2019\/10\/Ezy-fit-Case-with-labels-400x303.jpg 400w, https:\/\/www.diabete-ezy.com\/wp-content\/uploads\/2019\/10\/Ezy-fit-Case-with-labels-367x278.jpg 367w\" sizes=\"(max-width: 600px) 100vw, 600px\" \/><\/div>\r\n\t\t<\/div>\r\n\t<\/div>\r\n<\/div><\/div><\/div>\n<\/div>","protected":false},"excerpt":{"rendered":"<p>La mallette Ezy-Fit Diabetes regroupe tous vos besoins quotidiens en mati\u00e8re de diab\u00e8te en un seul endroit, ce qui contribue \u00e0 rendre la gestion du diab\u00e8te\u2026 facile.<\/p>","protected":false},"featured_media":53599,"comment_status":"open","ping_status":"closed","template":"","meta":[],"product_brand":[],"product_cat":[86],"product_tag":[269,270,271],"class_list":{"0":"post-2551","1":"product","2":"type-product","3":"status-publish","4":"has-post-thumbnail","6":"product_cat-diabetes-cases","7":"product_tag-diabetes-bag","8":"product_tag-diabetes-case","9":"product_tag-diabetes-management","11":"first","12":"instock","13":"taxable","14":"shipping-taxable","15":"purchasable","16":"product-type-variable"},"_links":{"self":[{"href":"https:\/\/www.diabete-ezy.com\/fr\/wp-json\/wp\/v2\/product\/2551","targetHints":{"allow":["GET"]}}],"collection":[{"href":"https:\/\/www.diabete-ezy.com\/fr\/wp-json\/wp\/v2\/product"}],"about":[{"href":"https:\/\/www.diabete-ezy.com\/fr\/wp-json\/wp\/v2\/types\/product"}],"replies":[{"embeddable":true,"href":"https:\/\/www.diabete-ezy.com\/fr\/wp-json\/wp\/v2\/comments?post=2551"}],"wp:featuredmedia":[{"embeddable":true,"href":"https:\/\/www.diabete-ezy.com\/fr\/wp-json\/wp\/v2\/media\/53599"}],"wp:attachment":[{"href":"https:\/\/www.diabete-ezy.com\/fr\/wp-json\/wp\/v2\/media?parent=2551"}],"wp:term":[{"taxonomy":"product_brand","embeddable":true,"href":"https:\/\/www.diabete-ezy.com\/fr\/wp-json\/wp\/v2\/product_brand?post=2551"},{"taxonomy":"product_cat","embeddable":true,"href":"https:\/\/www.diabete-ezy.com\/fr\/wp-json\/wp\/v2\/product_cat?post=2551"},{"taxonomy":"product_tag","embeddable":true,"href":"https:\/\/www.diabete-ezy.com\/fr\/wp-json\/wp\/v2\/product_tag?post=2551"}],"curies":[{"name":"wp","href":"https:\/\/api.w.org\/{rel}","templated":true}]}}