{"id":2574,"date":"2019-10-04T02:14:23","date_gmt":"2019-10-03T16:14:23","guid":{"rendered":"https:\/\/www.diabete-ezy.com\/?post_type=product&#038;p=2574"},"modified":"2025-12-10T18:13:53","modified_gmt":"2025-12-10T08:13:53","slug":"etui-multi-ajustement","status":"publish","type":"product","link":"https:\/\/www.diabete-ezy.com\/fr\/produit\/etui-multi-ajustement\/","title":{"rendered":"\u00c9tui multi-ajustement"},"content":{"rendered":"<div class=\"wpb-content-wrapper\"><div class=\"vc_row wpb_row row top-row m-b-md wpb_custom_034b39d9bc6c6b310d69e39f0ccf274f\"><div class=\"vc_column_container col-md-12\"><div class=\"wpb_wrapper vc_column-inner\">\r\n\t<div class=\"wpb_text_column wpb_content_element wpb_custom_7c91d232724f73626cc933bd95b25ff0\" >\r\n\t\t<div class=\"wpb_wrapper\">\r\n\t\t\t<p>L&#039;\u00e9l\u00e9gant \u00e9tui Multi-fit contient tout ce que l&#039;\u00e9tui Ezy-fit transporte et bien plus encore. Cette nouvelle conception convient aux diab\u00e9tiques de type 1 et de type 2. Le bo\u00eetier ext\u00e9rieur est fait d&#039;un mat\u00e9riau r\u00e9sistant et facile \u00e0 nettoyer avec une poign\u00e9e \u00e0 boucle de cordon, tandis que des caract\u00e9ristiques Velcro et \u00e9lastiques sont utilis\u00e9es pour maintenir l&#039;\u00e9quipement en place.<\/p>\n<p>Le compartiment sup\u00e9rieur contient un lecteur de glyc\u00e9mie, 2 aiguilles pour stylo, des bandelettes de test en aluminium ou en cartouche, un lancette, des flacons de m\u00e9dicaments, des lingettes de test, un registre, un plan de gestion personnalis\u00e9 au format carte, un stylo-bille, une aiguille et des pointes de lancette, ainsi qu&#039;une poubelle. Le compartiment situ\u00e9 en dessous peut contenir des consommables pour pompe, un GlucaGen Hypokit, des bonbons ou de la nourriture pour les traitements hypo, des piles de rechange, des lingettes de test, des bandelettes de test, d&#039;autres m\u00e9dicaments ou m\u00eame de l&#039;argent et des cartes de cr\u00e9dit.<\/p>\n<p>L&#039;\u00e9tui convient \u00e0 la plupart des lecteurs de glyc\u00e9mie, notamment\u00a0:<\/p>\n<ul>\n<li>Abbott, Optium Xceed,Onetouch, Freestyle, Accu-Check, Fora 6 Connect, Dario LC, OneTouch Ultra, Caretouch, Prodigy Voice, Auvon,True medtric, Accutrend, Contour Next et autres lecteurs de glyc\u00e9mie de taille similaire, a, Integra, Go , Carte Senso, CareSens, TrueTrack<\/li>\n<\/ul>\n<p>Enfin, tout peut v\u00e9ritablement \u00eatre stock\u00e9 au m\u00eame endroit.<\/p>\n\r\n\t\t<\/div>\r\n\t<\/div>\r\n\r\n\t<div class=\"wpb_single_image wpb_content_element vc_align_center wpb_content_element  wpb_custom_81a4f7ef9830bf958462581aa01150fb\"><div class=\"wpb_wrapper\">\r\n\t\t\t\r\n\t\t\t<div class=\"vc_single_image-wrapper vc_box_shadow_border  vc_box_border_grey\"><img decoding=\"async\" width=\"600\" height=\"395\" src=\"https:\/\/www.diabete-ezy.com\/wp-content\/uploads\/2019\/10\/Multi-fit-with-labels.jpg\" class=\"vc_single_image-img attachment-full\" alt=\"\" title=\"Multi-ajustement avec \u00e9tiquettes\" srcset=\"https:\/\/www.diabete-ezy.com\/wp-content\/uploads\/2019\/10\/Multi-fit-with-labels.jpg 600w, https:\/\/www.diabete-ezy.com\/wp-content\/uploads\/2019\/10\/Multi-fit-with-labels-400x263.jpg 400w, https:\/\/www.diabete-ezy.com\/wp-content\/uploads\/2019\/10\/Multi-fit-with-labels-367x242.jpg 367w\" sizes=\"(max-width: 600px) 100vw, 600px\" \/><\/div>\r\n\t\t<\/div>\r\n\t<\/div>\r\n<\/div><\/div><\/div>\n<\/div>","protected":false},"excerpt":{"rendered":"<p>L&#039;\u00e9l\u00e9gante mallette Multi-fit contient tout ce que transporte l&#039;Ezy-Fit et bien plus encore, y compris les accessoires et consommables de la pompe, la mallette pour le diab\u00e8te qui r\u00e9pond \u00e0 vos besoins quotidiens.<\/p>","protected":false},"featured_media":53573,"comment_status":"open","ping_status":"closed","template":"","meta":[],"product_brand":[],"product_cat":[86],"product_tag":[269,270,271,281],"class_list":{"0":"post-2574","1":"product","2":"type-product","3":"status-publish","4":"has-post-thumbnail","6":"product_cat-diabetes-cases","7":"product_tag-diabetes-bag","8":"product_tag-diabetes-case","9":"product_tag-diabetes-management","10":"product_tag-multi-fit-case","12":"first","13":"instock","14":"taxable","15":"shipping-taxable","16":"purchasable","17":"product-type-variable"},"_links":{"self":[{"href":"https:\/\/www.diabete-ezy.com\/fr\/wp-json\/wp\/v2\/product\/2574","targetHints":{"allow":["GET"]}}],"collection":[{"href":"https:\/\/www.diabete-ezy.com\/fr\/wp-json\/wp\/v2\/product"}],"about":[{"href":"https:\/\/www.diabete-ezy.com\/fr\/wp-json\/wp\/v2\/types\/product"}],"replies":[{"embeddable":true,"href":"https:\/\/www.diabete-ezy.com\/fr\/wp-json\/wp\/v2\/comments?post=2574"}],"wp:featuredmedia":[{"embeddable":true,"href":"https:\/\/www.diabete-ezy.com\/fr\/wp-json\/wp\/v2\/media\/53573"}],"wp:attachment":[{"href":"https:\/\/www.diabete-ezy.com\/fr\/wp-json\/wp\/v2\/media?parent=2574"}],"wp:term":[{"taxonomy":"product_brand","embeddable":true,"href":"https:\/\/www.diabete-ezy.com\/fr\/wp-json\/wp\/v2\/product_brand?post=2574"},{"taxonomy":"product_cat","embeddable":true,"href":"https:\/\/www.diabete-ezy.com\/fr\/wp-json\/wp\/v2\/product_cat?post=2574"},{"taxonomy":"product_tag","embeddable":true,"href":"https:\/\/www.diabete-ezy.com\/fr\/wp-json\/wp\/v2\/product_tag?post=2574"}],"curies":[{"name":"wp","href":"https:\/\/api.w.org\/{rel}","templated":true}]}}