{"id":2594,"date":"2019-10-04T02:37:55","date_gmt":"2019-10-03T16:37:55","guid":{"rendered":"https:\/\/www.diabete-ezy.com\/?post_type=product&#038;p=2594"},"modified":"2025-12-10T18:12:55","modified_gmt":"2025-12-10T08:12:55","slug":"pack-de-soins-ezy","status":"publish","type":"product","link":"https:\/\/www.diabete-ezy.com\/fr\/produit\/pack-de-soins-ezy\/","title":{"rendered":"Pack Ezy-soin"},"content":{"rendered":"<div class=\"wpb-content-wrapper\"><div class=\"vc_row wpb_row row top-row m-b-md wpb_custom_034b39d9bc6c6b310d69e39f0ccf274f\"><div class=\"vc_column_container col-md-12\"><div class=\"wpb_wrapper vc_column-inner\">\r\n\t<div class=\"wpb_text_column wpb_content_element wpb_custom_7c91d232724f73626cc933bd95b25ff0\" >\r\n\t\t<div class=\"wpb_wrapper\">\r\n\t\t\t<p><strong>Ce qui est inclu<\/strong><\/p>\n<p>Le pack Diabete-ezy Ezy-care contient :<\/p>\n<ul>\n<li>1 x \u00e9tui Diabete-ezy Ezy-fit<\/li>\n<\/ul>\n<p>L&#039;\u00e9tui Ezy-Fit regroupe tous vos besoins quotidiens en mati\u00e8re de diab\u00e8te en un seul endroit. Le bo\u00eetier ext\u00e9rieur est fabriqu\u00e9 dans un mat\u00e9riau rigide durable et facile \u00e0 nettoyer.<\/p>\n<ul>\n<li>1 x Pack de d\u00e9marrage de lingettes de test Diabete-ezy<\/li>\n<\/ul>\n<p>Les lingettes de test Diabete-ezy sont sans alcool et sont utilis\u00e9es pour \u00e9liminer les r\u00e9sidus de nourriture et de salet\u00e9 avant un test de glyc\u00e9mie et l&#039;exc\u00e8s de sang apr\u00e8s le test. Les packs de d\u00e9marrage sont livr\u00e9s avec une bo\u00eete distributrice facile \u00e0 utiliser et 100 lingettes de test pour garantir un test de glyc\u00e9mie fiable, o\u00f9 que vous soyez.<\/p>\n<ul>\n<li>1 x paquet de recharge de lingettes de test Diabete-ezy<\/li>\n<\/ul>\n<p>Les packs de recharges se composent de 8 x 25 recharges de lingettes, soit un total de 200 lingettes. Ces 8 flacons de recharge sont scell\u00e9s dans du papier d&#039;aluminium pour garantir que les lingettes restent humides jusqu&#039;\u00e0 ce qu&#039;elles soient n\u00e9cessaires.<\/p>\n<ul>\n<li>1 x livre Diabete-ezy Dia-log-it<\/li>\n<\/ul>\n<p>Le carnet de notes Dia-log-it est tr\u00e8s utile pour suivre votre routine quotidienne, car de nombreux facteurs influencent votre corps lorsque vous souffrez de diab\u00e8te.<\/p>\n<p>L&#039;\u00e9tui convient \u00e0 la plupart des lecteurs de glyc\u00e9mie, notamment\u00a0:<\/p>\n<ul>\n<li>Abbott, Optium Xceed,Onetouch, Freestyle, Accu-Check, Fora 6 Connect, Dario LC, OneTouch Ultra, Caretouch, Prodigy Voice, Auvon,True medtric, Accutrend, Contour Next et autres lecteurs de glyc\u00e9mie de taille similaire, a, Integra, Go , Carte Senso, CareSens, TrueTrack<\/li>\n<\/ul>\n\r\n\t\t<\/div>\r\n\t<\/div>\r\n<\/div><\/div><\/div>\n<p>&nbsp;<\/p>\n<p>&nbsp;<\/p>\n<p>&nbsp;<\/p>\n<p>&nbsp;<\/p>\n<\/div>","protected":false},"excerpt":{"rendered":"<p>Aidez-vous \u00e0 mieux g\u00e9rer votre diab\u00e8te avec le pack Ezy-care contenant un \u00e9tui Ezy-fit, des lingettes de test de diab\u00e8te et un carnet de diab\u00e8te.<\/p>\n<p>&nbsp;<\/p>\n<p>&nbsp;<\/p>\n<p>&nbsp;<\/p>\n<p>&nbsp;<\/p>","protected":false},"featured_media":53566,"comment_status":"open","ping_status":"closed","template":"","meta":[],"product_brand":[],"product_cat":[86,88,105,107],"product_tag":[269,270,196,286,287],"class_list":{"0":"post-2594","1":"product","2":"type-product","3":"status-publish","4":"has-post-thumbnail","6":"product_cat-diabetes-cases","7":"product_cat-diabetes-cleaning-wipes","8":"product_cat-log-books","9":"product_cat-specials","10":"product_tag-diabetes-bag","11":"product_tag-diabetes-case","12":"product_tag-insulin-pump-accesories","13":"product_tag-log-book","14":"product_tag-record-book","16":"first","17":"instock","18":"sale","19":"taxable","20":"shipping-taxable","21":"purchasable","22":"product-type-variable"},"_links":{"self":[{"href":"https:\/\/www.diabete-ezy.com\/fr\/wp-json\/wp\/v2\/product\/2594","targetHints":{"allow":["GET"]}}],"collection":[{"href":"https:\/\/www.diabete-ezy.com\/fr\/wp-json\/wp\/v2\/product"}],"about":[{"href":"https:\/\/www.diabete-ezy.com\/fr\/wp-json\/wp\/v2\/types\/product"}],"replies":[{"embeddable":true,"href":"https:\/\/www.diabete-ezy.com\/fr\/wp-json\/wp\/v2\/comments?post=2594"}],"wp:featuredmedia":[{"embeddable":true,"href":"https:\/\/www.diabete-ezy.com\/fr\/wp-json\/wp\/v2\/media\/53566"}],"wp:attachment":[{"href":"https:\/\/www.diabete-ezy.com\/fr\/wp-json\/wp\/v2\/media?parent=2594"}],"wp:term":[{"taxonomy":"product_brand","embeddable":true,"href":"https:\/\/www.diabete-ezy.com\/fr\/wp-json\/wp\/v2\/product_brand?post=2594"},{"taxonomy":"product_cat","embeddable":true,"href":"https:\/\/www.diabete-ezy.com\/fr\/wp-json\/wp\/v2\/product_cat?post=2594"},{"taxonomy":"product_tag","embeddable":true,"href":"https:\/\/www.diabete-ezy.com\/fr\/wp-json\/wp\/v2\/product_tag?post=2594"}],"curies":[{"name":"wp","href":"https:\/\/api.w.org\/{rel}","templated":true}]}}