{"id":2632,"date":"2019-10-04T18:56:34","date_gmt":"2019-10-04T08:56:34","guid":{"rendered":"https:\/\/www.diabete-ezy.com\/?post_type=product&#038;p=2632"},"modified":"2025-12-10T18:13:12","modified_gmt":"2025-12-10T08:13:12","slug":"test-lingette-multi-special","status":"publish","type":"product","link":"https:\/\/www.diabete-ezy.com\/fr\/produit\/test-lingette-multi-special\/","title":{"rendered":"Lingette de test Multi Sp\u00e9ciale"},"content":{"rendered":"<div class=\"wpb-content-wrapper\"><div class=\"vc_row wpb_row row top-row m-b-md wpb_custom_034b39d9bc6c6b310d69e39f0ccf274f\"><div class=\"vc_column_container col-md-12\"><div class=\"wpb_wrapper vc_column-inner\">\r\n\t<div class=\"wpb_text_column wpb_content_element wpb_custom_7c91d232724f73626cc933bd95b25ff0\" >\r\n\t\t<div class=\"wpb_wrapper\">\r\n\t\t\t<p>Organisez-vous et disposez de tous les \u00e9l\u00e9ments essentiels avec ce pack \u00e0 prix r\u00e9duit et \u00e9conomisez plus de 12%.<\/p>\n<p>Diabete-ezy Test-wipe Multi Special contient :<\/p>\n<ul>\n<li>1 x \u00e9tui multi-fit Diabete-ezy<\/li>\n<\/ul>\n<p>Les \u00e9tuis multi-ajustements conviennent aux diab\u00e9tiques de type 1 et 2. Le bo\u00eetier ext\u00e9rieur est fait d&#039;un mat\u00e9riau r\u00e9sistant et facile \u00e0 nettoyer avec une poign\u00e9e \u00e0 boucle de cordon, tandis que des caract\u00e9ristiques Velcro et \u00e9lastiques sont utilis\u00e9es pour maintenir l&#039;\u00e9quipement en place.<\/p>\n<ul>\n<li>2 x bo\u00eetes de recharge de lingettes de test Diabete-ezy<\/li>\n<\/ul>\n<p>Les lingettes de test Diabete-ezy sont sans alcool et sont utilis\u00e9es pour \u00e9liminer les r\u00e9sidus de nourriture et de salet\u00e9 avant un test de glyc\u00e9mie et l&#039;exc\u00e8s de sang apr\u00e8s le test. Les packs de recharges se composent de 8 x 25 recharges de lingettes, soit un total de 200 lingettes. Ces 8 flacons de recharge sont scell\u00e9s dans du papier d&#039;aluminium pour garantir que les lingettes restent humides jusqu&#039;\u00e0 ce qu&#039;elles soient n\u00e9cessaires.<\/p>\n<p>Avec GRATUITEMENT\u00a0:<\/p>\n<ul>\n<li>1 x Pack de d\u00e9marrage de lingettes de test Diabete-ezy<\/li>\n<\/ul>\n<p>Les packs de d\u00e9marrage sont livr\u00e9s avec une bo\u00eete distributrice facile \u00e0 utiliser et 100 lingettes de test pour garantir un test de glyc\u00e9mie fiable, o\u00f9 que vous soyez.<\/p>\n<ul>\n<li>1 x carnet Diabete-ezy Dia-log-it\/Pump-log<\/li>\n<\/ul>\n<p>Le carnet de notes Dia-log-it est tr\u00e8s utile pour suivre votre routine quotidienne, car de nombreux facteurs influencent votre corps lorsque vous souffrez de diab\u00e8te. Le Pump Log Record Book est tr\u00e8s utile pour les utilisateurs de pompes \u00e0 diab\u00e8te afin de suivre leur routine et leurs habitudes quotidiennes afin de les aider \u00e0 g\u00e9rer efficacement leur diab\u00e8te.<\/p>\n\r\n\t\t<\/div>\r\n\t<\/div>\r\n<\/div><\/div><\/div>\n<\/div>","protected":false},"excerpt":{"rendered":"<p>Aidez-vous \u00e0 mieux g\u00e9rer votre diab\u00e8te avec le Test-wipe Multi Special contenant un \u00e9tui Multi-fit, des lingettes de test et un registre du diab\u00e8te. Convient au diab\u00e8te de type 1 et de type 2<\/p>","protected":false},"featured_media":3687,"comment_status":"open","ping_status":"closed","template":"","meta":[],"product_brand":[],"product_cat":[86,88,107],"product_tag":[292,269,270,286,287],"class_list":{"0":"post-2632","1":"product","2":"type-product","3":"status-publish","4":"has-post-thumbnail","6":"product_cat-diabetes-cases","7":"product_cat-diabetes-cleaning-wipes","8":"product_cat-specials","9":"product_tag-cleaning-wipes","10":"product_tag-diabetes-bag","11":"product_tag-diabetes-case","12":"product_tag-log-book","13":"product_tag-record-book","15":"first","16":"instock","17":"sale","18":"taxable","19":"shipping-taxable","20":"purchasable","21":"product-type-variable"},"_links":{"self":[{"href":"https:\/\/www.diabete-ezy.com\/fr\/wp-json\/wp\/v2\/product\/2632","targetHints":{"allow":["GET"]}}],"collection":[{"href":"https:\/\/www.diabete-ezy.com\/fr\/wp-json\/wp\/v2\/product"}],"about":[{"href":"https:\/\/www.diabete-ezy.com\/fr\/wp-json\/wp\/v2\/types\/product"}],"replies":[{"embeddable":true,"href":"https:\/\/www.diabete-ezy.com\/fr\/wp-json\/wp\/v2\/comments?post=2632"}],"wp:featuredmedia":[{"embeddable":true,"href":"https:\/\/www.diabete-ezy.com\/fr\/wp-json\/wp\/v2\/media\/3687"}],"wp:attachment":[{"href":"https:\/\/www.diabete-ezy.com\/fr\/wp-json\/wp\/v2\/media?parent=2632"}],"wp:term":[{"taxonomy":"product_brand","embeddable":true,"href":"https:\/\/www.diabete-ezy.com\/fr\/wp-json\/wp\/v2\/product_brand?post=2632"},{"taxonomy":"product_cat","embeddable":true,"href":"https:\/\/www.diabete-ezy.com\/fr\/wp-json\/wp\/v2\/product_cat?post=2632"},{"taxonomy":"product_tag","embeddable":true,"href":"https:\/\/www.diabete-ezy.com\/fr\/wp-json\/wp\/v2\/product_tag?post=2632"}],"curies":[{"name":"wp","href":"https:\/\/api.w.org\/{rel}","templated":true}]}}