{"id":2647,"date":"2019-10-04T20:46:56","date_gmt":"2019-10-04T10:46:56","guid":{"rendered":"https:\/\/www.diabete-ezy.com\/?post_type=product&#038;p=2647"},"modified":"2025-10-07T17:12:02","modified_gmt":"2025-10-07T07:12:02","slug":"pack-de-demarrage-de-lingettes-de-test","status":"publish","type":"product","link":"https:\/\/www.diabete-ezy.com\/fr\/produit\/pack-de-demarrage-de-lingettes-de-test\/","title":{"rendered":"Pack de d\u00e9marrage de lingettes de test"},"content":{"rendered":"<div class=\"wpb-content-wrapper\"><div class=\"vc_row wpb_row row top-row m-b-md wpb_custom_034b39d9bc6c6b310d69e39f0ccf274f\"><div class=\"vc_column_container col-md-12\"><div class=\"wpb_wrapper vc_column-inner\">\r\n\t<div class=\"wpb_text_column wpb_content_element wpb_custom_7c91d232724f73626cc933bd95b25ff0\" >\r\n\t\t<div class=\"wpb_wrapper\">\r\n\t\t\t<p>La bo\u00eete distributrice est con\u00e7ue pour s&#039;adapter facilement \u00e0 la plupart des cas de test et constitue un moyen pratique et simple de nettoyer votre site de test avant et apr\u00e8s le test BGL. Les lingettes de test sont \u00e9galement id\u00e9ales pour nettoyer les sites de pompe \u00e0 diab\u00e8te avant l&#039;insertion et une fois qu&#039;un site a \u00e9t\u00e9 retir\u00e9.<\/p>\n<p>Que vous souffriez de diab\u00e8te de type 1 ou de type 2, une lecture pr\u00e9cise de votre glyc\u00e9mie (BGL) est essentielle. Se laver les mains avant le test semble \u00eatre une solution simple pour \u00e9liminer toutes les impuret\u00e9s, comme les jus de fruits, les aliments et la salet\u00e9. Cependant, dans le rythme effr\u00e9n\u00e9 du quotidien, que l&#039;on soit en voiture ou en pique-nique, ce n&#039;est pas toujours \u00e9vident.<\/p>\n<p>Les lingettes de test Diabete-ezy sont sans alcool et sont con\u00e7ues pour \u00e9liminer tout r\u00e9sidu de nourriture ou de salet\u00e9 du bout du doigt de mani\u00e8re s\u00fbre et efficace. Les lingettes de test peuvent \u00e9galement \u00eatre utilis\u00e9es pour pr\u00e9lever le sang apr\u00e8s le test et peuvent \u00eatre utilis\u00e9es pour la pr\u00e9paration du site pour une pompe \u00e0 diab\u00e8te. La solution utilis\u00e9e dans les lingettes test est le gluconate de chlorhexidine 2%.<\/p>\n<p>Les packs de d\u00e9marrage sont livr\u00e9s avec une bo\u00eete distributrice facile \u00e0 utiliser et 100 lingettes.<\/p>\n<p>La bo\u00eete distributrice est con\u00e7ue pour s&#039;adapter facilement \u00e0 la plupart des cas de test et constitue un moyen pratique et simple de garantir un test de glyc\u00e9mie fiable, o\u00f9 que vous soyez.<\/p>\n<p><strong>Une de nos exp\u00e9riences de ne pas avoir les doigts propres avant de tester\u2026<\/strong><\/p>\n<p>C&#039;\u00e9tait la journ\u00e9e de Freddie&#039;s Day Care, j&#039;ai re\u00e7u un appel t\u00e9l\u00e9phonique \u00e0 l&#039;heure du d\u00e9jeuner m&#039;avertissant que son BGL \u00e9tait de 21 mml. Je sais qu&#039;il avait 6,2 mml au th\u00e9 du matin et je sais que ce qu&#039;il a mang\u00e9 au th\u00e9 du matin n&#039;augmenterait pas autant ses niveaux. Je lui ai demand\u00e9 s&#039;il s&#039;\u00e9tait lav\u00e9 les mains avant le test et ils ont r\u00e9pondu que oui. Habituellement, nous lui donnions une injection suppl\u00e9mentaire pour r\u00e9duire le niveau de 21 mml, mais j&#039;ai demand\u00e9 s&#039;ils pouvaient utiliser les lingettes de test que j&#039;avais dans l&#039;\u00e9tui de son lecteur pour essuyer son doigt et refaire le test, son niveau est descendu \u00e0 13 mml.<\/p>\n<p>Je me demande souvent ce qui se serait pass\u00e9 si je ne leur avais pas fait refaire le test et qu&#039;ils venaient de lui faire l&#039;injection\u2026 nous aurions peut-\u00eatre pass\u00e9 la nuit \u00e0 l&#039;h\u00f4pital parce que Fred avait peut-\u00eatre une hypo grave. Ne faites jamais non plus confiance \u00e0 un enfant de 3 ans lorsqu\u2019il dit qu\u2019il s\u2019est lav\u00e9 les mains !!<\/p>\n\r\n\t\t<\/div>\r\n\t<\/div>\r\n<\/div><\/div><\/div>\n<\/div>","protected":false},"excerpt":{"rendered":"<p>Les lingettes de test Diabete-ezy sont sans alcool et sont utilis\u00e9es pour \u00e9liminer les r\u00e9sidus de nourriture et de salet\u00e9 avant un test de glyc\u00e9mie et l&#039;exc\u00e8s de sang apr\u00e8s le test.<\/p>","protected":false},"featured_media":53605,"comment_status":"open","ping_status":"closed","template":"","meta":[],"product_brand":[],"product_cat":[88],"product_tag":[292],"class_list":{"0":"post-2647","1":"product","2":"type-product","3":"status-publish","4":"has-post-thumbnail","6":"product_cat-diabetes-cleaning-wipes","7":"product_tag-cleaning-wipes","9":"first","10":"instock","11":"taxable","12":"shipping-taxable","13":"purchasable","14":"product-type-simple"},"_links":{"self":[{"href":"https:\/\/www.diabete-ezy.com\/fr\/wp-json\/wp\/v2\/product\/2647","targetHints":{"allow":["GET"]}}],"collection":[{"href":"https:\/\/www.diabete-ezy.com\/fr\/wp-json\/wp\/v2\/product"}],"about":[{"href":"https:\/\/www.diabete-ezy.com\/fr\/wp-json\/wp\/v2\/types\/product"}],"replies":[{"embeddable":true,"href":"https:\/\/www.diabete-ezy.com\/fr\/wp-json\/wp\/v2\/comments?post=2647"}],"wp:featuredmedia":[{"embeddable":true,"href":"https:\/\/www.diabete-ezy.com\/fr\/wp-json\/wp\/v2\/media\/53605"}],"wp:attachment":[{"href":"https:\/\/www.diabete-ezy.com\/fr\/wp-json\/wp\/v2\/media?parent=2647"}],"wp:term":[{"taxonomy":"product_brand","embeddable":true,"href":"https:\/\/www.diabete-ezy.com\/fr\/wp-json\/wp\/v2\/product_brand?post=2647"},{"taxonomy":"product_cat","embeddable":true,"href":"https:\/\/www.diabete-ezy.com\/fr\/wp-json\/wp\/v2\/product_cat?post=2647"},{"taxonomy":"product_tag","embeddable":true,"href":"https:\/\/www.diabete-ezy.com\/fr\/wp-json\/wp\/v2\/product_tag?post=2647"}],"curies":[{"name":"wp","href":"https:\/\/api.w.org\/{rel}","templated":true}]}}