{"id":2661,"date":"2019-10-04T22:03:44","date_gmt":"2019-10-04T12:03:44","guid":{"rendered":"https:\/\/www.diabete-ezy.com\/?post_type=product&#038;p=2661"},"modified":"2025-10-07T17:11:37","modified_gmt":"2025-10-07T07:11:37","slug":"plaque-didentite-pour-chien-dalerte-medicale","status":"publish","type":"product","link":"https:\/\/www.diabete-ezy.com\/fr\/produit\/plaque-didentite-pour-chien-dalerte-medicale\/","title":{"rendered":"M\u00e9daille pour chien Medi-Alert"},"content":{"rendered":"<div class=\"wpb-content-wrapper\"><p><a href=\"https:\/\/www.diabete-ezy.com\/wp-content\/uploads\/2021\/03\/Screen-Shot-2021-03-02-at-3.44.54-PM.jpg\"><img decoding=\"async\" class=\"alignnone size-medium wp-image-32224\" src=\"https:\/\/www.diabete-ezy.com\/wp-content\/uploads\/2021\/03\/Screen-Shot-2021-03-02-at-3.44.54-PM-300x300.jpg\" alt=\"M\u00e9daille pour chien Medi-Alert\" width=\"300\" height=\"300\" \/><\/a><div class=\"vc_row wpb_row row top-row wpb_custom_034b39d9bc6c6b310d69e39f0ccf274f\"><div class=\"vc_column_container col-md-12\"><div class=\"wpb_wrapper vc_column-inner\">\r\n\t<div class=\"wpb_text_column wpb_content_element wpb_custom_7c91d232724f73626cc933bd95b25ff0\" >\r\n\t\t<div class=\"wpb_wrapper\">\r\n\t\t\t<p>Les plaques d&#039;identit\u00e9 Diabete-ezy Medi-alert sont similaires aux plaques d&#039;identit\u00e9 militaires. Les \u00e9tiquettes sont fabriqu\u00e9es en acier inoxydable l\u00e9ger, ce qui les rend id\u00e9ales pour les personnes de tous \u00e2ges, en particulier celles qui sont actives.<\/p>\n<p>La premi\u00e8re \u00e9tiquette porte le logo Diabete-ezy estamp\u00e9 dans l&#039;acier inoxydable, tandis que l&#039;autre \u00e9tiquette indique \u00ab J&#039;AI LE DIAB\u00c8TE. DANS UN T\u00c9L\u00c9PHONE D&#039;URGENCE UNE AMBULANCE&quot;. Au-dessus, il y a suffisamment d&#039;espace pour qu&#039;un graveur ajoute votre nom ou indique si vous souffrez de diab\u00e8te de type 1 ou de type 2, si vous le souhaitez.<\/p>\n<p>Les plaques d&#039;identit\u00e9 Medi-alert peuvent \u00eatre utilis\u00e9es dans le monde entier.<\/p>\n\r\n\t\t<\/div>\r\n\t<\/div>\r\n<\/div><\/div><\/div>\n<\/div>","protected":false},"excerpt":{"rendered":"<p>Les plaques d&#039;identit\u00e9 Diabetes Medi-alert de Diabete-ezy sont un moyen simple d&#039;informer les autres que vous souffrez de diab\u00e8te en cas d&#039;urgence. Ils constituent une excellente forme d\u2019identification du diab\u00e8te.<\/p>","protected":false},"featured_media":32224,"comment_status":"open","ping_status":"closed","template":"","meta":[],"product_brand":[],"product_cat":[106],"product_tag":[271,398],"class_list":{"0":"post-2661","1":"product","2":"type-product","3":"status-publish","4":"has-post-thumbnail","6":"product_cat-dog-tags","7":"product_tag-diabetes-management","8":"product_tag-medical-id","10":"first","11":"instock","12":"taxable","13":"shipping-taxable","14":"purchasable","15":"product-type-simple"},"_links":{"self":[{"href":"https:\/\/www.diabete-ezy.com\/fr\/wp-json\/wp\/v2\/product\/2661","targetHints":{"allow":["GET"]}}],"collection":[{"href":"https:\/\/www.diabete-ezy.com\/fr\/wp-json\/wp\/v2\/product"}],"about":[{"href":"https:\/\/www.diabete-ezy.com\/fr\/wp-json\/wp\/v2\/types\/product"}],"replies":[{"embeddable":true,"href":"https:\/\/www.diabete-ezy.com\/fr\/wp-json\/wp\/v2\/comments?post=2661"}],"wp:featuredmedia":[{"embeddable":true,"href":"https:\/\/www.diabete-ezy.com\/fr\/wp-json\/wp\/v2\/media\/32224"}],"wp:attachment":[{"href":"https:\/\/www.diabete-ezy.com\/fr\/wp-json\/wp\/v2\/media?parent=2661"}],"wp:term":[{"taxonomy":"product_brand","embeddable":true,"href":"https:\/\/www.diabete-ezy.com\/fr\/wp-json\/wp\/v2\/product_brand?post=2661"},{"taxonomy":"product_cat","embeddable":true,"href":"https:\/\/www.diabete-ezy.com\/fr\/wp-json\/wp\/v2\/product_cat?post=2661"},{"taxonomy":"product_tag","embeddable":true,"href":"https:\/\/www.diabete-ezy.com\/fr\/wp-json\/wp\/v2\/product_tag?post=2661"}],"curies":[{"name":"wp","href":"https:\/\/api.w.org\/{rel}","templated":true}]}}