{"id":2673,"date":"2019-10-04T22:29:23","date_gmt":"2019-10-04T12:29:23","guid":{"rendered":"https:\/\/www.diabete-ezy.com\/?post_type=product&#038;p=2673"},"modified":"2025-10-07T17:08:23","modified_gmt":"2025-10-07T07:08:23","slug":"dia-log-it-book","status":"publish","type":"product","link":"https:\/\/www.diabete-ezy.com\/fr\/produit\/dia-log-it-book\/","title":{"rendered":"Livre Dia-log-it"},"content":{"rendered":"<div class=\"wpb-content-wrapper\"><div class=\"vc_row wpb_row row top-row wpb_custom_034b39d9bc6c6b310d69e39f0ccf274f\"><div class=\"vc_column_container col-md-12\"><div class=\"wpb_wrapper vc_column-inner\">\r\n\t<div class=\"wpb_text_column wpb_content_element wpb_custom_7c91d232724f73626cc933bd95b25ff0\" >\r\n\t\t<div class=\"wpb_wrapper\">\r\n\t\t\t<p>Le carnet de notes Dia-log-it est tr\u00e8s utile pour suivre votre routine quotidienne, car de nombreux facteurs influencent votre corps lorsque vous souffrez de diab\u00e8te.<\/p>\n<p>Le type et la quantit\u00e9 de nourriture que vous mangez, l\u2019exercice que vous faites, les heures auxquelles vous testez votre glyc\u00e9mie, vos repas et la quantit\u00e9 de m\u00e9dicaments que vous prenez affectent tous votre corps de diff\u00e9rentes mani\u00e8res. Si vous enregistrez ce type d\u2019informations, vous commencerez \u00e0 comprendre comment toutes ces choses peuvent se combiner et affecter votre corps. Ces connaissances vous permettront de mieux comprendre comment g\u00e9rer au mieux votre diab\u00e8te.<\/p>\n<p><strong>Qu&#039;est-ce qu&#039;il y a \u00e0 l&#039;int\u00e9rieur?<\/strong><\/p>\n<p>Le carnet d&#039;enregistrement Dia-log-it permet d&#039;enregistrer :<\/p>\n<ul>\n<li>Jusqu&#039;\u00e0 7 tests par jour.<\/li>\n<li>Niveau de glyc\u00e9mie.<\/li>\n<li>Nourriture qui a \u00e9t\u00e9 mang\u00e9e.<\/li>\n<li>Quantit\u00e9 de m\u00e9dicament prise.<\/li>\n<li>Activit\u00e9 ou exercice.<\/li>\n<li>3 mois d&#039;informations.<\/li>\n<\/ul>\n<div id=\"gtx-trans\" style=\"position: absolute; left: 965px; top: 54px;\">\n<div class=\"gtx-trans-icon\"><\/div>\n<\/div>\n\r\n\t\t<\/div>\r\n\t<\/div>\r\n<\/div><\/div><\/div>\n<\/div>","protected":false},"excerpt":{"rendered":"<p>Le carnet de notes Dia-log-it est tr\u00e8s utile pour suivre votre routine quotidienne, car de nombreux facteurs influencent votre corps lorsque vous souffrez de diab\u00e8te.<\/p>","protected":false},"featured_media":53638,"comment_status":"open","ping_status":"closed","template":"","meta":[],"product_brand":[],"product_cat":[105],"product_tag":[271,286,287],"class_list":{"0":"post-2673","1":"product","2":"type-product","3":"status-publish","4":"has-post-thumbnail","6":"product_cat-log-books","7":"product_tag-diabetes-management","8":"product_tag-log-book","9":"product_tag-record-book","11":"first","12":"instock","13":"taxable","14":"shipping-taxable","15":"purchasable","16":"product-type-simple"},"_links":{"self":[{"href":"https:\/\/www.diabete-ezy.com\/fr\/wp-json\/wp\/v2\/product\/2673","targetHints":{"allow":["GET"]}}],"collection":[{"href":"https:\/\/www.diabete-ezy.com\/fr\/wp-json\/wp\/v2\/product"}],"about":[{"href":"https:\/\/www.diabete-ezy.com\/fr\/wp-json\/wp\/v2\/types\/product"}],"replies":[{"embeddable":true,"href":"https:\/\/www.diabete-ezy.com\/fr\/wp-json\/wp\/v2\/comments?post=2673"}],"wp:featuredmedia":[{"embeddable":true,"href":"https:\/\/www.diabete-ezy.com\/fr\/wp-json\/wp\/v2\/media\/53638"}],"wp:attachment":[{"href":"https:\/\/www.diabete-ezy.com\/fr\/wp-json\/wp\/v2\/media?parent=2673"}],"wp:term":[{"taxonomy":"product_brand","embeddable":true,"href":"https:\/\/www.diabete-ezy.com\/fr\/wp-json\/wp\/v2\/product_brand?post=2673"},{"taxonomy":"product_cat","embeddable":true,"href":"https:\/\/www.diabete-ezy.com\/fr\/wp-json\/wp\/v2\/product_cat?post=2673"},{"taxonomy":"product_tag","embeddable":true,"href":"https:\/\/www.diabete-ezy.com\/fr\/wp-json\/wp\/v2\/product_tag?post=2673"}],"curies":[{"name":"wp","href":"https:\/\/api.w.org\/{rel}","templated":true}]}}