{"id":2677,"date":"2019-10-04T22:35:27","date_gmt":"2019-10-04T12:35:27","guid":{"rendered":"https:\/\/www.diabete-ezy.com\/?post_type=product&#038;p=2677"},"modified":"2025-10-07T17:08:17","modified_gmt":"2025-10-07T07:08:17","slug":"registre-de-la-pompe","status":"publish","type":"product","link":"https:\/\/www.diabete-ezy.com\/fr\/produit\/registre-de-la-pompe\/","title":{"rendered":"Registre des pompes"},"content":{"rendered":"<div class=\"wpb-content-wrapper\"><div class=\"vc_row wpb_row row top-row wpb_custom_034b39d9bc6c6b310d69e39f0ccf274f\"><div class=\"vc_column_container col-md-12\"><div class=\"wpb_wrapper vc_column-inner\">\r\n\t<div class=\"wpb_text_column wpb_content_element wpb_custom_7c91d232724f73626cc933bd95b25ff0\" >\r\n\t\t<div class=\"wpb_wrapper\">\r\n\t\t\t<p>Le journal de bord de la pompe est tr\u00e8s utile pour suivre votre routine quotidienne, car de nombreux facteurs influencent votre corps lorsque vous souffrez de diab\u00e8te. Le type et la quantit\u00e9 de nourriture que vous mangez, l\u2019exercice que vous faites, les heures auxquelles vous testez votre glyc\u00e9mie, vos repas et la quantit\u00e9 de m\u00e9dicaments que vous prenez affectent tous votre corps de diff\u00e9rentes mani\u00e8res. Si vous enregistrez ce type d\u2019informations, vous commencerez \u00e0 comprendre comment toutes ces choses peuvent se combiner et affecter votre corps. Ces connaissances vous permettront de mieux comprendre comment g\u00e9rer au mieux votre diab\u00e8te. Le journal de bord de la pompe vous permet \u00e9galement d&#039;enregistrer toutes les informations pertinentes n\u00e9cessaires pour g\u00e9rer votre pompe \u00e0 diab\u00e8te aussi pr\u00e9cis\u00e9ment que possible.<\/p>\n<p><strong>Qu&#039;est-ce qu&#039;il y a \u00e0 l&#039;int\u00e9rieur?<\/strong><\/p>\n<p>Le carnet d\u2019enregistrement du journal de pompe vous permet d\u2019enregistrer\u00a0:<\/p>\n<ul>\n<li>Jusqu&#039;\u00e0 7 tests par jour.<\/li>\n<li>Niveaux de glyc\u00e9mie.<\/li>\n<li>Type de nourriture qui a \u00e9t\u00e9 consomm\u00e9e.<\/li>\n<li>Valeur totale des glucides des aliments consomm\u00e9s.<\/li>\n<li>M\u00e9dicament sugg\u00e9r\u00e9 pour la nourriture.<\/li>\n<li>Dose de correction.<\/li>\n<li>M\u00e9dicament ou activit\u00e9 active.<\/li>\n<li>Bolus repas total.<\/li>\n<li>Modifications des bolus et des d\u00e9bits basaux.<\/li>\n<li>2 mois d&#039;informations.<\/li>\n<\/ul>\n<div id=\"gtx-trans\" style=\"position: absolute; left: 113px; top: 374px;\">\n<div class=\"gtx-trans-icon\"><\/div>\n<\/div>\n<div id=\"gtx-trans\" style=\"position: absolute; left: 113px; top: 374px;\">\n<div class=\"gtx-trans-icon\"><\/div>\n<\/div>\n\r\n\t\t<\/div>\r\n\t<\/div>\r\n<\/div><\/div><\/div>\n<\/div>","protected":false},"excerpt":{"rendered":"<p>Le journal de bord de la pompe est utile aux utilisateurs de pompes \u00e0 diab\u00e8te pour suivre leur routine et leurs habitudes quotidiennes afin de faciliter une gestion efficace du diab\u00e8te.<\/p>","protected":false},"featured_media":53643,"comment_status":"open","ping_status":"closed","template":"","meta":[],"product_brand":[],"product_cat":[105],"product_tag":[271,286,287],"class_list":{"0":"post-2677","1":"product","2":"type-product","3":"status-publish","4":"has-post-thumbnail","6":"product_cat-log-books","7":"product_tag-diabetes-management","8":"product_tag-log-book","9":"product_tag-record-book","11":"first","12":"instock","13":"taxable","14":"shipping-taxable","15":"purchasable","16":"product-type-simple"},"_links":{"self":[{"href":"https:\/\/www.diabete-ezy.com\/fr\/wp-json\/wp\/v2\/product\/2677","targetHints":{"allow":["GET"]}}],"collection":[{"href":"https:\/\/www.diabete-ezy.com\/fr\/wp-json\/wp\/v2\/product"}],"about":[{"href":"https:\/\/www.diabete-ezy.com\/fr\/wp-json\/wp\/v2\/types\/product"}],"replies":[{"embeddable":true,"href":"https:\/\/www.diabete-ezy.com\/fr\/wp-json\/wp\/v2\/comments?post=2677"}],"wp:featuredmedia":[{"embeddable":true,"href":"https:\/\/www.diabete-ezy.com\/fr\/wp-json\/wp\/v2\/media\/53643"}],"wp:attachment":[{"href":"https:\/\/www.diabete-ezy.com\/fr\/wp-json\/wp\/v2\/media?parent=2677"}],"wp:term":[{"taxonomy":"product_brand","embeddable":true,"href":"https:\/\/www.diabete-ezy.com\/fr\/wp-json\/wp\/v2\/product_brand?post=2677"},{"taxonomy":"product_cat","embeddable":true,"href":"https:\/\/www.diabete-ezy.com\/fr\/wp-json\/wp\/v2\/product_cat?post=2677"},{"taxonomy":"product_tag","embeddable":true,"href":"https:\/\/www.diabete-ezy.com\/fr\/wp-json\/wp\/v2\/product_tag?post=2677"}],"curies":[{"name":"wp","href":"https:\/\/api.w.org\/{rel}","templated":true}]}}