{"id":2990,"date":"2019-10-10T02:44:54","date_gmt":"2019-10-09T16:44:54","guid":{"rendered":"https:\/\/www.diabete-ezy.com\/?post_type=product&#038;p=2990"},"modified":"2021-03-03T12:36:59","modified_gmt":"2021-03-03T02:36:59","slug":"cadeau-certifie","status":"publish","type":"product","link":"https:\/\/www.diabete-ezy.com\/fr\/produit\/cadeau-certifie\/","title":{"rendered":"Ch\u00e8que Cadeau"},"content":{"rendered":"<p>Achetez un ch\u00e8que cadeau et envoyez-le \u00e0 vos amis ou \u00e0 votre famille.<\/p>\n<p>L&#039;heureux destinataire peut utiliser le code du certificat pour payer n&#039;importe quel produit directement sur notre site Internet.<\/p>\n<p>Attention, les ch\u00e8ques cadeaux ne sont pas remboursables.<\/p>\n<p>&nbsp;<\/p>\n<p>&nbsp;<\/p>","protected":false},"excerpt":{"rendered":"<p>Achetez un ch\u00e8que-cadeau et envoyez-le \u00e0 vos amis ou \u00e0 votre famille.<\/p>\n<p>Le Ch\u00e8que Cadeau vous est livr\u00e9 par email, pr\u00eat \u00e0 \u00eatre transmis \u00e0 l&#039;heureux destinataire.<\/p>\n<p>Ils peuvent ensuite utiliser le code pour payer n\u2019importe quel produit sur notre site\u00a0Web\u00a0!<\/p>\n<p class=\"p1\">","protected":false},"featured_media":32249,"comment_status":"closed","ping_status":"closed","template":"","meta":[],"product_brand":[],"product_cat":[107],"product_tag":[],"class_list":{"0":"post-2990","1":"product","2":"type-product","3":"status-publish","4":"has-post-thumbnail","6":"product_cat-specials","8":"first","9":"instock","10":"purchasable","11":"product-type-pw-gift-card"},"_links":{"self":[{"href":"https:\/\/www.diabete-ezy.com\/fr\/wp-json\/wp\/v2\/product\/2990","targetHints":{"allow":["GET"]}}],"collection":[{"href":"https:\/\/www.diabete-ezy.com\/fr\/wp-json\/wp\/v2\/product"}],"about":[{"href":"https:\/\/www.diabete-ezy.com\/fr\/wp-json\/wp\/v2\/types\/product"}],"replies":[{"embeddable":true,"href":"https:\/\/www.diabete-ezy.com\/fr\/wp-json\/wp\/v2\/comments?post=2990"}],"wp:featuredmedia":[{"embeddable":true,"href":"https:\/\/www.diabete-ezy.com\/fr\/wp-json\/wp\/v2\/media\/32249"}],"wp:attachment":[{"href":"https:\/\/www.diabete-ezy.com\/fr\/wp-json\/wp\/v2\/media?parent=2990"}],"wp:term":[{"taxonomy":"product_brand","embeddable":true,"href":"https:\/\/www.diabete-ezy.com\/fr\/wp-json\/wp\/v2\/product_brand?post=2990"},{"taxonomy":"product_cat","embeddable":true,"href":"https:\/\/www.diabete-ezy.com\/fr\/wp-json\/wp\/v2\/product_cat?post=2990"},{"taxonomy":"product_tag","embeddable":true,"href":"https:\/\/www.diabete-ezy.com\/fr\/wp-json\/wp\/v2\/product_tag?post=2990"}],"curies":[{"name":"wp","href":"https:\/\/api.w.org\/{rel}","templated":true}]}}