{"id":1261,"date":"2019-10-01T02:42:37","date_gmt":"2019-09-30T16:42:37","guid":{"rendered":"http:\/\/sw-themes.com\/porto_dummy\/?post_type=product&#038;p=1261"},"modified":"2025-12-10T18:07:44","modified_gmt":"2025-12-10T08:07:44","slug":"cinto-confortavel-para-bomba-de-diabetes","status":"publish","type":"product","link":"https:\/\/www.diabete-ezy.com\/pt\/produtos\/cinto-confortavel-para-bomba-de-diabetes\/","title":{"rendered":"Cinto de bomba para diabetes com bomba confort\u00e1vel"},"content":{"rendered":"<div class=\"wpb-content-wrapper\"><div class=\"vc_row wpb_row row top-row m-b-md wpb_custom_034b39d9bc6c6b310d69e39f0ccf274f\"><div class=\"vc_column_container col-md-12\"><div class=\"wpb_wrapper vc_column-inner\">\r\n\t<div class=\"wpb_text_column wpb_content_element wpb_custom_7c91d232724f73626cc933bd95b25ff0\" >\r\n\t\t<div class=\"wpb_wrapper\">\r\n\t\t\t<p>Os cintos de bomba para diabetes com bomba confort\u00e1vel s\u00e3o feitos de tecido de Lycra\/Nylon de alta qualidade que se ajusta perfeitamente \u00e0 cintura\/quadris. Cada cinto possui v\u00e1rios bolsos, que permitem colocar a bomba para diabetes onde quiser. Nos bolsos extras voc\u00ea pode levar comida para tratamento de hipoglicemia, equipamentos extras, celular ou at\u00e9 dinheiro.<\/p>\n<p>Os cintos confort\u00e1veis s\u00e3o t\u00e3o confort\u00e1veis e discretos que voc\u00ea vai at\u00e9 esquecer que est\u00e3o l\u00e1!<\/p>\n<p><strong>Adequado para bombas incluindo, mas n\u00e3o limitado a:<\/strong><\/p>\n<ul>\n<li>Ypsomed<\/li>\n<li>Medtronic MiniMed 670G\/640G<\/li>\n<li>Tandem T-Slim<\/li>\n<li>Accu-Chek Solo<\/li>\n<li>Paradigma Veo<\/li>\n<\/ul>\n\r\n\t\t<\/div>\r\n\t<\/div>\r\n<\/div><\/div><\/div>\n<\/div>","protected":false},"excerpt":{"rendered":"<p>Os cintos de bomba para diabetes Comfy-pump Diabete-ezy s\u00e3o confort\u00e1veis, leves e se ajustam perfeitamente \u00e0 cintura, o que significa que voc\u00ea pode usar discretamente sua bomba para diabetes.<\/p>\n<ul>\n<li>Comprar <a href=\"https:\/\/www.diabete-ezy.com\/pt\/2-unidades-de-cinto-de-bomba-confortavel\/\">Pacote de 2 pacotes<\/a> e ganhe desconto!<\/li>\n<li>Comprar <a href=\"https:\/\/www.diabete-ezy.com\/pt\/3-unidades-de-cinto-de-bomba-confortavel\/\">Pacote de 3 pacotes<\/a> e ganhe desconto!<\/li>\n<\/ul>","protected":false},"featured_media":53620,"comment_status":"open","ping_status":"closed","template":"","meta":[],"product_brand":[],"product_cat":[90],"product_tag":[196],"class_list":{"0":"post-1261","1":"product","2":"type-product","3":"status-publish","4":"has-post-thumbnail","6":"product_cat-insulin-pump-accessories","7":"product_tag-insulin-pump-accesories","9":"first","10":"instock","11":"taxable","12":"shipping-taxable","13":"purchasable","14":"product-type-variable","15":"has-default-attributes"},"_links":{"self":[{"href":"https:\/\/www.diabete-ezy.com\/pt\/wp-json\/wp\/v2\/product\/1261","targetHints":{"allow":["GET"]}}],"collection":[{"href":"https:\/\/www.diabete-ezy.com\/pt\/wp-json\/wp\/v2\/product"}],"about":[{"href":"https:\/\/www.diabete-ezy.com\/pt\/wp-json\/wp\/v2\/types\/product"}],"replies":[{"embeddable":true,"href":"https:\/\/www.diabete-ezy.com\/pt\/wp-json\/wp\/v2\/comments?post=1261"}],"wp:featuredmedia":[{"embeddable":true,"href":"https:\/\/www.diabete-ezy.com\/pt\/wp-json\/wp\/v2\/media\/53620"}],"wp:attachment":[{"href":"https:\/\/www.diabete-ezy.com\/pt\/wp-json\/wp\/v2\/media?parent=1261"}],"wp:term":[{"taxonomy":"product_brand","embeddable":true,"href":"https:\/\/www.diabete-ezy.com\/pt\/wp-json\/wp\/v2\/product_brand?post=1261"},{"taxonomy":"product_cat","embeddable":true,"href":"https:\/\/www.diabete-ezy.com\/pt\/wp-json\/wp\/v2\/product_cat?post=1261"},{"taxonomy":"product_tag","embeddable":true,"href":"https:\/\/www.diabete-ezy.com\/pt\/wp-json\/wp\/v2\/product_tag?post=1261"}],"curies":[{"name":"wp","href":"https:\/\/api.w.org\/{rel}","templated":true}]}}