{"id":2423,"date":"2019-10-03T22:10:47","date_gmt":"2019-10-03T12:10:47","guid":{"rendered":"https:\/\/www.diabete-ezy.com\/?post_type=product&#038;p=2423"},"modified":"2025-12-10T18:07:59","modified_gmt":"2025-12-10T08:07:59","slug":"3-unidades-de-cinto-de-bomba-confortavel","status":"publish","type":"product","link":"https:\/\/www.diabete-ezy.com\/pt\/produtos\/3-unidades-de-cinto-de-bomba-confortavel\/","title":{"rendered":"Pacote com 3 cintos de bomba para diabetes com bomba confort\u00e1vel"},"content":{"rendered":"<div class=\"wpb-content-wrapper\"><div class=\"vc_row wpb_row row top-row m-b-md wpb_custom_034b39d9bc6c6b310d69e39f0ccf274f\"><div class=\"vc_column_container col-md-12\"><div class=\"wpb_wrapper vc_column-inner\">\r\n\t<div class=\"wpb_text_column wpb_content_element wpb_custom_7c91d232724f73626cc933bd95b25ff0\" >\r\n\t\t<div class=\"wpb_wrapper\">\r\n\t\t\t<p>Os cintos de bomba Comfy Pump Diabetes s\u00e3o feitos de tecido Lycra\/Nylon de alta qualidade que se ajusta perfeitamente \u00e0 cintura\/quadris. Cada cinto possui v\u00e1rios bolsos, que permitem colocar a bomba para diabetes onde quiser. Nos bolsos extras voc\u00ea pode levar comida para tratamento de hipoglicemia, equipamentos extras, celular ou at\u00e9 dinheiro.<\/p>\n<p>Produtos similares no mercado s\u00e3o restritivos, desconfort\u00e1veis e deixam uma protuber\u00e2ncia bastante vis\u00edvel sob a camisa. Mas os cintos Comfy Pump s\u00e3o t\u00e3o confort\u00e1veis e sutis que voc\u00ea vai esquecer que eles est\u00e3o l\u00e1 e os outros nem perceber\u00e3o!<\/p>\n<p><strong>Adequado para bombas incluindo, mas n\u00e3o limitado a:<\/strong><\/p>\n<ul>\n<li>Ypsomed<\/li>\n<li>Medtronic MiniMed 670G\/640G<\/li>\n<li>Tandem T-Slim<\/li>\n<li>Accu-Chek Solo<\/li>\n<li>Paradigma Veo<\/li>\n<\/ul>\n\r\n\t\t<\/div>\r\n\t<\/div>\r\n<\/div><\/div><\/div>\n<\/div>","protected":false},"excerpt":{"rendered":"<p>Os cintos para bomba de diabetes Comfy-pump Diabete-ezy s\u00e3o confort\u00e1veis e leves e se ajustam perfeitamente \u00e0 cintura, o que significa que voc\u00ea pode carregar discretamente sua bomba de diabetes.<\/p>\n<p>&nbsp;<\/p>\n<ul>\n<li>Comprar <a href=\"https:\/\/www.diabete-ezy.com\/pt\/comfy-pump-insulin-belt\/\">1 cinto de bomba confort\u00e1vel<\/a>.<\/li>\n<li>Comprar <a href=\"https:\/\/www.diabete-ezy.com\/pt\/2-unidades-de-cinto-de-bomba-confortavel\/\">Pacote de 2 pacotes<\/a> e ganhe desconto!<\/li>\n<\/ul>","protected":false},"featured_media":53611,"comment_status":"open","ping_status":"closed","template":"","meta":[],"product_brand":[],"product_cat":[90],"product_tag":[196],"class_list":{"0":"post-2423","1":"product","2":"type-product","3":"status-publish","4":"has-post-thumbnail","6":"product_cat-insulin-pump-accessories","7":"product_tag-insulin-pump-accesories","9":"first","10":"instock","11":"taxable","12":"shipping-taxable","13":"purchasable","14":"product-type-variable","15":"has-default-attributes"},"_links":{"self":[{"href":"https:\/\/www.diabete-ezy.com\/pt\/wp-json\/wp\/v2\/product\/2423","targetHints":{"allow":["GET"]}}],"collection":[{"href":"https:\/\/www.diabete-ezy.com\/pt\/wp-json\/wp\/v2\/product"}],"about":[{"href":"https:\/\/www.diabete-ezy.com\/pt\/wp-json\/wp\/v2\/types\/product"}],"replies":[{"embeddable":true,"href":"https:\/\/www.diabete-ezy.com\/pt\/wp-json\/wp\/v2\/comments?post=2423"}],"wp:featuredmedia":[{"embeddable":true,"href":"https:\/\/www.diabete-ezy.com\/pt\/wp-json\/wp\/v2\/media\/53611"}],"wp:attachment":[{"href":"https:\/\/www.diabete-ezy.com\/pt\/wp-json\/wp\/v2\/media?parent=2423"}],"wp:term":[{"taxonomy":"product_brand","embeddable":true,"href":"https:\/\/www.diabete-ezy.com\/pt\/wp-json\/wp\/v2\/product_brand?post=2423"},{"taxonomy":"product_cat","embeddable":true,"href":"https:\/\/www.diabete-ezy.com\/pt\/wp-json\/wp\/v2\/product_cat?post=2423"},{"taxonomy":"product_tag","embeddable":true,"href":"https:\/\/www.diabete-ezy.com\/pt\/wp-json\/wp\/v2\/product_tag?post=2423"}],"curies":[{"name":"wp","href":"https:\/\/api.w.org\/{rel}","templated":true}]}}