{"id":2432,"date":"2019-10-03T22:24:31","date_gmt":"2019-10-03T12:24:31","guid":{"rendered":"https:\/\/www.diabete-ezy.com\/?post_type=product&#038;p=2432"},"modified":"2025-12-10T18:07:53","modified_gmt":"2025-12-10T08:07:53","slug":"cinto-de-bomba-ezy-view","status":"publish","type":"product","link":"https:\/\/www.diabete-ezy.com\/pt\/produtos\/cinto-de-bomba-ezy-view\/","title":{"rendered":"Cinto de bomba confort\u00e1vel Ezy-view"},"content":{"rendered":"<div class=\"wpb-content-wrapper\"><div class=\"vc_row wpb_row row top-row m-b-md wpb_custom_034b39d9bc6c6b310d69e39f0ccf274f\"><div class=\"vc_column_container col-md-12\"><div class=\"wpb_wrapper vc_column-inner\">\r\n\t<div class=\"wpb_text_column wpb_content_element wpb_custom_7c91d232724f73626cc933bd95b25ff0\" >\r\n\t\t<div class=\"wpb_wrapper\">\r\n\t\t\t<p>Nossos novos cintos para bomba de diabetes Ezy-view Comfy-pump com pain\u00e9is de visualiza\u00e7\u00e3o de malha s\u00e3o feitos do mesmo tecido Lycra\/Nylon de alta qualidade que se ajusta perfeitamente \u00e0 sua cintura\/quadris e tem as mesmas caracter\u00edsticas confort\u00e1veis e leves do cinto Comfy-pump original , com a adi\u00e7\u00e3o de um painel de visualiza\u00e7\u00e3o em malha. Este painel de visualiza\u00e7\u00e3o de malha \u00e9 encontrado em um dos v\u00e1rios bolsos do cinto. Ao colocar sua bomba para diabetes no bolso de malha designado, voc\u00ea poder\u00e1 ver e operar sua bomba com facilidade. Este recurso inteligente permite inserir os alimentos ingeridos e fazer corre\u00e7\u00f5es de forma discreta, sem o esfor\u00e7o de ter que retir\u00e1-los do cinto.<\/p>\n<p>Cada cinto possui v\u00e1rios bolsos, que permitem transportar alimentos para tratamento de hipoglicemia, equipamentos extras, celular ou at\u00e9 dinheiro al\u00e9m da bomba de diabetes. O n\u00famero de bolsos em cada cinto varia de acordo com o tamanho (o cinto X Pequeno tem 3 bolsos, enquanto o X Grande tem 6).<\/p>\n<p>Produtos similares no mercado s\u00e3o restritivos, desconfort\u00e1veis e deixam uma protuber\u00e2ncia bastante vis\u00edvel sob a camisa. Mas os cintos Ezy-view Comfy-pump s\u00e3o t\u00e3o confort\u00e1veis e sutis que voc\u00ea vai esquecer que eles est\u00e3o l\u00e1 e os outros nem perceber\u00e3o!<\/p>\n<p><strong>Cores<\/strong><\/p>\n<p>Dispon\u00edvel em Preto e Nu. Ambas as cores possuem um painel de visualiza\u00e7\u00e3o em malha preta, projetado para maior facilidade de visualiza\u00e7\u00e3o.<\/p>\n<p>&nbsp;<\/p>\n<p><strong>Adequado para bombas incluindo, mas n\u00e3o limitado a:<\/strong><\/p>\n<ul>\n<li>Ypsomed<\/li>\n<li>Medtronic MiniMed 670G\/640G<\/li>\n<li>Tandem T-Slim<\/li>\n<li>Accu-Chek Solo<\/li>\n<li>Paradigma Veo<\/li>\n<\/ul>\n\r\n\t\t<\/div>\r\n\t<\/div>\r\n<\/div><\/div><\/div>\n<\/div>","protected":false},"excerpt":{"rendered":"<p>O cinto para bomba para diabetes Ezy-View Comfy-pump tem um painel de visualiza\u00e7\u00e3o de malha que se ajusta perfeitamente \u00e0 cintura\/quadris e transporta confortavelmente sua bomba para diabetes.<\/p>\n<p>&nbsp;<\/p>\n<ul>\n<li>Comprar <a href=\"https:\/\/www.diabete-ezy.com\/pt\/2-unidades-de-cinto-de-bomba-confortavel-ezy-view\/\">Pacote de 2 pacotes<\/a> e ganhe desconto!<\/li>\n<li>Comprar <a href=\"https:\/\/www.diabete-ezy.com\/pt\/3-unidades-de-cinto-de-bomba-confortavel-ezy-view\/\">Pacote de 3 pacotes<\/a> e ganhe desconto!<\/li>\n<\/ul>","protected":false},"featured_media":53628,"comment_status":"open","ping_status":"closed","template":"","meta":[],"product_brand":[],"product_cat":[90],"product_tag":[196],"class_list":{"0":"post-2432","1":"product","2":"type-product","3":"status-publish","4":"has-post-thumbnail","6":"product_cat-insulin-pump-accessories","7":"product_tag-insulin-pump-accesories","9":"first","10":"instock","11":"taxable","12":"shipping-taxable","13":"purchasable","14":"product-type-variable"},"_links":{"self":[{"href":"https:\/\/www.diabete-ezy.com\/pt\/wp-json\/wp\/v2\/product\/2432","targetHints":{"allow":["GET"]}}],"collection":[{"href":"https:\/\/www.diabete-ezy.com\/pt\/wp-json\/wp\/v2\/product"}],"about":[{"href":"https:\/\/www.diabete-ezy.com\/pt\/wp-json\/wp\/v2\/types\/product"}],"replies":[{"embeddable":true,"href":"https:\/\/www.diabete-ezy.com\/pt\/wp-json\/wp\/v2\/comments?post=2432"}],"wp:featuredmedia":[{"embeddable":true,"href":"https:\/\/www.diabete-ezy.com\/pt\/wp-json\/wp\/v2\/media\/53628"}],"wp:attachment":[{"href":"https:\/\/www.diabete-ezy.com\/pt\/wp-json\/wp\/v2\/media?parent=2432"}],"wp:term":[{"taxonomy":"product_brand","embeddable":true,"href":"https:\/\/www.diabete-ezy.com\/pt\/wp-json\/wp\/v2\/product_brand?post=2432"},{"taxonomy":"product_cat","embeddable":true,"href":"https:\/\/www.diabete-ezy.com\/pt\/wp-json\/wp\/v2\/product_cat?post=2432"},{"taxonomy":"product_tag","embeddable":true,"href":"https:\/\/www.diabete-ezy.com\/pt\/wp-json\/wp\/v2\/product_tag?post=2432"}],"curies":[{"name":"wp","href":"https:\/\/api.w.org\/{rel}","templated":true}]}}