{"id":2537,"date":"2019-10-03T23:40:52","date_gmt":"2019-10-03T13:40:52","guid":{"rendered":"https:\/\/www.diabete-ezy.com\/?post_type=product&#038;p=2537"},"modified":"2025-12-10T18:12:44","modified_gmt":"2025-12-10T08:12:44","slug":"pacote-de-cuidados-multiplos","status":"publish","type":"product","link":"https:\/\/www.diabete-ezy.com\/pt\/produtos\/pacote-de-cuidados-multiplos\/","title":{"rendered":"Pacote Multi-cuidados"},"content":{"rendered":"<div class=\"wpb-content-wrapper\"><div class=\"vc_row wpb_row row top-row m-b-md wpb_custom_034b39d9bc6c6b310d69e39f0ccf274f\"><div class=\"vc_column_container col-md-12\"><div class=\"wpb_wrapper vc_column-inner\">\r\n\t<div class=\"wpb_text_column wpb_content_element wpb_custom_7c91d232724f73626cc933bd95b25ff0\" >\r\n\t\t<div class=\"wpb_wrapper\">\r\n\t\t\t<p><strong>o que est\u00e1 inclu\u00eddo<\/strong><\/p>\n<p>O pacote multi-cuidados Diabete-ezy cont\u00e9m:<\/p>\n<ul>\n<li>1 capa multi-ajuste para diabetes-ezy<\/li>\n<\/ul>\n<p>Os estojos multi-ajuste s\u00e3o adequados para diab\u00e9ticos tipo 1 e 2. A caixa externa \u00e9 feita de um material resistente e f\u00e1cil de limpar, com uma al\u00e7a de cord\u00e3o, enquanto velcro e recursos el\u00e1sticos s\u00e3o usados para manter o equipamento no lugar.<\/p>\n<ul>\n<li>1 x cinto de bomba confort\u00e1vel para diabetes-ezy<\/li>\n<\/ul>\n<p>Os cintos Comfy-pump s\u00e3o confort\u00e1veis e leves. Eles se ajustam perfeitamente \u00e0 cintura \/ quadris para que voc\u00ea possa transportar discretamente sua bomba de diabetes por baixo da roupa em um dos bolsos embutidos.<\/p>\n<ul>\n<li>1 x pacote inicial de limpeza de teste para diabetes-ezy<\/li>\n<\/ul>\n<p>Os toalhetes de teste Diabete-ezy n\u00e3o cont\u00eam \u00e1lcool e s\u00e3o usados para remover res\u00edduos de alimentos e sujeira antes de um teste de glicose no sangue e excesso de sangue ap\u00f3s o teste. Os Starter Packs v\u00eam completos com uma caixa dispensadora f\u00e1cil de usar e 100 toalhetes de teste para garantir um teste de glicemia confi\u00e1vel, n\u00e3o importa onde voc\u00ea esteja.<\/p>\n<ul>\n<li>1 x pacote de recarga de limpeza de teste para diabetes-ezy<\/li>\n<\/ul>\n<p>Os pacotes de recarga consistem em 8 x 25 recargas de len\u00e7os umedecidos, totalizando 200 len\u00e7os umedecidos. Esses 8 recipientes de recarga s\u00e3o selados com papel alum\u00ednio para garantir que os len\u00e7os permane\u00e7am \u00famidos at\u00e9 serem necess\u00e1rios.<\/p>\n<ul>\n<li>1 x livro de registro da bomba para diabetes<\/li>\n<\/ul>\n<p>O Pump Log Record Book \u00e9 muito \u00fatil para usu\u00e1rios de bombas para diabetes acompanharem sua rotina e padr\u00f5es di\u00e1rios para ajudar no controle eficaz do diabetes.<\/p>\n<p>O case \u00e9 adequado para a maioria dos medidores de glicose no sangue, incluindo:<\/p>\n<ul>\n<li>Abbott, Optium Xceed, Onetouch, Freestyle, Accu-Check, Fora 6 Connect, Dario LC, OneTouch Ultra, Caretouch, Prodigy Voice, Auvon, True medtric, Accutrend, Contour Next e outros leitores de glicose no sangue de tamanho semelhante, a, Integra, Go , Cart\u00e3o Senso, CareSens, TrueTrack<\/li>\n<\/ul>\n\r\n\t\t<\/div>\r\n\t<\/div>\r\n<\/div><\/div><\/div>\n<\/div>","protected":false},"excerpt":{"rendered":"<p>Ajude a controlar melhor seu diabetes com o Pacote Multi-care que cont\u00e9m um estojo Multi-fit, cinto Comfy-pump, toalhetes de teste e um livro de registro de diabetes.<\/p>","protected":false},"featured_media":53571,"comment_status":"open","ping_status":"closed","template":"","meta":[],"product_brand":[],"product_cat":[86,88,90,105,107],"product_tag":[196],"class_list":{"0":"post-2537","1":"product","2":"type-product","3":"status-publish","4":"has-post-thumbnail","6":"product_cat-diabetes-cases","7":"product_cat-diabetes-cleaning-wipes","8":"product_cat-insulin-pump-accessories","9":"product_cat-log-books","10":"product_cat-specials","11":"product_tag-insulin-pump-accesories","13":"first","14":"instock","15":"sale","16":"taxable","17":"shipping-taxable","18":"purchasable","19":"product-type-variable"},"_links":{"self":[{"href":"https:\/\/www.diabete-ezy.com\/pt\/wp-json\/wp\/v2\/product\/2537","targetHints":{"allow":["GET"]}}],"collection":[{"href":"https:\/\/www.diabete-ezy.com\/pt\/wp-json\/wp\/v2\/product"}],"about":[{"href":"https:\/\/www.diabete-ezy.com\/pt\/wp-json\/wp\/v2\/types\/product"}],"replies":[{"embeddable":true,"href":"https:\/\/www.diabete-ezy.com\/pt\/wp-json\/wp\/v2\/comments?post=2537"}],"wp:featuredmedia":[{"embeddable":true,"href":"https:\/\/www.diabete-ezy.com\/pt\/wp-json\/wp\/v2\/media\/53571"}],"wp:attachment":[{"href":"https:\/\/www.diabete-ezy.com\/pt\/wp-json\/wp\/v2\/media?parent=2537"}],"wp:term":[{"taxonomy":"product_brand","embeddable":true,"href":"https:\/\/www.diabete-ezy.com\/pt\/wp-json\/wp\/v2\/product_brand?post=2537"},{"taxonomy":"product_cat","embeddable":true,"href":"https:\/\/www.diabete-ezy.com\/pt\/wp-json\/wp\/v2\/product_cat?post=2537"},{"taxonomy":"product_tag","embeddable":true,"href":"https:\/\/www.diabete-ezy.com\/pt\/wp-json\/wp\/v2\/product_tag?post=2537"}],"curies":[{"name":"wp","href":"https:\/\/api.w.org\/{rel}","templated":true}]}}