{"id":2574,"date":"2019-10-04T02:14:23","date_gmt":"2019-10-03T16:14:23","guid":{"rendered":"https:\/\/www.diabete-ezy.com\/?post_type=product&#038;p=2574"},"modified":"2025-12-10T18:13:53","modified_gmt":"2025-12-10T08:13:53","slug":"estojo-multi-ajuste","status":"publish","type":"product","link":"https:\/\/www.diabete-ezy.com\/pt\/produtos\/estojo-multi-ajuste\/","title":{"rendered":"Estojo multiajuste"},"content":{"rendered":"<div class=\"wpb-content-wrapper\"><div class=\"vc_row wpb_row row top-row m-b-md wpb_custom_034b39d9bc6c6b310d69e39f0ccf274f\"><div class=\"vc_column_container col-md-12\"><div class=\"wpb_wrapper vc_column-inner\">\r\n\t<div class=\"wpb_text_column wpb_content_element wpb_custom_7c91d232724f73626cc933bd95b25ff0\" >\r\n\t\t<div class=\"wpb_wrapper\">\r\n\t\t\t<p>A elegante capa Multi-fit carrega tudo o que a capa Ezy-fit carrega e muito mais. Este novo design \u00e9 adequado para diab\u00e9ticos tipo 1 e tipo 2. A caixa externa \u00e9 feita de um material resistente e f\u00e1cil de limpar, com uma al\u00e7a de cord\u00e3o, enquanto velcro e recursos el\u00e1sticos s\u00e3o usados para manter o equipamento no lugar.<\/p>\n<p>O compartimento superior cont\u00e9m um medidor de glicemia, 2 agulhas de caneta, tiras de teste em papel alum\u00ednio ou canister, um dispositivo de lanceta, frascos de medicamentos, toalhetes de teste, um livro de registro, um plano de gerenciamento personalizado do tamanho de um cart\u00e3o, uma esferogr\u00e1fica, uma agulha e pontas de lanceta, bem como uma lata de lixo. O compartimento abaixo pode transportar consum\u00edveis da bomba, um GlucaGen Hypokit, jujubas ou alimentos para tratamentos de hipoglicemia, baterias sobressalentes, toalhetes de teste, tiras de teste, outros medicamentos ou at\u00e9 mesmo dinheiro e cart\u00f5es de cr\u00e9dito.<\/p>\n<p>O case \u00e9 adequado para a maioria dos medidores de glicose no sangue, incluindo:<\/p>\n<ul>\n<li>Abbott, Optium Xceed, Onetouch, Freestyle, Accu-Check, Fora 6 Connect, Dario LC, OneTouch Ultra, Caretouch, Prodigy Voice, Auvon, True medtric, Accutrend, Contour Next e outros leitores de glicose no sangue de tamanho semelhante, a, Integra, Go , Cart\u00e3o Senso, CareSens, TrueTrack<\/li>\n<\/ul>\n<p>Finalmente, tudo pode realmente ser armazenado em um s\u00f3 lugar.<\/p>\n\r\n\t\t<\/div>\r\n\t<\/div>\r\n\r\n\t<div class=\"wpb_single_image wpb_content_element vc_align_center wpb_content_element  wpb_custom_81a4f7ef9830bf958462581aa01150fb\"><div class=\"wpb_wrapper\">\r\n\t\t\t\r\n\t\t\t<div class=\"vc_single_image-wrapper vc_box_shadow_border  vc_box_border_grey\"><img decoding=\"async\" width=\"600\" height=\"395\" src=\"https:\/\/www.diabete-ezy.com\/wp-content\/uploads\/2019\/10\/Multi-fit-with-labels.jpg\" class=\"vc_single_image-img attachment-full\" alt=\"\" title=\"Multi-ajuste com etiquetas\" srcset=\"https:\/\/www.diabete-ezy.com\/wp-content\/uploads\/2019\/10\/Multi-fit-with-labels.jpg 600w, https:\/\/www.diabete-ezy.com\/wp-content\/uploads\/2019\/10\/Multi-fit-with-labels-400x263.jpg 400w, https:\/\/www.diabete-ezy.com\/wp-content\/uploads\/2019\/10\/Multi-fit-with-labels-367x242.jpg 367w\" sizes=\"(max-width: 600px) 100vw, 600px\" \/><\/div>\r\n\t\t<\/div>\r\n\t<\/div>\r\n<\/div><\/div><\/div>\n<\/div>","protected":false},"excerpt":{"rendered":"<p>O elegante estojo Multi-fit carrega tudo o que o Ezy-Fit carrega e muito mais, incluindo acess\u00f3rios para bomba e consum\u00edveis, o estojo para diabetes que atende \u00e0s suas necessidades di\u00e1rias.<\/p>","protected":false},"featured_media":53573,"comment_status":"open","ping_status":"closed","template":"","meta":[],"product_brand":[],"product_cat":[86],"product_tag":[269,270,271,281],"class_list":{"0":"post-2574","1":"product","2":"type-product","3":"status-publish","4":"has-post-thumbnail","6":"product_cat-diabetes-cases","7":"product_tag-diabetes-bag","8":"product_tag-diabetes-case","9":"product_tag-diabetes-management","10":"product_tag-multi-fit-case","12":"first","13":"instock","14":"taxable","15":"shipping-taxable","16":"purchasable","17":"product-type-variable"},"_links":{"self":[{"href":"https:\/\/www.diabete-ezy.com\/pt\/wp-json\/wp\/v2\/product\/2574","targetHints":{"allow":["GET"]}}],"collection":[{"href":"https:\/\/www.diabete-ezy.com\/pt\/wp-json\/wp\/v2\/product"}],"about":[{"href":"https:\/\/www.diabete-ezy.com\/pt\/wp-json\/wp\/v2\/types\/product"}],"replies":[{"embeddable":true,"href":"https:\/\/www.diabete-ezy.com\/pt\/wp-json\/wp\/v2\/comments?post=2574"}],"wp:featuredmedia":[{"embeddable":true,"href":"https:\/\/www.diabete-ezy.com\/pt\/wp-json\/wp\/v2\/media\/53573"}],"wp:attachment":[{"href":"https:\/\/www.diabete-ezy.com\/pt\/wp-json\/wp\/v2\/media?parent=2574"}],"wp:term":[{"taxonomy":"product_brand","embeddable":true,"href":"https:\/\/www.diabete-ezy.com\/pt\/wp-json\/wp\/v2\/product_brand?post=2574"},{"taxonomy":"product_cat","embeddable":true,"href":"https:\/\/www.diabete-ezy.com\/pt\/wp-json\/wp\/v2\/product_cat?post=2574"},{"taxonomy":"product_tag","embeddable":true,"href":"https:\/\/www.diabete-ezy.com\/pt\/wp-json\/wp\/v2\/product_tag?post=2574"}],"curies":[{"name":"wp","href":"https:\/\/api.w.org\/{rel}","templated":true}]}}