{"id":2594,"date":"2019-10-04T02:37:55","date_gmt":"2019-10-03T16:37:55","guid":{"rendered":"https:\/\/www.diabete-ezy.com\/?post_type=product&#038;p=2594"},"modified":"2025-12-10T18:12:55","modified_gmt":"2025-12-10T08:12:55","slug":"pacote-de-cuidados-ezy","status":"publish","type":"product","link":"https:\/\/www.diabete-ezy.com\/pt\/produtos\/pacote-de-cuidados-ezy\/","title":{"rendered":"Pacote Ezy-care"},"content":{"rendered":"<div class=\"wpb-content-wrapper\"><div class=\"vc_row wpb_row row top-row m-b-md wpb_custom_034b39d9bc6c6b310d69e39f0ccf274f\"><div class=\"vc_column_container col-md-12\"><div class=\"wpb_wrapper vc_column-inner\">\r\n\t<div class=\"wpb_text_column wpb_content_element wpb_custom_7c91d232724f73626cc933bd95b25ff0\" >\r\n\t\t<div class=\"wpb_wrapper\">\r\n\t\t\t<p><strong>o que est\u00e1 inclu\u00eddo<\/strong><\/p>\n<p>O pacote Diabete-ezy Ezy-care cont\u00e9m:<\/p>\n<ul>\n<li>1 capa para diabetes Ezy Ezy-fit<\/li>\n<\/ul>\n<p>O estojo Ezy-Fit atende todas as suas necessidades di\u00e1rias de diabetes em um s\u00f3 lugar. A caixa externa \u00e9 feita de um material r\u00edgido dur\u00e1vel e f\u00e1cil de limpar.<\/p>\n<ul>\n<li>1 x pacote inicial de limpeza de teste para diabetes-ezy<\/li>\n<\/ul>\n<p>Os toalhetes de teste Diabete-ezy n\u00e3o cont\u00eam \u00e1lcool e s\u00e3o usados para remover res\u00edduos de alimentos e sujeira antes de um teste de glicose no sangue e excesso de sangue ap\u00f3s o teste. Os Starter Packs v\u00eam completos com uma caixa dispensadora f\u00e1cil de usar e 100 toalhetes de teste para garantir um teste de glicemia confi\u00e1vel, n\u00e3o importa onde voc\u00ea esteja.<\/p>\n<ul>\n<li>1 x pacote de recarga de limpeza de teste para diabetes-ezy<\/li>\n<\/ul>\n<p>Os pacotes de recarga consistem em 8 x 25 recargas de len\u00e7os umedecidos, totalizando 200 len\u00e7os umedecidos. Esses 8 recipientes de recarga s\u00e3o selados com papel alum\u00ednio para garantir que os len\u00e7os permane\u00e7am \u00famidos at\u00e9 serem necess\u00e1rios.<\/p>\n<ul>\n<li>1 x Livro Dia-log-it Diabete-ezy<\/li>\n<\/ul>\n<p>O Livro de Registro Dia-log-it \u00e9 muito \u00fatil para acompanhar sua rotina di\u00e1ria, pois muitas coisas influenciam seu corpo quando voc\u00ea tem diabetes.<\/p>\n<p>O case \u00e9 adequado para a maioria dos medidores de glicose no sangue, incluindo:<\/p>\n<ul>\n<li>Abbott, Optium Xceed, Onetouch, Freestyle, Accu-Check, Fora 6 Connect, Dario LC, OneTouch Ultra, Caretouch, Prodigy Voice, Auvon, True medtric, Accutrend, Contour Next e outros leitores de glicose no sangue de tamanho semelhante, a, Integra, Go , Cart\u00e3o Senso, CareSens, TrueTrack<\/li>\n<\/ul>\n\r\n\t\t<\/div>\r\n\t<\/div>\r\n<\/div><\/div><\/div>\n<p>&nbsp;<\/p>\n<p>&nbsp;<\/p>\n<p>&nbsp;<\/p>\n<p>&nbsp;<\/p>\n<\/div>","protected":false},"excerpt":{"rendered":"<p>Ajude a controlar melhor seu diabetes com o pacote Ezy-care contendo um estojo Ezy-fit, len\u00e7os umedecidos para teste de diabetes e um livro de registro de diabetes.<\/p>\n<p>&nbsp;<\/p>\n<p>&nbsp;<\/p>\n<p>&nbsp;<\/p>\n<p>&nbsp;<\/p>","protected":false},"featured_media":53566,"comment_status":"open","ping_status":"closed","template":"","meta":[],"product_brand":[],"product_cat":[86,88,105,107],"product_tag":[269,270,196,286,287],"class_list":{"0":"post-2594","1":"product","2":"type-product","3":"status-publish","4":"has-post-thumbnail","6":"product_cat-diabetes-cases","7":"product_cat-diabetes-cleaning-wipes","8":"product_cat-log-books","9":"product_cat-specials","10":"product_tag-diabetes-bag","11":"product_tag-diabetes-case","12":"product_tag-insulin-pump-accesories","13":"product_tag-log-book","14":"product_tag-record-book","16":"first","17":"instock","18":"sale","19":"taxable","20":"shipping-taxable","21":"purchasable","22":"product-type-variable"},"_links":{"self":[{"href":"https:\/\/www.diabete-ezy.com\/pt\/wp-json\/wp\/v2\/product\/2594","targetHints":{"allow":["GET"]}}],"collection":[{"href":"https:\/\/www.diabete-ezy.com\/pt\/wp-json\/wp\/v2\/product"}],"about":[{"href":"https:\/\/www.diabete-ezy.com\/pt\/wp-json\/wp\/v2\/types\/product"}],"replies":[{"embeddable":true,"href":"https:\/\/www.diabete-ezy.com\/pt\/wp-json\/wp\/v2\/comments?post=2594"}],"wp:featuredmedia":[{"embeddable":true,"href":"https:\/\/www.diabete-ezy.com\/pt\/wp-json\/wp\/v2\/media\/53566"}],"wp:attachment":[{"href":"https:\/\/www.diabete-ezy.com\/pt\/wp-json\/wp\/v2\/media?parent=2594"}],"wp:term":[{"taxonomy":"product_brand","embeddable":true,"href":"https:\/\/www.diabete-ezy.com\/pt\/wp-json\/wp\/v2\/product_brand?post=2594"},{"taxonomy":"product_cat","embeddable":true,"href":"https:\/\/www.diabete-ezy.com\/pt\/wp-json\/wp\/v2\/product_cat?post=2594"},{"taxonomy":"product_tag","embeddable":true,"href":"https:\/\/www.diabete-ezy.com\/pt\/wp-json\/wp\/v2\/product_tag?post=2594"}],"curies":[{"name":"wp","href":"https:\/\/api.w.org\/{rel}","templated":true}]}}