{"id":2632,"date":"2019-10-04T18:56:34","date_gmt":"2019-10-04T08:56:34","guid":{"rendered":"https:\/\/www.diabete-ezy.com\/?post_type=product&#038;p=2632"},"modified":"2025-12-10T18:13:12","modified_gmt":"2025-12-10T08:13:12","slug":"teste-de-limpeza-multiespecial","status":"publish","type":"product","link":"https:\/\/www.diabete-ezy.com\/pt\/produtos\/teste-de-limpeza-multiespecial\/","title":{"rendered":"Teste-limpeza Multi Especial"},"content":{"rendered":"<div class=\"wpb-content-wrapper\"><div class=\"vc_row wpb_row row top-row m-b-md wpb_custom_034b39d9bc6c6b310d69e39f0ccf274f\"><div class=\"vc_column_container col-md-12\"><div class=\"wpb_wrapper vc_column-inner\">\r\n\t<div class=\"wpb_text_column wpb_content_element wpb_custom_7c91d232724f73626cc933bd95b25ff0\" >\r\n\t\t<div class=\"wpb_wrapper\">\r\n\t\t\t<p>Organize-se e tenha todos os itens essenciais com este pacote de pre\u00e7o reduzido e economize mais de 12%.<\/p>\n<p>Diabete-ezy Test-wipe Multi Special cont\u00e9m:<\/p>\n<ul>\n<li>1 capa multi-ajuste para diabetes-ezy<\/li>\n<\/ul>\n<p>Os estojos multi-ajuste s\u00e3o adequados para diab\u00e9ticos tipo 1 e 2. A caixa externa \u00e9 feita de um material resistente e f\u00e1cil de limpar, com uma al\u00e7a de cord\u00e3o, enquanto velcro e recursos el\u00e1sticos s\u00e3o usados para manter o equipamento no lugar.<\/p>\n<ul>\n<li>2 x caixas de recarga de limpeza de teste para diabetes-ezy<\/li>\n<\/ul>\n<p>Os toalhetes de teste Diabete-ezy n\u00e3o cont\u00eam \u00e1lcool e s\u00e3o usados para remover res\u00edduos de alimentos e sujeira antes de um teste de glicose no sangue e excesso de sangue ap\u00f3s o teste. Os pacotes de recarga consistem em 8 x 25 recargas de len\u00e7os umedecidos, totalizando 200 len\u00e7os umedecidos. Esses 8 recipientes de recarga s\u00e3o selados com papel alum\u00ednio para garantir que os len\u00e7os permane\u00e7am \u00famidos at\u00e9 serem necess\u00e1rios.<\/p>\n<p>Com GR\u00c1TIS:<\/p>\n<ul>\n<li>1 x pacote inicial de limpeza de teste para diabetes-ezy<\/li>\n<\/ul>\n<p>Os Starter Packs v\u00eam completos com uma caixa dispensadora f\u00e1cil de usar e 100 toalhetes de teste para garantir um teste de glicemia confi\u00e1vel, n\u00e3o importa onde voc\u00ea esteja.<\/p>\n<ul>\n<li>1 x Livro Dia-log-it\/Bomba-log Diabete-ezy<\/li>\n<\/ul>\n<p>O Livro de Registro Dia-log-it \u00e9 muito \u00fatil para acompanhar sua rotina di\u00e1ria, pois muitas coisas influenciam seu corpo quando voc\u00ea tem diabetes. O Pump Log Record Book \u00e9 muito \u00fatil para usu\u00e1rios de bombas para diabetes acompanharem sua rotina e padr\u00f5es di\u00e1rios para ajudar no controle eficaz do diabetes.<\/p>\n\r\n\t\t<\/div>\r\n\t<\/div>\r\n<\/div><\/div><\/div>\n<\/div>","protected":false},"excerpt":{"rendered":"<p>Ajude a controlar melhor o seu diabetes com o Test-wipe Multi Special que cont\u00e9m um estojo Multi-fit, len\u00e7os umedecidos para teste e um livro de registro de diabetes. Adequado para diabetes tipo 1 e tipo 2<\/p>","protected":false},"featured_media":3687,"comment_status":"open","ping_status":"closed","template":"","meta":[],"product_brand":[],"product_cat":[86,88,107],"product_tag":[292,269,270,286,287],"class_list":{"0":"post-2632","1":"product","2":"type-product","3":"status-publish","4":"has-post-thumbnail","6":"product_cat-diabetes-cases","7":"product_cat-diabetes-cleaning-wipes","8":"product_cat-specials","9":"product_tag-cleaning-wipes","10":"product_tag-diabetes-bag","11":"product_tag-diabetes-case","12":"product_tag-log-book","13":"product_tag-record-book","15":"first","16":"instock","17":"sale","18":"taxable","19":"shipping-taxable","20":"purchasable","21":"product-type-variable"},"_links":{"self":[{"href":"https:\/\/www.diabete-ezy.com\/pt\/wp-json\/wp\/v2\/product\/2632","targetHints":{"allow":["GET"]}}],"collection":[{"href":"https:\/\/www.diabete-ezy.com\/pt\/wp-json\/wp\/v2\/product"}],"about":[{"href":"https:\/\/www.diabete-ezy.com\/pt\/wp-json\/wp\/v2\/types\/product"}],"replies":[{"embeddable":true,"href":"https:\/\/www.diabete-ezy.com\/pt\/wp-json\/wp\/v2\/comments?post=2632"}],"wp:featuredmedia":[{"embeddable":true,"href":"https:\/\/www.diabete-ezy.com\/pt\/wp-json\/wp\/v2\/media\/3687"}],"wp:attachment":[{"href":"https:\/\/www.diabete-ezy.com\/pt\/wp-json\/wp\/v2\/media?parent=2632"}],"wp:term":[{"taxonomy":"product_brand","embeddable":true,"href":"https:\/\/www.diabete-ezy.com\/pt\/wp-json\/wp\/v2\/product_brand?post=2632"},{"taxonomy":"product_cat","embeddable":true,"href":"https:\/\/www.diabete-ezy.com\/pt\/wp-json\/wp\/v2\/product_cat?post=2632"},{"taxonomy":"product_tag","embeddable":true,"href":"https:\/\/www.diabete-ezy.com\/pt\/wp-json\/wp\/v2\/product_tag?post=2632"}],"curies":[{"name":"wp","href":"https:\/\/api.w.org\/{rel}","templated":true}]}}