{"id":2647,"date":"2019-10-04T20:46:56","date_gmt":"2019-10-04T10:46:56","guid":{"rendered":"https:\/\/www.diabete-ezy.com\/?post_type=product&#038;p=2647"},"modified":"2025-10-07T17:12:02","modified_gmt":"2025-10-07T07:12:02","slug":"pacote-inicial-de-limpeza-de-teste","status":"publish","type":"product","link":"https:\/\/www.diabete-ezy.com\/pt\/produtos\/pacote-inicial-de-limpeza-de-teste\/","title":{"rendered":"Pacote inicial de limpeza de teste"},"content":{"rendered":"<div class=\"wpb-content-wrapper\"><div class=\"vc_row wpb_row row top-row m-b-md wpb_custom_034b39d9bc6c6b310d69e39f0ccf274f\"><div class=\"vc_column_container col-md-12\"><div class=\"wpb_wrapper vc_column-inner\">\r\n\t<div class=\"wpb_text_column wpb_content_element wpb_custom_7c91d232724f73626cc933bd95b25ff0\" >\r\n\t\t<div class=\"wpb_wrapper\">\r\n\t\t\t<p>A caixa dispensadora foi projetada para caber facilmente na maioria dos casos de teste e fornece uma maneira conveniente e simples de limpar seu local de teste antes e depois do teste BGL. Os len\u00e7os de teste tamb\u00e9m s\u00e3o \u00f3timos para limpar locais de bomba de diabetes antes de inseri-los e depois que o local for removido.<\/p>\n<p>Quer voc\u00ea tenha diabetes tipo 1 ou tipo 2, uma leitura precisa do seu n\u00edvel de glicose no sangue (BGL) \u00e9 vital. Lavar as m\u00e3os antes do teste parece uma solu\u00e7\u00e3o simples para remover todas as impurezas, como suco de frutas, alimentos e sujeira. Por\u00e9m, na correria do dia a dia, quando estamos no carro ou em um piquenique, isso nem sempre \u00e9 f\u00e1cil.<\/p>\n<p>Os toalhetes de teste Diabete-ezy n\u00e3o cont\u00eam \u00e1lcool e s\u00e3o projetados para remover qualquer res\u00edduo de comida ou sujeira da ponta do dedo com seguran\u00e7a e efic\u00e1cia. Os len\u00e7os de teste tamb\u00e9m podem ser usados para remover sangue ap\u00f3s o teste e podem ser usados para preparar o local para uma bomba de diabetes. A solu\u00e7\u00e3o usada nos len\u00e7os de teste \u00e9 o gluconato de clorexidina 2%.<\/p>\n<p>Os Starter Packs v\u00eam completos com uma caixa dispensadora f\u00e1cil de usar e 100 len\u00e7os umedecidos.<\/p>\n<p>A caixa dispensadora foi projetada para caber facilmente na maioria dos casos de teste e fornece uma maneira conveniente e simples de garantir um teste confi\u00e1vel de glicemia, n\u00e3o importa onde voc\u00ea esteja.<\/p>\n<p><strong>Uma de nossas experi\u00eancias de n\u00e3o ter os dedos limpos antes do teste\u2026<\/strong><\/p>\n<p>Era dia de creche do Freddie, recebi um telefonema na hora do almo\u00e7o alertando que o BGL dele era 21mml. Eu sei que ele estava com 6,2mml no ch\u00e1 da manh\u00e3 e sei que o que ele comeu no ch\u00e1 da manh\u00e3 n\u00e3o aumentaria tanto seus n\u00edveis. Perguntei se ele havia lavado as m\u00e3os antes do teste e eles disseram que sim. Normalmente dar\u00edamos a ele uma inje\u00e7\u00e3o extra para reduzir o n\u00edvel de 21 mml, mas perguntei se eles poderiam usar os len\u00e7os de teste que eu tinha na caixa do medidor para limpar o dedo e testar novamente, seu n\u00edvel caiu para 13 mml.<\/p>\n<p>Muitas vezes me pergunto o que teria acontecido se eu n\u00e3o tivesse feito o novo teste e eles tivessem acabado de aplicar a inje\u00e7\u00e3o... poder\u00edamos ter passado a noite no hospital porque Fred pode ter tido uma hipoglicemia grave. Al\u00e9m disso, nunca confie em uma crian\u00e7a de 3 anos quando ela disser que lavou as m\u00e3os!!<\/p>\n\r\n\t\t<\/div>\r\n\t<\/div>\r\n<\/div><\/div><\/div>\n<\/div>","protected":false},"excerpt":{"rendered":"<p>Os len\u00e7os de teste Diabete-ezy n\u00e3o cont\u00eam \u00e1lcool e s\u00e3o usados para remover res\u00edduos de alimentos e sujeira antes de um teste de glicose no sangue e excesso de sangue ap\u00f3s o teste.<\/p>","protected":false},"featured_media":53605,"comment_status":"open","ping_status":"closed","template":"","meta":[],"product_brand":[],"product_cat":[88],"product_tag":[292],"class_list":{"0":"post-2647","1":"product","2":"type-product","3":"status-publish","4":"has-post-thumbnail","6":"product_cat-diabetes-cleaning-wipes","7":"product_tag-cleaning-wipes","9":"first","10":"instock","11":"taxable","12":"shipping-taxable","13":"purchasable","14":"product-type-simple"},"_links":{"self":[{"href":"https:\/\/www.diabete-ezy.com\/pt\/wp-json\/wp\/v2\/product\/2647","targetHints":{"allow":["GET"]}}],"collection":[{"href":"https:\/\/www.diabete-ezy.com\/pt\/wp-json\/wp\/v2\/product"}],"about":[{"href":"https:\/\/www.diabete-ezy.com\/pt\/wp-json\/wp\/v2\/types\/product"}],"replies":[{"embeddable":true,"href":"https:\/\/www.diabete-ezy.com\/pt\/wp-json\/wp\/v2\/comments?post=2647"}],"wp:featuredmedia":[{"embeddable":true,"href":"https:\/\/www.diabete-ezy.com\/pt\/wp-json\/wp\/v2\/media\/53605"}],"wp:attachment":[{"href":"https:\/\/www.diabete-ezy.com\/pt\/wp-json\/wp\/v2\/media?parent=2647"}],"wp:term":[{"taxonomy":"product_brand","embeddable":true,"href":"https:\/\/www.diabete-ezy.com\/pt\/wp-json\/wp\/v2\/product_brand?post=2647"},{"taxonomy":"product_cat","embeddable":true,"href":"https:\/\/www.diabete-ezy.com\/pt\/wp-json\/wp\/v2\/product_cat?post=2647"},{"taxonomy":"product_tag","embeddable":true,"href":"https:\/\/www.diabete-ezy.com\/pt\/wp-json\/wp\/v2\/product_tag?post=2647"}],"curies":[{"name":"wp","href":"https:\/\/api.w.org\/{rel}","templated":true}]}}