{"id":2661,"date":"2019-10-04T22:03:44","date_gmt":"2019-10-04T12:03:44","guid":{"rendered":"https:\/\/www.diabete-ezy.com\/?post_type=product&#038;p=2661"},"modified":"2025-10-07T17:11:37","modified_gmt":"2025-10-07T07:11:37","slug":"etiqueta-de-alerta-medi-para-caes","status":"publish","type":"product","link":"https:\/\/www.diabete-ezy.com\/pt\/produtos\/etiqueta-de-alerta-medi-para-caes\/","title":{"rendered":"Dog Tag de alerta m\u00e9dico"},"content":{"rendered":"<div class=\"wpb-content-wrapper\"><p><a href=\"https:\/\/www.diabete-ezy.com\/wp-content\/uploads\/2021\/03\/Screen-Shot-2021-03-02-at-3.44.54-PM.jpg\"><img decoding=\"async\" class=\"alignnone size-medium wp-image-32224\" src=\"https:\/\/www.diabete-ezy.com\/wp-content\/uploads\/2021\/03\/Screen-Shot-2021-03-02-at-3.44.54-PM-300x300.jpg\" alt=\"Dog Tag de alerta m\u00e9dico\" width=\"300\" height=\"300\" \/><\/a><div class=\"vc_row wpb_row row top-row wpb_custom_034b39d9bc6c6b310d69e39f0ccf274f\"><div class=\"vc_column_container col-md-12\"><div class=\"wpb_wrapper vc_column-inner\">\r\n\t<div class=\"wpb_text_column wpb_content_element wpb_custom_7c91d232724f73626cc933bd95b25ff0\" >\r\n\t\t<div class=\"wpb_wrapper\">\r\n\t\t\t<p>As Dog Tags Medi-alert para Diabete-ezy s\u00e3o semelhantes \u00e0s dog tags militares. As etiquetas s\u00e3o feitas de a\u00e7o inoxid\u00e1vel leve, o que as torna \u00f3timas para pessoas de todas as idades, principalmente aquelas que s\u00e3o ativas.<\/p>\n<p>A primeira etiqueta tem o logotipo Diabete-ezy estampado no a\u00e7o inoxid\u00e1vel, enquanto a outra etiqueta diz \u201cEU TENHO DIABETES. EM UMA EMERG\u00caNCIA TELEFONE UMA AMBUL\u00c2NCIA\u201c. Acima disso, h\u00e1 espa\u00e7o suficiente para que um gravador adicione seu nome ou se voc\u00ea tem diabetes tipo 1 ou tipo 2, se desejar.<\/p>\n<p>As Dog Tags Medi-alert s\u00e3o adequadas para uso em todo o mundo.<\/p>\n\r\n\t\t<\/div>\r\n\t<\/div>\r\n<\/div><\/div><\/div>\n<\/div>","protected":false},"excerpt":{"rendered":"<p>As Dog Tags Diabetes Medi-alert da Diabete-ezy s\u00e3o uma maneira simples de informar outras pessoas que voc\u00ea tem diabetes em uma emerg\u00eancia. Eles s\u00e3o uma \u00f3tima forma de identifica\u00e7\u00e3o do diabetes.<\/p>","protected":false},"featured_media":32224,"comment_status":"open","ping_status":"closed","template":"","meta":[],"product_brand":[],"product_cat":[106],"product_tag":[271,398],"class_list":{"0":"post-2661","1":"product","2":"type-product","3":"status-publish","4":"has-post-thumbnail","6":"product_cat-dog-tags","7":"product_tag-diabetes-management","8":"product_tag-medical-id","10":"first","11":"instock","12":"taxable","13":"shipping-taxable","14":"purchasable","15":"product-type-simple"},"_links":{"self":[{"href":"https:\/\/www.diabete-ezy.com\/pt\/wp-json\/wp\/v2\/product\/2661","targetHints":{"allow":["GET"]}}],"collection":[{"href":"https:\/\/www.diabete-ezy.com\/pt\/wp-json\/wp\/v2\/product"}],"about":[{"href":"https:\/\/www.diabete-ezy.com\/pt\/wp-json\/wp\/v2\/types\/product"}],"replies":[{"embeddable":true,"href":"https:\/\/www.diabete-ezy.com\/pt\/wp-json\/wp\/v2\/comments?post=2661"}],"wp:featuredmedia":[{"embeddable":true,"href":"https:\/\/www.diabete-ezy.com\/pt\/wp-json\/wp\/v2\/media\/32224"}],"wp:attachment":[{"href":"https:\/\/www.diabete-ezy.com\/pt\/wp-json\/wp\/v2\/media?parent=2661"}],"wp:term":[{"taxonomy":"product_brand","embeddable":true,"href":"https:\/\/www.diabete-ezy.com\/pt\/wp-json\/wp\/v2\/product_brand?post=2661"},{"taxonomy":"product_cat","embeddable":true,"href":"https:\/\/www.diabete-ezy.com\/pt\/wp-json\/wp\/v2\/product_cat?post=2661"},{"taxonomy":"product_tag","embeddable":true,"href":"https:\/\/www.diabete-ezy.com\/pt\/wp-json\/wp\/v2\/product_tag?post=2661"}],"curies":[{"name":"wp","href":"https:\/\/api.w.org\/{rel}","templated":true}]}}