{"id":2677,"date":"2019-10-04T22:35:27","date_gmt":"2019-10-04T12:35:27","guid":{"rendered":"https:\/\/www.diabete-ezy.com\/?post_type=product&#038;p=2677"},"modified":"2025-10-07T17:08:17","modified_gmt":"2025-10-07T07:08:17","slug":"livro-de-registro-da-bomba","status":"publish","type":"product","link":"https:\/\/www.diabete-ezy.com\/pt\/produtos\/livro-de-registro-da-bomba\/","title":{"rendered":"Livro de registro de registro da bomba"},"content":{"rendered":"<div class=\"wpb-content-wrapper\"><div class=\"vc_row wpb_row row top-row wpb_custom_034b39d9bc6c6b310d69e39f0ccf274f\"><div class=\"vc_column_container col-md-12\"><div class=\"wpb_wrapper vc_column-inner\">\r\n\t<div class=\"wpb_text_column wpb_content_element wpb_custom_7c91d232724f73626cc933bd95b25ff0\" >\r\n\t\t<div class=\"wpb_wrapper\">\r\n\t\t\t<p>O Pump Log Record Book \u00e9 muito \u00fatil para acompanhar sua rotina di\u00e1ria, pois muitas coisas influenciam seu corpo quando voc\u00ea tem diabetes. O tipo e a quantidade de alimentos que voc\u00ea ingere, os exerc\u00edcios que voc\u00ea faz, os hor\u00e1rios em que voc\u00ea testa seu n\u00edvel de glicose no sangue, faz suas refei\u00e7\u00f5es e a quantidade de medicamentos que voc\u00ea toma afetam seu corpo de maneiras diferentes. Se voc\u00ea registrar esse tipo de informa\u00e7\u00e3o, come\u00e7ar\u00e1 a entender como todas essas coisas podem se combinar e afetar seu corpo. Este conhecimento permitir\u00e1 que voc\u00ea compreenda melhor como voc\u00ea pode controlar seu diabetes da melhor maneira poss\u00edvel. O livro de registo da bomba tamb\u00e9m lhe permite registar todas as informa\u00e7\u00f5es relevantes necess\u00e1rias para gerir a sua bomba para diabetes com a maior precis\u00e3o poss\u00edvel.<\/p>\n<p><strong>O que h\u00e1 dentro?<\/strong><\/p>\n<p>O Pump Log Record Book permite registrar:<\/p>\n<ul>\n<li>At\u00e9 7 vezes de teste por dia.<\/li>\n<li>N\u00edveis de glicose no sangue.<\/li>\n<li>Tipo de alimento que foi consumido.<\/li>\n<li>Valor total de carboidratos dos alimentos consumidos.<\/li>\n<li>Medica\u00e7\u00e3o sugerida para alimenta\u00e7\u00e3o.<\/li>\n<li>Dose de corre\u00e7\u00e3o.<\/li>\n<li>Medica\u00e7\u00e3o ou atividade ativa.<\/li>\n<li>Bolus de refei\u00e7\u00e3o total.<\/li>\n<li>Altera\u00e7\u00f5es nas taxas de bolus e basais.<\/li>\n<li>2 meses de informa\u00e7\u00f5es.<\/li>\n<\/ul>\n<div id=\"gtx-trans\" style=\"position: absolute; left: 113px; top: 374px;\">\n<div class=\"gtx-trans-icon\"><\/div>\n<\/div>\n<div id=\"gtx-trans\" style=\"position: absolute; left: 113px; top: 374px;\">\n<div class=\"gtx-trans-icon\"><\/div>\n<\/div>\n\r\n\t\t<\/div>\r\n\t<\/div>\r\n<\/div><\/div><\/div>\n<\/div>","protected":false},"excerpt":{"rendered":"<p>O Pump Log Record Book \u00e9 \u00fatil para usu\u00e1rios de bombas para diabetes acompanharem sua rotina e padr\u00f5es di\u00e1rios para ajudar no controle eficaz do diabetes.<\/p>","protected":false},"featured_media":53643,"comment_status":"open","ping_status":"closed","template":"","meta":[],"product_brand":[],"product_cat":[105],"product_tag":[271,286,287],"class_list":{"0":"post-2677","1":"product","2":"type-product","3":"status-publish","4":"has-post-thumbnail","6":"product_cat-log-books","7":"product_tag-diabetes-management","8":"product_tag-log-book","9":"product_tag-record-book","11":"first","12":"instock","13":"taxable","14":"shipping-taxable","15":"purchasable","16":"product-type-simple"},"_links":{"self":[{"href":"https:\/\/www.diabete-ezy.com\/pt\/wp-json\/wp\/v2\/product\/2677","targetHints":{"allow":["GET"]}}],"collection":[{"href":"https:\/\/www.diabete-ezy.com\/pt\/wp-json\/wp\/v2\/product"}],"about":[{"href":"https:\/\/www.diabete-ezy.com\/pt\/wp-json\/wp\/v2\/types\/product"}],"replies":[{"embeddable":true,"href":"https:\/\/www.diabete-ezy.com\/pt\/wp-json\/wp\/v2\/comments?post=2677"}],"wp:featuredmedia":[{"embeddable":true,"href":"https:\/\/www.diabete-ezy.com\/pt\/wp-json\/wp\/v2\/media\/53643"}],"wp:attachment":[{"href":"https:\/\/www.diabete-ezy.com\/pt\/wp-json\/wp\/v2\/media?parent=2677"}],"wp:term":[{"taxonomy":"product_brand","embeddable":true,"href":"https:\/\/www.diabete-ezy.com\/pt\/wp-json\/wp\/v2\/product_brand?post=2677"},{"taxonomy":"product_cat","embeddable":true,"href":"https:\/\/www.diabete-ezy.com\/pt\/wp-json\/wp\/v2\/product_cat?post=2677"},{"taxonomy":"product_tag","embeddable":true,"href":"https:\/\/www.diabete-ezy.com\/pt\/wp-json\/wp\/v2\/product_tag?post=2677"}],"curies":[{"name":"wp","href":"https:\/\/api.w.org\/{rel}","templated":true}]}}