{"id":2423,"date":"2019-10-03T22:10:47","date_gmt":"2019-10-03T12:10:47","guid":{"rendered":"https:\/\/www.diabete-ezy.com\/?post_type=product&#038;p=2423"},"modified":"2025-12-10T18:07:59","modified_gmt":"2025-12-10T08:07:59","slug":"3pk-bekvamt-pumpbalte","status":"publish","type":"product","link":"https:\/\/www.diabete-ezy.com\/sv\/produkt\/3pk-bekvamt-pumpbalte\/","title":{"rendered":"3-pack Comfy-pump Diabetes pumpb\u00e4lten"},"content":{"rendered":"<div class=\"wpb-content-wrapper\"><div class=\"vc_row wpb_row row top-row m-b-md wpb_custom_034b39d9bc6c6b310d69e39f0ccf274f\"><div class=\"vc_column_container col-md-12\"><div class=\"wpb_wrapper vc_column-inner\">\r\n\t<div class=\"wpb_text_column wpb_content_element wpb_custom_7c91d232724f73626cc933bd95b25ff0\" >\r\n\t\t<div class=\"wpb_wrapper\">\r\n\t\t\t<p>Comfy Pump Diabetes pumpb\u00e4lten \u00e4r gjorda av h\u00f6gkvalitativt lycra\/nylontyg som sitter t\u00e4tt runt din midja\/h\u00f6fter. Varje b\u00e4lte har ett antal fickor, som g\u00f6r att du kan placera diabetespumpen var den passar dig. I de extra fickorna kan du b\u00e4ra mat f\u00f6r hypobehandling, extrautrustning, en mobiltelefon eller till och med pengar.<\/p>\n<p>Liknande produkter p\u00e5 marknaden \u00e4r restriktiva, obekv\u00e4ma och l\u00e4mnar en ganska synlig utbuktning under din skjorta. Men Comfy Pump-b\u00e4lten \u00e4r s\u00e5 bekv\u00e4ma och subtila att du gl\u00f6mmer att det \u00e4r d\u00e4r och andra kommer inte ens att m\u00e4rka det!<\/p>\n<p><strong>L\u00e4mplig f\u00f6r pumpar inklusive, men inte begr\u00e4nsat till:<\/strong><\/p>\n<ul>\n<li>Ypsomed<\/li>\n<li>Medtronic MiniMed 670G\/640G<\/li>\n<li>Tandem T-Slim<\/li>\n<li>Accu-Chek Solo<\/li>\n<li>Paradigm Veo<\/li>\n<\/ul>\n\r\n\t\t<\/div>\r\n\t<\/div>\r\n<\/div><\/div><\/div>\n<\/div>","protected":false},"excerpt":{"rendered":"<p>Diabete-ezy Comfy-pump Diabetes pumpb\u00e4lten \u00e4r bekv\u00e4ma och l\u00e4tta och sitter t\u00e4tt runt midjan vilket g\u00f6r att du diskret kan b\u00e4ra din diabetespump.<\/p>\n<p>&nbsp;<\/p>\n<ul>\n<li>k\u00f6pa <a href=\"https:\/\/www.diabete-ezy.com\/sv\/comfy-pump-insulin-belt\/\">1 b\u00e4lte med bekv\u00e4m pump<\/a>.<\/li>\n<li>k\u00f6pa <a href=\"https:\/\/www.diabete-ezy.com\/sv\/2pk-bekvamt-pumpbalte\/\">2-pack paket<\/a> och f\u00e5 rabatt!<\/li>\n<\/ul>","protected":false},"featured_media":53611,"comment_status":"open","ping_status":"closed","template":"","meta":[],"product_brand":[],"product_cat":[90],"product_tag":[196],"class_list":{"0":"post-2423","1":"product","2":"type-product","3":"status-publish","4":"has-post-thumbnail","6":"product_cat-insulin-pump-accessories","7":"product_tag-insulin-pump-accesories","9":"first","10":"instock","11":"taxable","12":"shipping-taxable","13":"purchasable","14":"product-type-variable","15":"has-default-attributes"},"_links":{"self":[{"href":"https:\/\/www.diabete-ezy.com\/sv\/wp-json\/wp\/v2\/product\/2423","targetHints":{"allow":["GET"]}}],"collection":[{"href":"https:\/\/www.diabete-ezy.com\/sv\/wp-json\/wp\/v2\/product"}],"about":[{"href":"https:\/\/www.diabete-ezy.com\/sv\/wp-json\/wp\/v2\/types\/product"}],"replies":[{"embeddable":true,"href":"https:\/\/www.diabete-ezy.com\/sv\/wp-json\/wp\/v2\/comments?post=2423"}],"wp:featuredmedia":[{"embeddable":true,"href":"https:\/\/www.diabete-ezy.com\/sv\/wp-json\/wp\/v2\/media\/53611"}],"wp:attachment":[{"href":"https:\/\/www.diabete-ezy.com\/sv\/wp-json\/wp\/v2\/media?parent=2423"}],"wp:term":[{"taxonomy":"product_brand","embeddable":true,"href":"https:\/\/www.diabete-ezy.com\/sv\/wp-json\/wp\/v2\/product_brand?post=2423"},{"taxonomy":"product_cat","embeddable":true,"href":"https:\/\/www.diabete-ezy.com\/sv\/wp-json\/wp\/v2\/product_cat?post=2423"},{"taxonomy":"product_tag","embeddable":true,"href":"https:\/\/www.diabete-ezy.com\/sv\/wp-json\/wp\/v2\/product_tag?post=2423"}],"curies":[{"name":"wp","href":"https:\/\/api.w.org\/{rel}","templated":true}]}}