{"id":2501,"date":"2019-10-03T22:45:33","date_gmt":"2019-10-03T12:45:33","guid":{"rendered":"https:\/\/www.diabete-ezy.com\/?post_type=product&#038;p=2501"},"modified":"2025-12-10T18:08:00","modified_gmt":"2025-12-10T08:08:00","slug":"2pk-ezy-view-bekvamt-pumpbalte","status":"publish","type":"product","link":"https:\/\/www.diabete-ezy.com\/sv\/produkt\/2pk-ezy-view-bekvamt-pumpbalte\/","title":{"rendered":"2-pack Ezy-view Comfy-pumpb\u00e4lten"},"content":{"rendered":"<div class=\"wpb-content-wrapper\"><div class=\"vc_row wpb_row row top-row m-b-md wpb_custom_034b39d9bc6c6b310d69e39f0ccf274f\"><div class=\"vc_column_container col-md-12\"><div class=\"wpb_wrapper vc_column-inner\">\r\n\t<div class=\"wpb_text_column wpb_content_element wpb_custom_7c91d232724f73626cc933bd95b25ff0\" >\r\n\t\t<div class=\"wpb_wrapper\">\r\n\t\t\t<p>V\u00e5ra nya Ezy-view Comfy-pump diabetespumpsb\u00e4lten med n\u00e4tpaneler \u00e4r gjorda av samma h\u00f6gkvalitativa Lycra\/Nylon-tyg som sitter t\u00e4tt runt din midja\/h\u00f6fter och har samma fantastiska bekv\u00e4ma och l\u00e4tta egenskaper som det ursprungliga Comfy-pumpb\u00e4ltet , med till\u00e4gg av en mesh-visningspanel. Denna n\u00e4tpanel finns p\u00e5 en av de m\u00e5nga b\u00e4ltesfickorna. Genom att placera din diabetespump i den avsedda n\u00e4tfickan kommer du att kunna se och anv\u00e4nda din pump med l\u00e4tthet. Denna smarta funktion l\u00e5ter dig mata in mat som \u00e4ts och g\u00f6ra korrigeringar diskret, utan att beh\u00f6va ta bort den fr\u00e5n b\u00e4ltet.<\/p>\n<p>Varje b\u00e4lte har ett antal fickor, som g\u00f6r att du kan b\u00e4ra mat f\u00f6r hypobehandling, extrautrustning, en mobiltelefon eller till och med pengar ut\u00f6ver din diabetespump. Antalet fickor i varje b\u00e4lte varierar beroende p\u00e5 storlek (X Small-b\u00e4ltet har 3 fickor, medan X Large har 6).<\/p>\n<p>Liknande produkter p\u00e5 marknaden \u00e4r restriktiva, obekv\u00e4ma och l\u00e4mnar en ganska synlig utbuktning under din skjorta. Men Ezy-view Comfy-pumpb\u00e4lten \u00e4r s\u00e5 bekv\u00e4ma och subtila att du gl\u00f6mmer att det \u00e4r d\u00e4r och andra kommer inte ens att m\u00e4rka det!<\/p>\n<p><strong>F\u00e4rger<\/strong><\/p>\n<p>Finns i svart och nude. B\u00e5da f\u00e4rgerna har en visningspanel i svart n\u00e4t, designad f\u00f6r \u00f6kad visning.<\/p>\n<p><strong>L\u00e4mplig f\u00f6r pumpar inklusive, men inte begr\u00e4nsat till:<\/strong><\/p>\n<ul>\n<li>Ypsomed<\/li>\n<li>Medtronic MiniMed 670G\/640G<\/li>\n<li>Tandem T-Slim<\/li>\n<li>Accu-Chek Solo<\/li>\n<li>Paradigm Veo<\/li>\n<\/ul>\n\r\n\t\t<\/div>\r\n\t<\/div>\r\n<\/div><\/div><\/div>\n<\/div>","protected":false},"excerpt":{"rendered":"<p>Ezy-View Comfy-pump Diabetes Pump Belt har en sk\u00e4rmpanel i mesh som sitter t\u00e4tt runt din midja\/h\u00f6fter och som bekv\u00e4mt b\u00e4r din diabetespump.<\/p>\n<p>&nbsp;<\/p>\n<ul>\n<li>k\u00f6pa <a href=\"https:\/\/www.diabete-ezy.com\/sv\/ezy-view-pumprem\/\">1 Ezy-view Comfy-pump b\u00e4lte<\/a>.<\/li>\n<li>k\u00f6pa <a href=\"https:\/\/www.diabete-ezy.com\/sv\/3pk-ezy-view-bekvamt-pumpbalte\/\">3-pack paket<\/a> och f\u00e5 rabatt!<\/li>\n<\/ul>","protected":false},"featured_media":53632,"comment_status":"open","ping_status":"closed","template":"","meta":[],"product_brand":[],"product_cat":[90],"product_tag":[196],"class_list":{"0":"post-2501","1":"product","2":"type-product","3":"status-publish","4":"has-post-thumbnail","6":"product_cat-insulin-pump-accessories","7":"product_tag-insulin-pump-accesories","9":"first","10":"instock","11":"taxable","12":"shipping-taxable","13":"purchasable","14":"product-type-variable"},"_links":{"self":[{"href":"https:\/\/www.diabete-ezy.com\/sv\/wp-json\/wp\/v2\/product\/2501","targetHints":{"allow":["GET"]}}],"collection":[{"href":"https:\/\/www.diabete-ezy.com\/sv\/wp-json\/wp\/v2\/product"}],"about":[{"href":"https:\/\/www.diabete-ezy.com\/sv\/wp-json\/wp\/v2\/types\/product"}],"replies":[{"embeddable":true,"href":"https:\/\/www.diabete-ezy.com\/sv\/wp-json\/wp\/v2\/comments?post=2501"}],"wp:featuredmedia":[{"embeddable":true,"href":"https:\/\/www.diabete-ezy.com\/sv\/wp-json\/wp\/v2\/media\/53632"}],"wp:attachment":[{"href":"https:\/\/www.diabete-ezy.com\/sv\/wp-json\/wp\/v2\/media?parent=2501"}],"wp:term":[{"taxonomy":"product_brand","embeddable":true,"href":"https:\/\/www.diabete-ezy.com\/sv\/wp-json\/wp\/v2\/product_brand?post=2501"},{"taxonomy":"product_cat","embeddable":true,"href":"https:\/\/www.diabete-ezy.com\/sv\/wp-json\/wp\/v2\/product_cat?post=2501"},{"taxonomy":"product_tag","embeddable":true,"href":"https:\/\/www.diabete-ezy.com\/sv\/wp-json\/wp\/v2\/product_tag?post=2501"}],"curies":[{"name":"wp","href":"https:\/\/api.w.org\/{rel}","templated":true}]}}