{"id":2521,"date":"2019-10-03T23:17:39","date_gmt":"2019-10-03T13:17:39","guid":{"rendered":"https:\/\/www.diabete-ezy.com\/?post_type=product&#038;p=2521"},"modified":"2025-12-10T18:08:00","modified_gmt":"2025-12-10T08:08:00","slug":"strumpebandspump-diabetes-band","status":"publish","type":"product","link":"https:\/\/www.diabete-ezy.com\/sv\/produkt\/strumpebandspump-diabetes-band\/","title":{"rendered":"Strumpebandspump \u2013 Diabetes Pump Band"},"content":{"rendered":"<div class=\"wpb-content-wrapper\"><div class=\"vc_row wpb_row row top-row m-b-md wpb_custom_034b39d9bc6c6b310d69e39f0ccf274f\"><div class=\"vc_column_container col-md-12\"><div class=\"wpb_wrapper vc_column-inner\">\r\n\t<div class=\"wpb_text_column wpb_content_element wpb_custom_7c91d232724f73626cc933bd95b25ff0\" >\r\n\t\t<div class=\"wpb_wrapper\">\r\n\t\t\t<p>Bekv\u00e4ma, diskreta och l\u00e4tta att s\u00e4kra, v\u00e5ra strumpebands-pumpband erbjuder en enkel l\u00f6sning f\u00f6r att b\u00e4ra en kl\u00e4nning och en diabetespump samtidigt. Strumpebandspumpen b\u00e4rs runt l\u00e5ret och f\u00e4sts med elastiska remmar som enkelt och subtilt viks \u00f6ver dina underkl\u00e4der.<\/p>\n<p><strong>Storlekar och f\u00e4rger<\/strong><\/p>\n<p>En storlek passar de flesta, med minsta l\u00e5rm\u00e5tt p\u00e5 47cm. Diabete-ezy Strumpebandspumpsband finns i svart och nude.<\/p>\n<p>L\u00e4mplig f\u00f6r produkter inklusive, men inte begr\u00e4nsat till:<\/p>\n<ul>\n<li>Ypsomed<\/li>\n<li>Medtronic MiniMed 670G\/640G<\/li>\n<li>Tandem T-Slim<\/li>\n<li>Accu-Chek Solo<\/li>\n<li>Paradigm Veo<\/li>\n<\/ul>\n\r\n\t\t<\/div>\r\n\t<\/div>\r\n<\/div><\/div><\/div>\n<\/div>","protected":false},"excerpt":{"rendered":"<p>Bekv\u00e4mt, diskret och l\u00e4tt att s\u00e4kra, v\u00e5rt strumpeband-pump Diabetes Pump-band erbjuder en enkel l\u00f6sning f\u00f6r att b\u00e4ra en kl\u00e4nning och en diabetespump samtidigt.<\/p>","protected":false},"featured_media":53609,"comment_status":"open","ping_status":"closed","template":"","meta":[],"product_brand":[],"product_cat":[90],"product_tag":[196],"class_list":{"0":"post-2521","1":"product","2":"type-product","3":"status-publish","4":"has-post-thumbnail","6":"product_cat-insulin-pump-accessories","7":"product_tag-insulin-pump-accesories","9":"first","10":"instock","11":"taxable","12":"shipping-taxable","13":"purchasable","14":"product-type-variable"},"_links":{"self":[{"href":"https:\/\/www.diabete-ezy.com\/sv\/wp-json\/wp\/v2\/product\/2521","targetHints":{"allow":["GET"]}}],"collection":[{"href":"https:\/\/www.diabete-ezy.com\/sv\/wp-json\/wp\/v2\/product"}],"about":[{"href":"https:\/\/www.diabete-ezy.com\/sv\/wp-json\/wp\/v2\/types\/product"}],"replies":[{"embeddable":true,"href":"https:\/\/www.diabete-ezy.com\/sv\/wp-json\/wp\/v2\/comments?post=2521"}],"wp:featuredmedia":[{"embeddable":true,"href":"https:\/\/www.diabete-ezy.com\/sv\/wp-json\/wp\/v2\/media\/53609"}],"wp:attachment":[{"href":"https:\/\/www.diabete-ezy.com\/sv\/wp-json\/wp\/v2\/media?parent=2521"}],"wp:term":[{"taxonomy":"product_brand","embeddable":true,"href":"https:\/\/www.diabete-ezy.com\/sv\/wp-json\/wp\/v2\/product_brand?post=2521"},{"taxonomy":"product_cat","embeddable":true,"href":"https:\/\/www.diabete-ezy.com\/sv\/wp-json\/wp\/v2\/product_cat?post=2521"},{"taxonomy":"product_tag","embeddable":true,"href":"https:\/\/www.diabete-ezy.com\/sv\/wp-json\/wp\/v2\/product_tag?post=2521"}],"curies":[{"name":"wp","href":"https:\/\/api.w.org\/{rel}","templated":true}]}}