{"id":2537,"date":"2019-10-03T23:40:52","date_gmt":"2019-10-03T13:40:52","guid":{"rendered":"https:\/\/www.diabete-ezy.com\/?post_type=product&#038;p=2537"},"modified":"2025-12-10T18:12:44","modified_gmt":"2025-12-10T08:12:44","slug":"multivardspaket","status":"publish","type":"product","link":"https:\/\/www.diabete-ezy.com\/sv\/produkt\/multivardspaket\/","title":{"rendered":"Multi-care Pack"},"content":{"rendered":"<div class=\"wpb-content-wrapper\"><div class=\"vc_row wpb_row row top-row m-b-md wpb_custom_034b39d9bc6c6b310d69e39f0ccf274f\"><div class=\"vc_column_container col-md-12\"><div class=\"wpb_wrapper vc_column-inner\">\r\n\t<div class=\"wpb_text_column wpb_content_element wpb_custom_7c91d232724f73626cc933bd95b25ff0\" >\r\n\t\t<div class=\"wpb_wrapper\">\r\n\t\t\t<p><strong>vad ing\u00e5r<\/strong><\/p>\n<p>Diabete-ezy Multi-care Pack Pack inneh\u00e5ller:<\/p>\n<ul>\n<li>1 x Diabete-ezy Multi-fit fodral<\/li>\n<\/ul>\n<p>Multi-fit fodral \u00e4r l\u00e4mpliga f\u00f6r b\u00e5de typ 1 och 2 diabetiker. Ytterfodralet \u00e4r tillverkat av ett tufft material som \u00e4r l\u00e4tt att reng\u00f6ra med ett \u00f6glehandtag, medan kardborre och elastiska detaljer anv\u00e4nds f\u00f6r att h\u00e5lla utrustningen p\u00e5 plats.<\/p>\n<ul>\n<li>1 x Diabete-ezy Comfy-pumpb\u00e4lte<\/li>\n<\/ul>\n<p>Comfy-pumpb\u00e4lten \u00e4r bekv\u00e4ma och l\u00e4tta. De sitter t\u00e4tt runt din midja\/h\u00f6fter s\u00e5 att du diskret kan b\u00e4ra din diabetespump under dina kl\u00e4der i en av deras inbyggda fickor.<\/p>\n<ul>\n<li>1 x Diabete-ezy Test-wipe startpaket<\/li>\n<\/ul>\n<p>Diabete-ezy testservetter \u00e4r alkoholfria och anv\u00e4nds f\u00f6r att ta bort mat- och smutsrester f\u00f6re ett blodsockertest och \u00f6verfl\u00f6digt blod efter testet. Startpaket levereras kompletta med en l\u00e4ttanv\u00e4nd dispenserl\u00e5da och 100 testservetter f\u00f6r att s\u00e4kerst\u00e4lla ett tillf\u00f6rlitligt blodsockertest, oavsett var du \u00e4r.<\/p>\n<ul>\n<li>1 x Diabete-ezy Test-wipe Refill Pack<\/li>\n<\/ul>\n<p>Refill Packs best\u00e5r av 8 x 25 v\u00e5tservetter vilket \u00e4r totalt 200 v\u00e5tservetter. Dessa 8 p\u00e5fyllningsbeh\u00e5llare \u00e4r folief\u00f6rseglade f\u00f6r att s\u00e4kerst\u00e4lla att dukarna f\u00f6rblir fuktiga tills de beh\u00f6vs.<\/p>\n<ul>\n<li>1 x Diabete-ezy Pump-loggbok<\/li>\n<\/ul>\n<p>Pumploggboken \u00e4r mycket anv\u00e4ndbar f\u00f6r diabetespumpanv\u00e4ndare att h\u00e5lla reda p\u00e5 sin dagliga rutin och m\u00f6nster f\u00f6r att hj\u00e4lpa till med effektiv diabeteshantering.<\/p>\n<p>Fodralet passar de flesta blodsockerm\u00e4tare, inklusive:<\/p>\n<ul>\n<li>Abbott, Optium Xceed, Onetouch, Freestyle, Accu-Check, Fora 6 Connect, Dario LC, OneTouch Ultra, Caretouch, Prodigy Voice, Auvon, True medtric, Accutrend, Contour Next och andra blodsockerl\u00e4sare av liknande storlek, a, Integra, Go , Senso Card, CareSens, TrueTrack<\/li>\n<\/ul>\n\r\n\t\t<\/div>\r\n\t<\/div>\r\n<\/div><\/div><\/div>\n<\/div>","protected":false},"excerpt":{"rendered":"<p>Hj\u00e4lp till att b\u00e4ttre hantera din diabetes med Multi-care-paketet som inneh\u00e5ller ett multipassfodral, ett bekv\u00e4mt pumpb\u00e4lte, testservetter och en diabetesbok.<\/p>","protected":false},"featured_media":53571,"comment_status":"open","ping_status":"closed","template":"","meta":[],"product_brand":[],"product_cat":[86,88,90,105,107],"product_tag":[196],"class_list":{"0":"post-2537","1":"product","2":"type-product","3":"status-publish","4":"has-post-thumbnail","6":"product_cat-diabetes-cases","7":"product_cat-diabetes-cleaning-wipes","8":"product_cat-insulin-pump-accessories","9":"product_cat-log-books","10":"product_cat-specials","11":"product_tag-insulin-pump-accesories","13":"first","14":"instock","15":"sale","16":"taxable","17":"shipping-taxable","18":"purchasable","19":"product-type-variable"},"_links":{"self":[{"href":"https:\/\/www.diabete-ezy.com\/sv\/wp-json\/wp\/v2\/product\/2537","targetHints":{"allow":["GET"]}}],"collection":[{"href":"https:\/\/www.diabete-ezy.com\/sv\/wp-json\/wp\/v2\/product"}],"about":[{"href":"https:\/\/www.diabete-ezy.com\/sv\/wp-json\/wp\/v2\/types\/product"}],"replies":[{"embeddable":true,"href":"https:\/\/www.diabete-ezy.com\/sv\/wp-json\/wp\/v2\/comments?post=2537"}],"wp:featuredmedia":[{"embeddable":true,"href":"https:\/\/www.diabete-ezy.com\/sv\/wp-json\/wp\/v2\/media\/53571"}],"wp:attachment":[{"href":"https:\/\/www.diabete-ezy.com\/sv\/wp-json\/wp\/v2\/media?parent=2537"}],"wp:term":[{"taxonomy":"product_brand","embeddable":true,"href":"https:\/\/www.diabete-ezy.com\/sv\/wp-json\/wp\/v2\/product_brand?post=2537"},{"taxonomy":"product_cat","embeddable":true,"href":"https:\/\/www.diabete-ezy.com\/sv\/wp-json\/wp\/v2\/product_cat?post=2537"},{"taxonomy":"product_tag","embeddable":true,"href":"https:\/\/www.diabete-ezy.com\/sv\/wp-json\/wp\/v2\/product_tag?post=2537"}],"curies":[{"name":"wp","href":"https:\/\/api.w.org\/{rel}","templated":true}]}}