{"id":2551,"date":"2019-10-04T01:27:13","date_gmt":"2019-10-03T15:27:13","guid":{"rendered":"https:\/\/www.diabete-ezy.com\/?post_type=product&#038;p=2551"},"modified":"2025-12-10T18:14:03","modified_gmt":"2025-12-10T08:14:03","slug":"ezy-fit-fodral","status":"publish","type":"product","link":"https:\/\/www.diabete-ezy.com\/sv\/produkt\/ezy-fit-fodral\/","title":{"rendered":"Ezy-fit fodral"},"content":{"rendered":"<div class=\"wpb-content-wrapper\"><div class=\"vc_row wpb_row row top-row m-b-md wpb_custom_034b39d9bc6c6b310d69e39f0ccf274f\"><div class=\"vc_column_container col-md-12\"><div class=\"wpb_wrapper vc_column-inner\">\r\n\t<div class=\"wpb_text_column wpb_content_element wpb_custom_7c91d232724f73626cc933bd95b25ff0\" >\r\n\t\t<div class=\"wpb_wrapper\">\r\n\t\t\t<p>Ezy-fit-v\u00e4skan b\u00e4r alla dina dagliga diabetesbehov p\u00e5 ett st\u00e4lle. Ytterh\u00f6ljet \u00e4r tillverkat av ett slitstarkt, l\u00e4tt att reng\u00f6ra, h\u00e5rt skalmaterial. Fodralets inre funktioner inkluderar h\u00f6lje f\u00f6r en journalbok, penna, personlig hanteringsplan i kortstorlek, 2 x pennn\u00e5lar, dispenser f\u00f6r testservetter, BGL-m\u00e4tare, lansettanordning, teststickor, p\u00e5fyllning av n\u00e5lspetsar, lansetter och ett fack f\u00f6r skr\u00e4p och annan utrustning.<\/p>\n<p>Fodralet passar de flesta blodsockerm\u00e4tare, inklusive:<\/p>\n<ul>\n<li>Abbott, Optium Xceed, Onetouch, Freestyle, Accu-Check, Fora 6 Connect, Dario LC, OneTouch Ultra, Caretouch, Prodigy Voice, Auvon, True medtric, Accutrend, Contour Next och andra blodsockerl\u00e4sare av liknande storlek, a, Integra, Go , Senso Card, CareSens, TrueTrack<\/li>\n<\/ul>\n\r\n\t\t<\/div>\r\n\t<\/div>\r\n\r\n\t<div class=\"wpb_single_image wpb_content_element vc_align_center wpb_content_element  wpb_custom_81a4f7ef9830bf958462581aa01150fb\"><div class=\"wpb_wrapper\">\r\n\t\t\t\r\n\t\t\t<div class=\"vc_single_image-wrapper vc_box_shadow_border  vc_box_border_grey\"><img decoding=\"async\" data-vc-zoom=\"https:\/\/www.diabete-ezy.com\/wp-content\/uploads\/2019\/10\/Ezy-fit-Case-with-labels.jpg\" width=\"600\" height=\"455\" src=\"https:\/\/www.diabete-ezy.com\/wp-content\/uploads\/2019\/10\/Ezy-fit-Case-with-labels.jpg\" class=\"vc_single_image-img attachment-full\" alt=\"\" title=\"Ezy-fit-fodral-med-etiketter\" srcset=\"https:\/\/www.diabete-ezy.com\/wp-content\/uploads\/2019\/10\/Ezy-fit-Case-with-labels.jpg 600w, https:\/\/www.diabete-ezy.com\/wp-content\/uploads\/2019\/10\/Ezy-fit-Case-with-labels-400x303.jpg 400w, https:\/\/www.diabete-ezy.com\/wp-content\/uploads\/2019\/10\/Ezy-fit-Case-with-labels-367x278.jpg 367w\" sizes=\"(max-width: 600px) 100vw, 600px\" \/><\/div>\r\n\t\t<\/div>\r\n\t<\/div>\r\n<\/div><\/div><\/div>\n<\/div>","protected":false},"excerpt":{"rendered":"<p>Ezy-Fit Diabetes-fodralet har alla dina dagliga diabetesbehov p\u00e5 ett st\u00e4lle, vilket hj\u00e4lper till att hantera diabetes...ezy.<\/p>","protected":false},"featured_media":53599,"comment_status":"open","ping_status":"closed","template":"","meta":[],"product_brand":[],"product_cat":[86],"product_tag":[269,270,271],"class_list":{"0":"post-2551","1":"product","2":"type-product","3":"status-publish","4":"has-post-thumbnail","6":"product_cat-diabetes-cases","7":"product_tag-diabetes-bag","8":"product_tag-diabetes-case","9":"product_tag-diabetes-management","11":"first","12":"instock","13":"taxable","14":"shipping-taxable","15":"purchasable","16":"product-type-variable"},"_links":{"self":[{"href":"https:\/\/www.diabete-ezy.com\/sv\/wp-json\/wp\/v2\/product\/2551","targetHints":{"allow":["GET"]}}],"collection":[{"href":"https:\/\/www.diabete-ezy.com\/sv\/wp-json\/wp\/v2\/product"}],"about":[{"href":"https:\/\/www.diabete-ezy.com\/sv\/wp-json\/wp\/v2\/types\/product"}],"replies":[{"embeddable":true,"href":"https:\/\/www.diabete-ezy.com\/sv\/wp-json\/wp\/v2\/comments?post=2551"}],"wp:featuredmedia":[{"embeddable":true,"href":"https:\/\/www.diabete-ezy.com\/sv\/wp-json\/wp\/v2\/media\/53599"}],"wp:attachment":[{"href":"https:\/\/www.diabete-ezy.com\/sv\/wp-json\/wp\/v2\/media?parent=2551"}],"wp:term":[{"taxonomy":"product_brand","embeddable":true,"href":"https:\/\/www.diabete-ezy.com\/sv\/wp-json\/wp\/v2\/product_brand?post=2551"},{"taxonomy":"product_cat","embeddable":true,"href":"https:\/\/www.diabete-ezy.com\/sv\/wp-json\/wp\/v2\/product_cat?post=2551"},{"taxonomy":"product_tag","embeddable":true,"href":"https:\/\/www.diabete-ezy.com\/sv\/wp-json\/wp\/v2\/product_tag?post=2551"}],"curies":[{"name":"wp","href":"https:\/\/api.w.org\/{rel}","templated":true}]}}